{"id":5317,"date":"2025-09-22T17:29:51","date_gmt":"2025-09-22T17:29:51","guid":{"rendered":"https:\/\/inof.es\/trabaja-con-inof\/"},"modified":"2025-10-12T17:18:20","modified_gmt":"2025-10-12T17:18:20","slug":"work-with-inof","status":"publish","type":"page","link":"https:\/\/inof.es\/en\/work-with-inof\/","title":{"rendered":"Work with INOF"},"content":{"rendered":"<div class=\"wpb-content-wrapper\">[vc_row full_width=&#8221;stretch_row&#8221; content_placement=&#8221;middle&#8221; parallax=&#8221;content-moving&#8221; css=&#8221;.vc_custom_1758562138422{background-image: url(https:\/\/inof.es\/wp-content\/uploads\/2025\/09\/trabaja-con-inof.jpg?id=5235) !important;background-position: center;background-repeat: no-repeat !important;background-size: contain !important;}&#8221; min_height=&#8221;400&#8243; wpex_bg_overlay=&#8221;color&#8221; visibility=&#8221;visible-desktop&#8221;][vc_column width=&#8221;1\/6&#8243;][\/vc_column][vc_column width=&#8221;1\/6&#8243;][\/vc_column][vc_column width=&#8221;1\/6&#8243;][\/vc_column][vc_column width=&#8221;1\/2&#8243;][vc_empty_space height=&#8221;50px&#8221;]<style>.vcex-heading.vcex_69dc6a4081d41{color:#ffffff;font-size:60px;font-family:'Titillium Web';font-weight:600;}@media (max-width:1024px){.vcex-heading.vcex_69dc6a4081d41{font-size:40px;}}@media (max-width:959px){.vcex-heading.vcex_69dc6a4081d41{font-size:40px;}}@media (max-width:767px){.vcex-heading.vcex_69dc6a4081d41{font-size:30px;}}@media (max-width:479px){.vcex-heading.vcex_69dc6a4081d41{font-size:30px;}}<\/style><h1 class=\"vcex-heading vcex-heading-plain vcex-module wpex-heading wpex-text-2xl wpex-text-right vcex_69dc6a4081d41\"><span class=\"vcex-heading-inner wpex-inline-block\">WORK WITH US<\/span><\/h1>[vc_empty_space height=&#8221;50px&#8221;][\/vc_column][\/vc_row][vc_row full_width=&#8221;stretch_row&#8221; parallax=&#8221;content-moving&#8221; css=&#8221;.vc_custom_1758562718891{background-position: center;background-repeat: no-repeat !important;background-size: contain !important;}&#8221; visibility=&#8221;visible-phone&#8221;][vc_column][vc_empty_space height=&#8221;20px&#8221;]<figure class=\"vcex-image vcex-module\"><div class=\"vcex-image-inner wpex-relative wpex-inline-block\"><img width=\"1024\" height=\"396\" src=\"https:\/\/inof.es\/wp-content\/uploads\/2025\/09\/trabaja-con-inof.jpg\" class=\"vcex-image-img wpex-align-middle\" alt=\"Trabaja con INOF\" loading=\"lazy\" decoding=\"async\" srcset=\"https:\/\/inof.es\/wp-content\/uploads\/2025\/09\/trabaja-con-inof.jpg 1024w, https:\/\/inof.es\/wp-content\/uploads\/2025\/09\/trabaja-con-inof-300x116.jpg 300w, https:\/\/inof.es\/wp-content\/uploads\/2025\/09\/trabaja-con-inof-768x297.jpg 768w\" sizes=\"auto, (max-width: 1024px) 100vw, 1024px\" \/><\/div><\/figure>[vc_empty_space height=&#8221;20px&#8221;]<style>.vcex-heading.vcex_69dc6a4089c3f{font-size:60px;font-family:'Titillium Web';font-weight:200;}@media (max-width:1024px){.vcex-heading.vcex_69dc6a4089c3f{font-size:40px;}}@media (max-width:959px){.vcex-heading.vcex_69dc6a4089c3f{font-size:40px;}}@media (max-width:767px){.vcex-heading.vcex_69dc6a4089c3f{font-size:30px;}}@media (max-width:479px){.vcex-heading.vcex_69dc6a4089c3f{font-size:30px;}}<\/style><h1 class=\"vcex-heading vcex-heading-plain vcex-module wpex-heading wpex-text-2xl wpex-text-center vcex_69dc6a4089c3f\"><span class=\"vcex-heading-inner wpex-inline-block\">WORK WITH US<\/span><\/h1>[\/vc_column][\/vc_row][vc_row][vc_column]<div class=\"vcex-spacing wpex-w-100 wpex-clear hidden-phone\" style=\"height:50px;\"><\/div>[vc_column_text css=&#8221;&#8221;]At <strong>INOF \u2013 Ocular Research and Surgery,<\/strong> we believe that healthcare excellence is only possible with qualified, humane and committed professionals. That is why our employees are our most valuable asset.<\/p>\n<p>You will be part of a leading team in private healthcare, with an international vocation, where we are committed to:<\/p>\n<ul>\n<li>Quality care and technology.<\/li>\n<li>\u2060Respect and ethical values.<\/li>\n<li>Continuing training.<\/li>\n<li>Prevention and occupational safety.<\/li>\n<li>Transparent internal communication.<\/li>\n<\/ul>\n[\/vc_column_text][\/vc_column][\/vc_row][vc_row full_width=&#8221;stretch_row&#8221; css=&#8221;.vc_custom_1758558095156{background-color: #EAEAEA !important;}&#8221;][vc_column][vc_empty_space height=&#8221;30px&#8221;][vc_column_text css=&#8221;&#8221; font_size=&#8221;24px&#8221;]\n<p style=\"text-align: center;\">Are you ready to take the next step in your career?<\/p>\n<p style=\"text-align: center;\">Join an environment of innovation, development and personalized patient care.<\/p>\n<p style=\"text-align: center;\"><strong><span style=\"color: #ff0000;\">We are looking for you. Don&#8217;t hesitate to contact us!<\/span><\/strong><\/p>\n[\/vc_column_text][\/vc_column][\/vc_row][vc_row][vc_column]<div class=\"vcex-spacing wpex-w-100 wpex-clear\" style=\"height:30px;\"><\/div>[\/vc_column][\/vc_row][vc_row column_spacing=&#8221;50&#8243;][vc_column width=&#8221;1\/4&#8243; css=&#8221;.vc_custom_1758561354202{border-color: #DD3333 !important;}&#8221;]<div class=\"vcex-spacing wpex-w-100 wpex-clear visible-desktop\" style=\"height:20px;\"><\/div>[vc_column_text css=&#8221;.vc_custom_1760290147603{border-color: #DD3333 !important;}&#8221; font_size=&#8221;20px&#8221;]Consulting rooms Vilana<br \/>\nTeknon Medical Center<br \/>\nof Barcelona[\/vc_column_text]<div class=\"vcex-spacing wpex-w-100 wpex-clear\" style=\"height:30px;\"><\/div><style>.vcex-list_item.vcex_69dc6a408aff8{font-size:16px;}.vcex-list_item.vcex_69dc6a408aff8 .vcex-list-item-icon-inner{color:#de0000;}<\/style><div class=\"vcex-list_item vcex-module wpex-m-0 wpex-max-w-100 wpex-mb-5 vcex_69dc6a408aff8\"><div class=\"vcex-list-item-inner wpex-inline-flex wpex-flex-no-wrap\"><div class=\"vcex-list-item-icon wpex-mr-10\"><div class=\"vcex-list-item-icon-inner vcex-icon-wrap wpex-inline-flex wpex-justify-center wpex-items-center wpex-leading-none wpex-child-inherit-color\"><span class=\"wpex-icon--w wpex-icon\" aria-hidden=\"true\"><svg xmlns=\"http:\/\/www.w3.org\/2000\/svg\" viewBox=\"0 0 18 32\"><path d=\"M13.714 11.429q0-1.893-1.339-3.232t-3.232-1.339-3.232 1.339-1.339 3.232 1.339 3.232 3.232 1.339 3.232-1.339 1.339-3.232zM18.286 11.429q0 1.946-0.589 3.196l-6.5 13.821q-0.286 0.589-0.848 0.929t-1.205 0.339-1.205-0.339-0.83-0.929l-6.518-13.821q-0.589-1.25-0.589-3.196 0-3.786 2.679-6.464t6.464-2.679 6.464 2.679 2.679 6.464z\"><\/path><\/svg><\/span><\/div><\/div><div class=\"vcex-list-item-text vcex-content wpex-flex-grow\">Vilana, 12. First floor, office 159 <\/div><\/div><\/div><style>.vcex-list_item.vcex_69dc6a408bb55{font-size:16px;}.vcex-list_item.vcex_69dc6a408bb55 .vcex-list-item-icon-inner{color:#de0000;}<\/style><div class=\"vcex-list_item vcex-module wpex-m-0 wpex-max-w-100 wpex-mb-5 vcex_69dc6a408bb55\"><div class=\"vcex-list-item-inner wpex-inline-flex wpex-flex-no-wrap\"><div class=\"vcex-list-item-icon wpex-mr-10\"><div class=\"vcex-list-item-icon-inner vcex-icon-wrap wpex-inline-flex wpex-justify-center wpex-items-center wpex-leading-none wpex-child-inherit-color\"><span class=\"wpex-icon--w wpex-icon\" aria-hidden=\"true\"><svg xmlns=\"http:\/\/www.w3.org\/2000\/svg\" viewBox=\"0 0 512 512\"><path d=\"M164.9 24.6c-7.7-18.6-28-28.5-47.4-23.2l-88 24C12.1 30.2 0 46 0 64C0 311.4 200.6 512 448 512c18 0 33.8-12.1 38.6-29.5l24-88c5.3-19.4-4.6-39.7-23.2-47.4l-96-40c-16.3-6.8-35.2-2.1-46.3 11.6L304.7 368C234.3 334.7 177.3 277.7 144 207.3L193.3 167c13.7-11.2 18.4-30 11.6-46.3l-40-96z\"\/><\/svg><\/span><\/div><\/div><div class=\"vcex-list-item-text vcex-content wpex-flex-grow\">+34 933 933 156<\/div><\/div><\/div><style>.vcex-list_item.vcex_69dc6a408c188{font-size:16px;}.vcex-list_item.vcex_69dc6a408c188 .vcex-list-item-icon-inner{color:#de0000;}<\/style><div class=\"vcex-list_item vcex-module wpex-m-0 wpex-max-w-100 wpex-mb-5 vcex_69dc6a408c188\"><div class=\"vcex-list-item-inner wpex-inline-flex wpex-flex-no-wrap\"><div class=\"vcex-list-item-icon wpex-mr-10\"><div class=\"vcex-list-item-icon-inner vcex-icon-wrap wpex-inline-flex wpex-justify-center wpex-items-center wpex-leading-none wpex-child-inherit-color\"><span class=\"wpex-icon--w wpex-icon\" aria-hidden=\"true\"><svg xmlns=\"http:\/\/www.w3.org\/2000\/svg\" viewBox=\"0 0 384 512\"><path d=\"M16 64C16 28.7 44.7 0 80 0H304c35.3 0 64 28.7 64 64V448c0 35.3-28.7 64-64 64H80c-35.3 0-64-28.7-64-64V64zM144 448c0 8.8 7.2 16 16 16h64c8.8 0 16-7.2 16-16s-7.2-16-16-16H160c-8.8 0-16 7.2-16 16zM304 64H80V384H304V64z\"\/><\/svg><\/span><\/div><\/div><div class=\"vcex-list-item-text vcex-content wpex-flex-grow\">+34 687 09 09 54<\/div><\/div><\/div><style>.vcex-list_item.vcex_69dc6a408c818{font-size:16px;}.vcex-list_item.vcex_69dc6a408c818 .vcex-list-item-icon-inner{color:#de0000;}<\/style><div class=\"vcex-list_item vcex-module wpex-m-0 wpex-max-w-100 wpex-mb-5 vcex_69dc6a408c818\"><a href=\"mailto:&#097;&#100;mi&#110;&#105;str&#097;ci&#111;n&#064;in&#111;f.e&#115;\" class=\"vcex-list-item-link wpex-no-underline\" target=\"_blank\" rel=\"noopener noreferrer\"><div class=\"vcex-list-item-inner wpex-inline-flex wpex-flex-no-wrap\"><div class=\"vcex-list-item-icon wpex-mr-10\"><div class=\"vcex-list-item-icon-inner vcex-icon-wrap wpex-inline-flex wpex-justify-center wpex-items-center wpex-leading-none wpex-child-inherit-color\"><span class=\"wpex-icon--w wpex-icon\" aria-hidden=\"true\"><svg xmlns=\"http:\/\/www.w3.org\/2000\/svg\" viewBox=\"0 0 512 512\"><path d=\"M256 64C150 64 64 150 64 256s86 192 192 192c17.7 0 32 14.3 32 32s-14.3 32-32 32C114.6 512 0 397.4 0 256S114.6 0 256 0S512 114.6 512 256v32c0 53-43 96-96 96c-29.3 0-55.6-13.2-73.2-33.9C320 371.1 289.5 384 256 384c-70.7 0-128-57.3-128-128s57.3-128 128-128c27.9 0 53.7 8.9 74.7 24.1c5.7-5 13.1-8.1 21.3-8.1c17.7 0 32 14.3 32 32v80 32c0 17.7 14.3 32 32 32s32-14.3 32-32V256c0-106-86-192-192-192zm64 192a64 64 0 1 0 -128 0 64 64 0 1 0 128 0z\"\/><\/svg><\/span><\/div><\/div><div class=\"vcex-list-item-text vcex-content wpex-flex-grow\">&#97;&#100;&#109;i&#110;&#105;&#115;t&#114;&#97;c&#105;&#111;n&#64;in&#111;f&#46;&#101;s<\/div><\/div><\/a><\/div><div class=\"vcex-spacing wpex-w-100 wpex-clear\" style=\"height:30px;\"><\/div>[\/vc_column][vc_column width=&#8221;3\/4&#8243;]<div class=\"vcex-spacing wpex-w-100 wpex-clear\" style=\"height:20px;\"><\/div><div class=\"vcex-form-shortcode vcex-module wpex-form wpex-m-auto wpex-max-w-100\"><form id=\"forminator-module-5315\" class=\"forminator-custom-form forminator-custom-form-5315\" method=\"post\" data-forminator-render=\"0\" data-uid=\"69dc6a408d5bb\"><div role=\"alert\" aria-live=\"polite\" class=\"forminator-response-message forminator-error\" aria-hidden=\"true\"><\/div><\/form><\/div>[\/vc_column][\/vc_row]\n<\/div>","protected":false},"excerpt":{"rendered":"<p>[vc_row full_width=&#8221;stretch_row&#8221; content_placement=&#8221;middle&#8221; parallax=&#8221;content-moving&#8221; css=&#8221;.vc_custom_1758562138422{background-image: url(https:\/\/inof.es\/wp-content\/uploads\/2025\/09\/trabaja-con-inof.jpg?id=5235) !important;background-position: center;background-repeat: no-repeat !important;background-size: contain !important;}&#8221; min_height=&#8221;400&#8243; wpex_bg_overlay=&#8221;color&#8221; visibility=&#8221;visible-desktop&#8221;][vc_column width=&#8221;1\/6&#8243;][\/vc_column][vc_column width=&#8221;1\/6&#8243;][\/vc_column][vc_column width=&#8221;1\/6&#8243;][\/vc_column][vc_column width=&#8221;1\/2&#8243;][vc_empty_space height=&#8221;50px&#8221;][vc_empty_space height=&#8221;50px&#8221;][\/vc_column][\/vc_row][vc_row full_width=&#8221;stretch_row&#8221; parallax=&#8221;content-moving&#8221; css=&#8221;.vc_custom_1758562718891{background-position: center;background-repeat: no-repeat !important;background-size: contain !important;}&#8221; visibility=&#8221;visible-phone&#8221;][vc_column][vc_empty_space height=&#8221;20px&#8221;][vc_empty_space height=&#8221;20px&#8221;][\/vc_column][\/vc_row][vc_row][vc_column][vc_column_text css=&#8221;&#8221;]At INOF \u2013 Ocular Research and Surgery, we believe that healthcare excellence is only possible with qualified, humane and committed professionals. That is&hellip;<\/p>\n","protected":false},"author":1,"featured_media":0,"parent":0,"menu_order":0,"comment_status":"closed","ping_status":"closed","template":"","meta":{"_joinchat":[],"footnotes":""},"class_list":["post-5317","page","type-page","status-publish","hentry","entry","no-media"],"yoast_head":"<!-- This site is optimized with the Yoast SEO plugin v26.8 - https:\/\/yoast.com\/product\/yoast-seo-wordpress\/ -->\n<title>Work with INOF - Inof | Centro de investigaci\u00f3n y cirug\u00eda ocular<\/title>\n<meta name=\"description\" content=\"Trabaja con INOF. Formar\u00e1s parte de un equipo l\u00edder en la sanidad privada, con vocaci\u00f3n internacional. \u00a1Cont\u00e1ctanos!\" \/>\n<meta name=\"robots\" content=\"index, follow, max-snippet:-1, max-image-preview:large, max-video-preview:-1\" \/>\n<link rel=\"canonical\" href=\"https:\/\/inof.es\/en\/work-with-inof\/\" \/>\n<meta property=\"og:locale\" content=\"en_US\" \/>\n<meta property=\"og:type\" content=\"article\" \/>\n<meta property=\"og:title\" content=\"Work with INOF - Inof | Centro de investigaci\u00f3n y cirug\u00eda ocular\" \/>\n<meta property=\"og:description\" content=\"Trabaja con INOF. Formar\u00e1s parte de un equipo l\u00edder en la sanidad privada, con vocaci\u00f3n internacional. \u00a1Cont\u00e1ctanos!\" \/>\n<meta property=\"og:url\" content=\"https:\/\/inof.es\/en\/work-with-inof\/\" \/>\n<meta property=\"og:site_name\" content=\"Inof | Centro de investigaci\u00f3n y cirug\u00eda ocular\" \/>\n<meta property=\"article:publisher\" content=\"https:\/\/www.facebook.com\/OftalmologiaINOF\/\" \/>\n<meta property=\"article:modified_time\" content=\"2025-10-12T17:18:20+00:00\" \/>\n<meta name=\"twitter:card\" content=\"summary_large_image\" \/>\n<meta name=\"twitter:label1\" content=\"Est. reading time\" \/>\n\t<meta name=\"twitter:data1\" content=\"2 minutes\" \/>\n<script type=\"application\/ld+json\" class=\"yoast-schema-graph\">{\"@context\":\"https:\/\/schema.org\",\"@graph\":[{\"@type\":\"WebPage\",\"@id\":\"https:\/\/inof.es\/en\/work-with-inof\/\",\"url\":\"https:\/\/inof.es\/en\/work-with-inof\/\",\"name\":\"Work with INOF - Inof | Centro de investigaci\u00f3n y cirug\u00eda ocular\",\"isPartOf\":{\"@id\":\"https:\/\/inof.es\/en\/#website\"},\"datePublished\":\"2025-09-22T17:29:51+00:00\",\"dateModified\":\"2025-10-12T17:18:20+00:00\",\"description\":\"Trabaja con INOF. Formar\u00e1s parte de un equipo l\u00edder en la sanidad privada, con vocaci\u00f3n internacional. \u00a1Cont\u00e1ctanos!\",\"breadcrumb\":{\"@id\":\"https:\/\/inof.es\/en\/work-with-inof\/#breadcrumb\"},\"inLanguage\":\"en-US\",\"potentialAction\":[{\"@type\":\"ReadAction\",\"target\":[\"https:\/\/inof.es\/en\/work-with-inof\/\"]}]},{\"@type\":\"BreadcrumbList\",\"@id\":\"https:\/\/inof.es\/en\/work-with-inof\/#breadcrumb\",\"itemListElement\":[{\"@type\":\"ListItem\",\"position\":1,\"name\":\"Portada\",\"item\":\"https:\/\/inof.es\/en\/\"},{\"@type\":\"ListItem\",\"position\":2,\"name\":\"Work with INOF\"}]},{\"@type\":\"WebSite\",\"@id\":\"https:\/\/inof.es\/en\/#website\",\"url\":\"https:\/\/inof.es\/en\/\",\"name\":\"Centro Inof | Dra. Fdez-Agrafojo\",\"description\":\"Especialistas en estrabismo y oftalmolog\u00eda infantil\",\"publisher\":{\"@id\":\"https:\/\/inof.es\/en\/#organization\"},\"potentialAction\":[{\"@type\":\"SearchAction\",\"target\":{\"@type\":\"EntryPoint\",\"urlTemplate\":\"https:\/\/inof.es\/en\/?s={search_term_string}\"},\"query-input\":{\"@type\":\"PropertyValueSpecification\",\"valueRequired\":true,\"valueName\":\"search_term_string\"}}],\"inLanguage\":\"en-US\"},{\"@type\":\"Organization\",\"@id\":\"https:\/\/inof.es\/en\/#organization\",\"name\":\"Centro INOF de la Dra. Fdez-Agrafojo\",\"url\":\"https:\/\/inof.es\/en\/\",\"logo\":{\"@type\":\"ImageObject\",\"inLanguage\":\"en-US\",\"@id\":\"https:\/\/inof.es\/en\/#\/schema\/logo\/image\/\",\"url\":\"https:\/\/inof.es\/wp-content\/uploads\/2018\/10\/logo-agrafojo.png\",\"contentUrl\":\"https:\/\/inof.es\/wp-content\/uploads\/2018\/10\/logo-agrafojo.png\",\"width\":721,\"height\":332,\"caption\":\"Centro INOF de la Dra. Fdez-Agrafojo\"},\"image\":{\"@id\":\"https:\/\/inof.es\/en\/#\/schema\/logo\/image\/\"},\"sameAs\":[\"https:\/\/www.facebook.com\/OftalmologiaINOF\/\",\"https:\/\/www.instagram.com\/inof_agrafojo\/\",\"https:\/\/www.linkedin.com\/in\/dora-fern\u00e1ndez-agrafojo\/?ppe=1\",\"https:\/\/www.youtube.com\/channel\/UCOK86vawyDB209S0-i8dFDg\/playlists\"]}]}<\/script>\n<!-- \/ Yoast SEO plugin. -->","yoast_head_json":{"title":"Work with INOF - Inof | Centro de investigaci\u00f3n y cirug\u00eda ocular","description":"Trabaja con INOF. Formar\u00e1s parte de un equipo l\u00edder en la sanidad privada, con vocaci\u00f3n internacional. \u00a1Cont\u00e1ctanos!","robots":{"index":"index","follow":"follow","max-snippet":"max-snippet:-1","max-image-preview":"max-image-preview:large","max-video-preview":"max-video-preview:-1"},"canonical":"https:\/\/inof.es\/en\/work-with-inof\/","og_locale":"en_US","og_type":"article","og_title":"Work with INOF - Inof | Centro de investigaci\u00f3n y cirug\u00eda ocular","og_description":"Trabaja con INOF. Formar\u00e1s parte de un equipo l\u00edder en la sanidad privada, con vocaci\u00f3n internacional. \u00a1Cont\u00e1ctanos!","og_url":"https:\/\/inof.es\/en\/work-with-inof\/","og_site_name":"Inof | Centro de investigaci\u00f3n y cirug\u00eda ocular","article_publisher":"https:\/\/www.facebook.com\/OftalmologiaINOF\/","article_modified_time":"2025-10-12T17:18:20+00:00","twitter_card":"summary_large_image","twitter_misc":{"Est. reading time":"2 minutes"},"schema":{"@context":"https:\/\/schema.org","@graph":[{"@type":"WebPage","@id":"https:\/\/inof.es\/en\/work-with-inof\/","url":"https:\/\/inof.es\/en\/work-with-inof\/","name":"Work with INOF - Inof | Centro de investigaci\u00f3n y cirug\u00eda ocular","isPartOf":{"@id":"https:\/\/inof.es\/en\/#website"},"datePublished":"2025-09-22T17:29:51+00:00","dateModified":"2025-10-12T17:18:20+00:00","description":"Trabaja con INOF. Formar\u00e1s parte de un equipo l\u00edder en la sanidad privada, con vocaci\u00f3n internacional. \u00a1Cont\u00e1ctanos!","breadcrumb":{"@id":"https:\/\/inof.es\/en\/work-with-inof\/#breadcrumb"},"inLanguage":"en-US","potentialAction":[{"@type":"ReadAction","target":["https:\/\/inof.es\/en\/work-with-inof\/"]}]},{"@type":"BreadcrumbList","@id":"https:\/\/inof.es\/en\/work-with-inof\/#breadcrumb","itemListElement":[{"@type":"ListItem","position":1,"name":"Portada","item":"https:\/\/inof.es\/en\/"},{"@type":"ListItem","position":2,"name":"Work with INOF"}]},{"@type":"WebSite","@id":"https:\/\/inof.es\/en\/#website","url":"https:\/\/inof.es\/en\/","name":"Centro Inof | Dra. Fdez-Agrafojo","description":"Especialistas en estrabismo y oftalmolog\u00eda infantil","publisher":{"@id":"https:\/\/inof.es\/en\/#organization"},"potentialAction":[{"@type":"SearchAction","target":{"@type":"EntryPoint","urlTemplate":"https:\/\/inof.es\/en\/?s={search_term_string}"},"query-input":{"@type":"PropertyValueSpecification","valueRequired":true,"valueName":"search_term_string"}}],"inLanguage":"en-US"},{"@type":"Organization","@id":"https:\/\/inof.es\/en\/#organization","name":"Centro INOF de la Dra. Fdez-Agrafojo","url":"https:\/\/inof.es\/en\/","logo":{"@type":"ImageObject","inLanguage":"en-US","@id":"https:\/\/inof.es\/en\/#\/schema\/logo\/image\/","url":"https:\/\/inof.es\/wp-content\/uploads\/2018\/10\/logo-agrafojo.png","contentUrl":"https:\/\/inof.es\/wp-content\/uploads\/2018\/10\/logo-agrafojo.png","width":721,"height":332,"caption":"Centro INOF de la Dra. Fdez-Agrafojo"},"image":{"@id":"https:\/\/inof.es\/en\/#\/schema\/logo\/image\/"},"sameAs":["https:\/\/www.facebook.com\/OftalmologiaINOF\/","https:\/\/www.instagram.com\/inof_agrafojo\/","https:\/\/www.linkedin.com\/in\/dora-fern\u00e1ndez-agrafojo\/?ppe=1","https:\/\/www.youtube.com\/channel\/UCOK86vawyDB209S0-i8dFDg\/playlists"]}]}},"_links":{"self":[{"href":"https:\/\/inof.es\/en\/wp-json\/wp\/v2\/pages\/5317","targetHints":{"allow":["GET"]}}],"collection":[{"href":"https:\/\/inof.es\/en\/wp-json\/wp\/v2\/pages"}],"about":[{"href":"https:\/\/inof.es\/en\/wp-json\/wp\/v2\/types\/page"}],"author":[{"embeddable":true,"href":"https:\/\/inof.es\/en\/wp-json\/wp\/v2\/users\/1"}],"replies":[{"embeddable":true,"href":"https:\/\/inof.es\/en\/wp-json\/wp\/v2\/comments?post=5317"}],"version-history":[{"count":2,"href":"https:\/\/inof.es\/en\/wp-json\/wp\/v2\/pages\/5317\/revisions"}],"predecessor-version":[{"id":5319,"href":"https:\/\/inof.es\/en\/wp-json\/wp\/v2\/pages\/5317\/revisions\/5319"}],"wp:attachment":[{"href":"https:\/\/inof.es\/en\/wp-json\/wp\/v2\/media?parent=5317"}],"curies":[{"name":"wp","href":"https:\/\/api.w.org\/{rel}","templated":true}]}}