{"id":4855,"date":"2023-09-25T18:07:08","date_gmt":"2023-09-25T18:07:08","guid":{"rendered":"https:\/\/inof.es\/dra-silvia-aleman\/"},"modified":"2024-02-26T17:26:46","modified_gmt":"2024-02-26T17:26:46","slug":"dr-silvia-aleman","status":"publish","type":"page","link":"https:\/\/inof.es\/en\/dr-silvia-aleman\/","title":{"rendered":"Dr. Silvia Alem\u00e1n"},"content":{"rendered":"<div class=\"wpb-content-wrapper\">[vc_row full_width=&#8221;stretch_row&#8221; min_height=&#8221;400&#8243; css=&#8221;.vc_custom_1508239857967{background-image: url(https:\/\/inof.es\/wp-content\/uploads\/2017\/08\/profesionales-de-inof.jpg?id=610) !important;background-position: center !important;background-repeat: no-repeat !important;background-size: cover !important;}&#8221; visibility=&#8221;visible-desktop&#8221;][vc_column][\/vc_column][\/vc_row][vc_row][vc_column][vc_empty_space height=&#8221;50px&#8221;]<h2 class=\"vcex-heading vcex-heading-plain vcex-module wpex-heading wpex-text-2xl\"><span class=\"vcex-heading-inner wpex-inline-block\">Dr. Silvia Alem\u00e1n<\/span><\/h2>[\/vc_column][\/vc_row][vc_row full_width=&#8221;stretch_row&#8221; column_spacing=&#8221;50&#8243;][vc_column width=&#8221;1\/4&#8243;][vc_single_image image=&#8221;4714&#8243; alignment=&#8221;left&#8221;][vc_empty_space height=&#8221;30px&#8221;][vc_column_text]Graduated in Medicine and Surgery from the Autonomous University of Barcelona, 1993.<\/p>\n<p>Specialized in Family Medicine by the European Community, 1993.<\/p>\n<p>PhD from the Autonomous University of Barcelona in 1996.[\/vc_column_text][\/vc_column][vc_column width=&#8221;3\/4&#8243;][vc_column_text]<strong>Specialty<\/strong><\/p>\n<p><em>Specialist Doctor in Pediatric Ophthalmology and Strabismus.<\/em><\/p>\n<p>&nbsp;<\/p>\n<p><strong>Career path<\/strong><\/p>\n<p>She has been collaborating with the INOF Ocular Research and Surgery Institute of Dr. Fdez-Agrafojo (Teknon Medical Center) since 2020.<\/p>\n<p>Since 2020, she has also been collaborating in the Ophthalmopediatrics department at Cenom Clinic.<\/p>\n<p>Since 2007, she has been the coordinator of the Pediatric Ophthalmology department at the Integral Ophthalmology Institute of Dr. Jes\u00fas Costavila.<\/p>\n<p>Since 2004, she has been collaborating with the Pediatric Ophthalmology department at Sergio Bonafonte Ophthalmology Center.<\/p>\n<p>From 1994 to 2007, she was associated with the Catalan Institute of Retina.<\/p>\n<p>In 2001, she worked at the Teknoftal Ophthalmic Institute, in Dr. Mascar\u00f3 Ballester\u2019s Ophthalmology department.<\/p>\n<p>From 1995 to 1996, she served as a locum doctor in the Pediatric Ophthalmology department of Dr. Zamora at San Rafael Hospital.[\/vc_column_text][\/vc_column][\/vc_row][vc_row][vc_column]<style>.vcex-button.vcex_69dec1ada8d25{background:#ffad1e;color:#ffffff!important;width:200px;}.vcex-button.vcex_69dec1ada8d25:hover{background:#ffc651!important;color:#757575!important;}<\/style><div class=\"theme-button-wrap textcenter theme-button-block-wrap wpex-block wpex-clear wpex-clr\"><a href=\"https:\/\/inof.es\/en\/the-inof-team\/\" class=\"vcex-button theme-button medium align-center block wpex-flex-shrink-0 vcex_69dec1ada8d25\"><span class=\"vcex-button-inner theme-button-inner wpex-flex wpex-flex-wrap wpex-items-center wpex-justify-center\"><span class=\"vcex-button-icon vcex-icon-wrap theme-button-icon-left\"><span aria-hidden=\"true\" class=\"typcn typcn-arrow-left-thick\"><\/span><\/span>Go back<\/span><\/a><\/div> [\/vc_column][\/vc_row]\n<\/div>","protected":false},"excerpt":{"rendered":"<p>[vc_row full_width=&#8221;stretch_row&#8221; min_height=&#8221;400&#8243; css=&#8221;.vc_custom_1508239857967{background-image: url(https:\/\/inof.es\/wp-content\/uploads\/2017\/08\/profesionales-de-inof.jpg?id=610) !important;background-position: center !important;background-repeat: no-repeat !important;background-size: cover !important;}&#8221; visibility=&#8221;visible-desktop&#8221;][vc_column][\/vc_column][\/vc_row][vc_row][vc_column][vc_empty_space height=&#8221;50px&#8221;][\/vc_column][\/vc_row][vc_row full_width=&#8221;stretch_row&#8221; column_spacing=&#8221;50&#8243;][vc_column width=&#8221;1\/4&#8243;][vc_single_image image=&#8221;4714&#8243; alignment=&#8221;left&#8221;][vc_empty_space height=&#8221;30px&#8221;][vc_column_text]Graduated in Medicine and Surgery from the Autonomous University of Barcelona, 1993. Specialized in Family Medicine by the European Community, 1993. PhD from the Autonomous University of Barcelona in 1996.[\/vc_column_text][\/vc_column][vc_column width=&#8221;3\/4&#8243;][vc_column_text]Specialty Specialist Doctor in Pediatric Ophthalmology&hellip;<\/p>\n","protected":false},"author":1,"featured_media":0,"parent":0,"menu_order":0,"comment_status":"closed","ping_status":"closed","template":"","meta":{"_joinchat":[],"footnotes":""},"class_list":["post-4855","page","type-page","status-publish","hentry","entry","no-media"],"yoast_head":"<!-- This site is optimized with the Yoast SEO plugin v26.8 - https:\/\/yoast.com\/product\/yoast-seo-wordpress\/ -->\n<title>Dr. Silvia Alem\u00e1n - Inof | Centro de investigaci\u00f3n y cirug\u00eda ocular<\/title>\n<meta name=\"description\" content=\"Dra. Silvia Alem\u00e1n, especialista en Oftalmolog\u00eda Pedi\u00e1trica y Estrabismo. Instituto Oftalmol\u00f3gico INOF de la Dra. Fdez-Agrafojo, CentroTeknon\" \/>\n<meta name=\"robots\" content=\"index, follow, max-snippet:-1, max-image-preview:large, max-video-preview:-1\" \/>\n<link rel=\"canonical\" href=\"https:\/\/inof.es\/en\/dr-silvia-aleman\/\" \/>\n<meta property=\"og:locale\" content=\"en_US\" \/>\n<meta property=\"og:type\" content=\"article\" \/>\n<meta property=\"og:title\" content=\"Dr. Silvia Alem\u00e1n - Inof | Centro de investigaci\u00f3n y cirug\u00eda ocular\" \/>\n<meta property=\"og:description\" content=\"Dra. Silvia Alem\u00e1n, especialista en Oftalmolog\u00eda Pedi\u00e1trica y Estrabismo. Instituto Oftalmol\u00f3gico INOF de la Dra. Fdez-Agrafojo, CentroTeknon\" \/>\n<meta property=\"og:url\" content=\"https:\/\/inof.es\/en\/dr-silvia-aleman\/\" \/>\n<meta property=\"og:site_name\" content=\"Inof | Centro de investigaci\u00f3n y cirug\u00eda ocular\" \/>\n<meta property=\"article:publisher\" content=\"https:\/\/www.facebook.com\/OftalmologiaINOF\/\" \/>\n<meta property=\"article:modified_time\" content=\"2024-02-26T17:26:46+00:00\" \/>\n<meta name=\"twitter:card\" content=\"summary_large_image\" \/>\n<meta name=\"twitter:label1\" content=\"Est. reading time\" \/>\n\t<meta name=\"twitter:data1\" content=\"2 minutes\" \/>\n<script type=\"application\/ld+json\" class=\"yoast-schema-graph\">{\"@context\":\"https:\/\/schema.org\",\"@graph\":[{\"@type\":\"WebPage\",\"@id\":\"https:\/\/inof.es\/en\/dr-silvia-aleman\/\",\"url\":\"https:\/\/inof.es\/en\/dr-silvia-aleman\/\",\"name\":\"Dr. Silvia Alem\u00e1n - Inof | Centro de investigaci\u00f3n y cirug\u00eda ocular\",\"isPartOf\":{\"@id\":\"https:\/\/inof.es\/en\/#website\"},\"datePublished\":\"2023-09-25T18:07:08+00:00\",\"dateModified\":\"2024-02-26T17:26:46+00:00\",\"description\":\"Dra. Silvia Alem\u00e1n, especialista en Oftalmolog\u00eda Pedi\u00e1trica y Estrabismo. Instituto Oftalmol\u00f3gico INOF de la Dra. Fdez-Agrafojo, CentroTeknon\",\"breadcrumb\":{\"@id\":\"https:\/\/inof.es\/en\/dr-silvia-aleman\/#breadcrumb\"},\"inLanguage\":\"en-US\",\"potentialAction\":[{\"@type\":\"ReadAction\",\"target\":[\"https:\/\/inof.es\/en\/dr-silvia-aleman\/\"]}]},{\"@type\":\"BreadcrumbList\",\"@id\":\"https:\/\/inof.es\/en\/dr-silvia-aleman\/#breadcrumb\",\"itemListElement\":[{\"@type\":\"ListItem\",\"position\":1,\"name\":\"Portada\",\"item\":\"https:\/\/inof.es\/en\/\"},{\"@type\":\"ListItem\",\"position\":2,\"name\":\"Dr. Silvia Alem\u00e1n\"}]},{\"@type\":\"WebSite\",\"@id\":\"https:\/\/inof.es\/en\/#website\",\"url\":\"https:\/\/inof.es\/en\/\",\"name\":\"Centro Inof | Dra. Fdez-Agrafojo\",\"description\":\"Especialistas en estrabismo y oftalmolog\u00eda infantil\",\"publisher\":{\"@id\":\"https:\/\/inof.es\/en\/#organization\"},\"potentialAction\":[{\"@type\":\"SearchAction\",\"target\":{\"@type\":\"EntryPoint\",\"urlTemplate\":\"https:\/\/inof.es\/en\/?s={search_term_string}\"},\"query-input\":{\"@type\":\"PropertyValueSpecification\",\"valueRequired\":true,\"valueName\":\"search_term_string\"}}],\"inLanguage\":\"en-US\"},{\"@type\":\"Organization\",\"@id\":\"https:\/\/inof.es\/en\/#organization\",\"name\":\"Centro INOF de la Dra. Fdez-Agrafojo\",\"url\":\"https:\/\/inof.es\/en\/\",\"logo\":{\"@type\":\"ImageObject\",\"inLanguage\":\"en-US\",\"@id\":\"https:\/\/inof.es\/en\/#\/schema\/logo\/image\/\",\"url\":\"https:\/\/inof.es\/wp-content\/uploads\/2018\/10\/logo-agrafojo.png\",\"contentUrl\":\"https:\/\/inof.es\/wp-content\/uploads\/2018\/10\/logo-agrafojo.png\",\"width\":721,\"height\":332,\"caption\":\"Centro INOF de la Dra. Fdez-Agrafojo\"},\"image\":{\"@id\":\"https:\/\/inof.es\/en\/#\/schema\/logo\/image\/\"},\"sameAs\":[\"https:\/\/www.facebook.com\/OftalmologiaINOF\/\",\"https:\/\/www.instagram.com\/inof_agrafojo\/\",\"https:\/\/www.linkedin.com\/in\/dora-fern\u00e1ndez-agrafojo\/?ppe=1\",\"https:\/\/www.youtube.com\/channel\/UCOK86vawyDB209S0-i8dFDg\/playlists\"]}]}<\/script>\n<!-- \/ Yoast SEO plugin. -->","yoast_head_json":{"title":"Dr. Silvia Alem\u00e1n - Inof | Centro de investigaci\u00f3n y cirug\u00eda ocular","description":"Dra. Silvia Alem\u00e1n, especialista en Oftalmolog\u00eda Pedi\u00e1trica y Estrabismo. Instituto Oftalmol\u00f3gico INOF de la Dra. Fdez-Agrafojo, CentroTeknon","robots":{"index":"index","follow":"follow","max-snippet":"max-snippet:-1","max-image-preview":"max-image-preview:large","max-video-preview":"max-video-preview:-1"},"canonical":"https:\/\/inof.es\/en\/dr-silvia-aleman\/","og_locale":"en_US","og_type":"article","og_title":"Dr. Silvia Alem\u00e1n - Inof | Centro de investigaci\u00f3n y cirug\u00eda ocular","og_description":"Dra. Silvia Alem\u00e1n, especialista en Oftalmolog\u00eda Pedi\u00e1trica y Estrabismo. Instituto Oftalmol\u00f3gico INOF de la Dra. Fdez-Agrafojo, CentroTeknon","og_url":"https:\/\/inof.es\/en\/dr-silvia-aleman\/","og_site_name":"Inof | Centro de investigaci\u00f3n y cirug\u00eda ocular","article_publisher":"https:\/\/www.facebook.com\/OftalmologiaINOF\/","article_modified_time":"2024-02-26T17:26:46+00:00","twitter_card":"summary_large_image","twitter_misc":{"Est. reading time":"2 minutes"},"schema":{"@context":"https:\/\/schema.org","@graph":[{"@type":"WebPage","@id":"https:\/\/inof.es\/en\/dr-silvia-aleman\/","url":"https:\/\/inof.es\/en\/dr-silvia-aleman\/","name":"Dr. Silvia Alem\u00e1n - Inof | Centro de investigaci\u00f3n y cirug\u00eda ocular","isPartOf":{"@id":"https:\/\/inof.es\/en\/#website"},"datePublished":"2023-09-25T18:07:08+00:00","dateModified":"2024-02-26T17:26:46+00:00","description":"Dra. Silvia Alem\u00e1n, especialista en Oftalmolog\u00eda Pedi\u00e1trica y Estrabismo. Instituto Oftalmol\u00f3gico INOF de la Dra. Fdez-Agrafojo, CentroTeknon","breadcrumb":{"@id":"https:\/\/inof.es\/en\/dr-silvia-aleman\/#breadcrumb"},"inLanguage":"en-US","potentialAction":[{"@type":"ReadAction","target":["https:\/\/inof.es\/en\/dr-silvia-aleman\/"]}]},{"@type":"BreadcrumbList","@id":"https:\/\/inof.es\/en\/dr-silvia-aleman\/#breadcrumb","itemListElement":[{"@type":"ListItem","position":1,"name":"Portada","item":"https:\/\/inof.es\/en\/"},{"@type":"ListItem","position":2,"name":"Dr. Silvia Alem\u00e1n"}]},{"@type":"WebSite","@id":"https:\/\/inof.es\/en\/#website","url":"https:\/\/inof.es\/en\/","name":"Centro Inof | Dra. Fdez-Agrafojo","description":"Especialistas en estrabismo y oftalmolog\u00eda infantil","publisher":{"@id":"https:\/\/inof.es\/en\/#organization"},"potentialAction":[{"@type":"SearchAction","target":{"@type":"EntryPoint","urlTemplate":"https:\/\/inof.es\/en\/?s={search_term_string}"},"query-input":{"@type":"PropertyValueSpecification","valueRequired":true,"valueName":"search_term_string"}}],"inLanguage":"en-US"},{"@type":"Organization","@id":"https:\/\/inof.es\/en\/#organization","name":"Centro INOF de la Dra. Fdez-Agrafojo","url":"https:\/\/inof.es\/en\/","logo":{"@type":"ImageObject","inLanguage":"en-US","@id":"https:\/\/inof.es\/en\/#\/schema\/logo\/image\/","url":"https:\/\/inof.es\/wp-content\/uploads\/2018\/10\/logo-agrafojo.png","contentUrl":"https:\/\/inof.es\/wp-content\/uploads\/2018\/10\/logo-agrafojo.png","width":721,"height":332,"caption":"Centro INOF de la Dra. Fdez-Agrafojo"},"image":{"@id":"https:\/\/inof.es\/en\/#\/schema\/logo\/image\/"},"sameAs":["https:\/\/www.facebook.com\/OftalmologiaINOF\/","https:\/\/www.instagram.com\/inof_agrafojo\/","https:\/\/www.linkedin.com\/in\/dora-fern\u00e1ndez-agrafojo\/?ppe=1","https:\/\/www.youtube.com\/channel\/UCOK86vawyDB209S0-i8dFDg\/playlists"]}]}},"_links":{"self":[{"href":"https:\/\/inof.es\/en\/wp-json\/wp\/v2\/pages\/4855","targetHints":{"allow":["GET"]}}],"collection":[{"href":"https:\/\/inof.es\/en\/wp-json\/wp\/v2\/pages"}],"about":[{"href":"https:\/\/inof.es\/en\/wp-json\/wp\/v2\/types\/page"}],"author":[{"embeddable":true,"href":"https:\/\/inof.es\/en\/wp-json\/wp\/v2\/users\/1"}],"replies":[{"embeddable":true,"href":"https:\/\/inof.es\/en\/wp-json\/wp\/v2\/comments?post=4855"}],"version-history":[{"count":3,"href":"https:\/\/inof.es\/en\/wp-json\/wp\/v2\/pages\/4855\/revisions"}],"predecessor-version":[{"id":4858,"href":"https:\/\/inof.es\/en\/wp-json\/wp\/v2\/pages\/4855\/revisions\/4858"}],"wp:attachment":[{"href":"https:\/\/inof.es\/en\/wp-json\/wp\/v2\/media?parent=4855"}],"curies":[{"name":"wp","href":"https:\/\/api.w.org\/{rel}","templated":true}]}}