{"id":1814,"date":"2017-08-13T12:51:12","date_gmt":"2017-08-13T12:51:12","guid":{"rendered":"http:\/\/inof.es\/dr-xavier-nunez\/"},"modified":"2022-07-17T20:36:13","modified_gmt":"2022-07-17T20:36:13","slug":"dr-xavier-nunez","status":"publish","type":"page","link":"https:\/\/inof.es\/en\/dr-xavier-nunez\/","title":{"rendered":"Dr. Xavier N\u00fa\u00f1ez"},"content":{"rendered":"<div class=\"wpb-content-wrapper\">[vc_row full_width=&#8221;stretch_row&#8221; min_height=&#8221;400&#8243; css=&#8221;.vc_custom_1508239857967{background-image: url(https:\/\/inof.es\/wp-content\/uploads\/2017\/08\/profesionales-de-inof.jpg?id=610) !important;background-position: center !important;background-repeat: no-repeat !important;background-size: cover !important;}&#8221; visibility=&#8221;visible-desktop&#8221;][vc_column][\/vc_column][\/vc_row][vc_row][vc_column][vc_empty_space height=&#8221;50px&#8221;]<h2 class=\"vcex-heading vcex-heading-plain vcex-module wpex-heading wpex-text-2xl\"><span class=\"vcex-heading-inner wpex-inline-block\">Dr. Xavier N\u00fa\u00f1ez<\/span><\/h2>[\/vc_column][\/vc_row][vc_row full_width=&#8221;stretch_row&#8221; column_spacing=&#8221;50&#8243;][vc_column width=&#8221;1\/4&#8243;][vc_single_image image=&#8221;1465&#8243; alignment=&#8221;left&#8221;][vc_empty_space height=&#8221;30px&#8221;][vc_column_text]Graduated with a Bachelor&#8217;s Degree in Medicine and Surgery from the University of Barcelona, 1988.<\/p>\n<p>Ophthalmology Specialist at the Vall de Hebr\u00f3n University Hospital, 1988-1992.[\/vc_column_text][\/vc_column][vc_column width=&#8221;3\/4&#8243;][vc_column_text]<strong>Speciality<\/strong><\/p>\n<p><em>Medical Ophthalmology, specialising in Glaucoma.<\/em><\/p>\n<p>&nbsp;<\/p>\n<p><strong>Career path<\/strong><\/p>\n<p>An associate of Dr. Fern\u00e1ndez Agrafojo at the Teknon Medical Centre since October 2006.<\/p>\n<p>Medical Associate at the Parc Taul\u00ed Hospital in Sabadell, specialising in treating ocular surface disorders. In charge of training ophthalmology residents at the same hospital, and the surgeon responsible for cornea transplants since 2000.<\/p>\n<p>Specialist in Minimally Invasive Glaucoma Surgery (MIGS).<\/p>\n<p>&nbsp;<\/p>\n<p><strong>Membership of Professional Associations<\/strong><\/p>\n<ul>\n<li>Member of the Academy of Medical Sciences of Catalonia and the Balearic Islands.<\/li>\n<li>Member of the Catalan Society of Ophthalmology.<\/li>\n<li>Member of the European Society of Cataract and Refractive Surgery.<\/li>\n<\/ul>\n[\/vc_column_text][\/vc_column][\/vc_row][vc_row][vc_column]<style>.vcex-button.vcex_69dc40669c188{background:#ffad1e;color:#ffffff!important;width:200px;}.vcex-button.vcex_69dc40669c188:hover{background:#ffc651!important;color:#757575!important;}<\/style><div class=\"theme-button-wrap textcenter theme-button-block-wrap wpex-block wpex-clear wpex-clr\"><a href=\"https:\/\/inof.es\/en\/our-team\/\" class=\"vcex-button theme-button medium align-center block wpex-flex-shrink-0 vcex_69dc40669c188\"><span class=\"vcex-button-inner theme-button-inner wpex-flex wpex-flex-wrap wpex-items-center wpex-justify-center\"><span class=\"vcex-button-icon vcex-icon-wrap theme-button-icon-left\"><span aria-hidden=\"true\" class=\"typcn typcn-arrow-left-thick\"><\/span><\/span>Go back<\/span><\/a><\/div> [\/vc_column][\/vc_row]\n<\/div>","protected":false},"excerpt":{"rendered":"<p>[vc_row full_width=&#8221;stretch_row&#8221; min_height=&#8221;400&#8243; css=&#8221;.vc_custom_1508239857967{background-image: url(https:\/\/inof.es\/wp-content\/uploads\/2017\/08\/profesionales-de-inof.jpg?id=610) !important;background-position: center !important;background-repeat: no-repeat !important;background-size: cover !important;}&#8221; visibility=&#8221;visible-desktop&#8221;][vc_column][\/vc_column][\/vc_row][vc_row][vc_column][vc_empty_space height=&#8221;50px&#8221;][\/vc_column][\/vc_row][vc_row full_width=&#8221;stretch_row&#8221; column_spacing=&#8221;50&#8243;][vc_column width=&#8221;1\/4&#8243;][vc_single_image image=&#8221;1465&#8243; alignment=&#8221;left&#8221;][vc_empty_space height=&#8221;30px&#8221;][vc_column_text]Graduated with a Bachelor&#8217;s Degree in Medicine and Surgery from the University of Barcelona, 1988. Ophthalmology Specialist at the Vall de Hebr\u00f3n University Hospital, 1988-1992.[\/vc_column_text][\/vc_column][vc_column width=&#8221;3\/4&#8243;][vc_column_text]Speciality Medical Ophthalmology, specialising in Glaucoma. &nbsp; Career path An associate&hellip;<\/p>\n","protected":false},"author":1,"featured_media":0,"parent":0,"menu_order":0,"comment_status":"closed","ping_status":"closed","template":"","meta":{"_joinchat":[],"footnotes":""},"class_list":["post-1814","page","type-page","status-publish","hentry","entry","no-media"],"yoast_head":"<!-- This site is optimized with the Yoast SEO plugin v26.8 - https:\/\/yoast.com\/product\/yoast-seo-wordpress\/ -->\n<title>Dr. Xavier N\u00fa\u00f1ez - Inof | Centro de investigaci\u00f3n y cirug\u00eda ocular<\/title>\n<meta name=\"description\" content=\"Dr. Xavier N\u00fa\u00f1ez: Ophthalmologist specialist in anterior pole and glaucoma and in diseases of the cornea and cataracts.\" \/>\n<meta name=\"robots\" content=\"index, follow, max-snippet:-1, max-image-preview:large, max-video-preview:-1\" \/>\n<link rel=\"canonical\" href=\"https:\/\/inof.es\/en\/dr-xavier-nunez\/\" \/>\n<meta property=\"og:locale\" content=\"en_US\" \/>\n<meta property=\"og:type\" content=\"article\" \/>\n<meta property=\"og:title\" content=\"Dr. Xavier N\u00fa\u00f1ez - Inof | Centro de investigaci\u00f3n y cirug\u00eda ocular\" \/>\n<meta property=\"og:description\" content=\"Dr. Xavier N\u00fa\u00f1ez: Ophthalmologist specialist in anterior pole and glaucoma and in diseases of the cornea and cataracts.\" \/>\n<meta property=\"og:url\" content=\"https:\/\/inof.es\/en\/dr-xavier-nunez\/\" \/>\n<meta property=\"og:site_name\" content=\"Inof | Centro de investigaci\u00f3n y cirug\u00eda ocular\" \/>\n<meta property=\"article:publisher\" content=\"https:\/\/www.facebook.com\/OftalmologiaINOF\/\" \/>\n<meta property=\"article:modified_time\" content=\"2022-07-17T20:36:13+00:00\" \/>\n<meta name=\"twitter:card\" content=\"summary_large_image\" \/>\n<meta name=\"twitter:label1\" content=\"Est. reading time\" \/>\n\t<meta name=\"twitter:data1\" content=\"1 minute\" \/>\n<script type=\"application\/ld+json\" class=\"yoast-schema-graph\">{\"@context\":\"https:\/\/schema.org\",\"@graph\":[{\"@type\":\"WebPage\",\"@id\":\"https:\/\/inof.es\/en\/dr-xavier-nunez\/\",\"url\":\"https:\/\/inof.es\/en\/dr-xavier-nunez\/\",\"name\":\"Dr. Xavier N\u00fa\u00f1ez - Inof | Centro de investigaci\u00f3n y cirug\u00eda ocular\",\"isPartOf\":{\"@id\":\"https:\/\/inof.es\/en\/#website\"},\"datePublished\":\"2017-08-13T12:51:12+00:00\",\"dateModified\":\"2022-07-17T20:36:13+00:00\",\"description\":\"Dr. Xavier N\u00fa\u00f1ez: Ophthalmologist specialist in anterior pole and glaucoma and in diseases of the cornea and cataracts.\",\"breadcrumb\":{\"@id\":\"https:\/\/inof.es\/en\/dr-xavier-nunez\/#breadcrumb\"},\"inLanguage\":\"en-US\",\"potentialAction\":[{\"@type\":\"ReadAction\",\"target\":[\"https:\/\/inof.es\/en\/dr-xavier-nunez\/\"]}]},{\"@type\":\"BreadcrumbList\",\"@id\":\"https:\/\/inof.es\/en\/dr-xavier-nunez\/#breadcrumb\",\"itemListElement\":[{\"@type\":\"ListItem\",\"position\":1,\"name\":\"Portada\",\"item\":\"https:\/\/inof.es\/en\/\"},{\"@type\":\"ListItem\",\"position\":2,\"name\":\"Dr. Xavier N\u00fa\u00f1ez\"}]},{\"@type\":\"WebSite\",\"@id\":\"https:\/\/inof.es\/en\/#website\",\"url\":\"https:\/\/inof.es\/en\/\",\"name\":\"Centro Inof | Dra. Fdez-Agrafojo\",\"description\":\"Especialistas en estrabismo y oftalmolog\u00eda infantil\",\"publisher\":{\"@id\":\"https:\/\/inof.es\/en\/#organization\"},\"potentialAction\":[{\"@type\":\"SearchAction\",\"target\":{\"@type\":\"EntryPoint\",\"urlTemplate\":\"https:\/\/inof.es\/en\/?s={search_term_string}\"},\"query-input\":{\"@type\":\"PropertyValueSpecification\",\"valueRequired\":true,\"valueName\":\"search_term_string\"}}],\"inLanguage\":\"en-US\"},{\"@type\":\"Organization\",\"@id\":\"https:\/\/inof.es\/en\/#organization\",\"name\":\"Centro INOF de la Dra. Fdez-Agrafojo\",\"url\":\"https:\/\/inof.es\/en\/\",\"logo\":{\"@type\":\"ImageObject\",\"inLanguage\":\"en-US\",\"@id\":\"https:\/\/inof.es\/en\/#\/schema\/logo\/image\/\",\"url\":\"https:\/\/inof.es\/wp-content\/uploads\/2018\/10\/logo-agrafojo.png\",\"contentUrl\":\"https:\/\/inof.es\/wp-content\/uploads\/2018\/10\/logo-agrafojo.png\",\"width\":721,\"height\":332,\"caption\":\"Centro INOF de la Dra. Fdez-Agrafojo\"},\"image\":{\"@id\":\"https:\/\/inof.es\/en\/#\/schema\/logo\/image\/\"},\"sameAs\":[\"https:\/\/www.facebook.com\/OftalmologiaINOF\/\",\"https:\/\/www.instagram.com\/inof_agrafojo\/\",\"https:\/\/www.linkedin.com\/in\/dora-fern\u00e1ndez-agrafojo\/?ppe=1\",\"https:\/\/www.youtube.com\/channel\/UCOK86vawyDB209S0-i8dFDg\/playlists\"]}]}<\/script>\n<!-- \/ Yoast SEO plugin. -->","yoast_head_json":{"title":"Dr. Xavier N\u00fa\u00f1ez - Inof | Centro de investigaci\u00f3n y cirug\u00eda ocular","description":"Dr. Xavier N\u00fa\u00f1ez: Ophthalmologist specialist in anterior pole and glaucoma and in diseases of the cornea and cataracts.","robots":{"index":"index","follow":"follow","max-snippet":"max-snippet:-1","max-image-preview":"max-image-preview:large","max-video-preview":"max-video-preview:-1"},"canonical":"https:\/\/inof.es\/en\/dr-xavier-nunez\/","og_locale":"en_US","og_type":"article","og_title":"Dr. Xavier N\u00fa\u00f1ez - Inof | Centro de investigaci\u00f3n y cirug\u00eda ocular","og_description":"Dr. Xavier N\u00fa\u00f1ez: Ophthalmologist specialist in anterior pole and glaucoma and in diseases of the cornea and cataracts.","og_url":"https:\/\/inof.es\/en\/dr-xavier-nunez\/","og_site_name":"Inof | Centro de investigaci\u00f3n y cirug\u00eda ocular","article_publisher":"https:\/\/www.facebook.com\/OftalmologiaINOF\/","article_modified_time":"2022-07-17T20:36:13+00:00","twitter_card":"summary_large_image","twitter_misc":{"Est. reading time":"1 minute"},"schema":{"@context":"https:\/\/schema.org","@graph":[{"@type":"WebPage","@id":"https:\/\/inof.es\/en\/dr-xavier-nunez\/","url":"https:\/\/inof.es\/en\/dr-xavier-nunez\/","name":"Dr. Xavier N\u00fa\u00f1ez - Inof | Centro de investigaci\u00f3n y cirug\u00eda ocular","isPartOf":{"@id":"https:\/\/inof.es\/en\/#website"},"datePublished":"2017-08-13T12:51:12+00:00","dateModified":"2022-07-17T20:36:13+00:00","description":"Dr. Xavier N\u00fa\u00f1ez: Ophthalmologist specialist in anterior pole and glaucoma and in diseases of the cornea and cataracts.","breadcrumb":{"@id":"https:\/\/inof.es\/en\/dr-xavier-nunez\/#breadcrumb"},"inLanguage":"en-US","potentialAction":[{"@type":"ReadAction","target":["https:\/\/inof.es\/en\/dr-xavier-nunez\/"]}]},{"@type":"BreadcrumbList","@id":"https:\/\/inof.es\/en\/dr-xavier-nunez\/#breadcrumb","itemListElement":[{"@type":"ListItem","position":1,"name":"Portada","item":"https:\/\/inof.es\/en\/"},{"@type":"ListItem","position":2,"name":"Dr. Xavier N\u00fa\u00f1ez"}]},{"@type":"WebSite","@id":"https:\/\/inof.es\/en\/#website","url":"https:\/\/inof.es\/en\/","name":"Centro Inof | Dra. Fdez-Agrafojo","description":"Especialistas en estrabismo y oftalmolog\u00eda infantil","publisher":{"@id":"https:\/\/inof.es\/en\/#organization"},"potentialAction":[{"@type":"SearchAction","target":{"@type":"EntryPoint","urlTemplate":"https:\/\/inof.es\/en\/?s={search_term_string}"},"query-input":{"@type":"PropertyValueSpecification","valueRequired":true,"valueName":"search_term_string"}}],"inLanguage":"en-US"},{"@type":"Organization","@id":"https:\/\/inof.es\/en\/#organization","name":"Centro INOF de la Dra. Fdez-Agrafojo","url":"https:\/\/inof.es\/en\/","logo":{"@type":"ImageObject","inLanguage":"en-US","@id":"https:\/\/inof.es\/en\/#\/schema\/logo\/image\/","url":"https:\/\/inof.es\/wp-content\/uploads\/2018\/10\/logo-agrafojo.png","contentUrl":"https:\/\/inof.es\/wp-content\/uploads\/2018\/10\/logo-agrafojo.png","width":721,"height":332,"caption":"Centro INOF de la Dra. Fdez-Agrafojo"},"image":{"@id":"https:\/\/inof.es\/en\/#\/schema\/logo\/image\/"},"sameAs":["https:\/\/www.facebook.com\/OftalmologiaINOF\/","https:\/\/www.instagram.com\/inof_agrafojo\/","https:\/\/www.linkedin.com\/in\/dora-fern\u00e1ndez-agrafojo\/?ppe=1","https:\/\/www.youtube.com\/channel\/UCOK86vawyDB209S0-i8dFDg\/playlists"]}]}},"_links":{"self":[{"href":"https:\/\/inof.es\/en\/wp-json\/wp\/v2\/pages\/1814","targetHints":{"allow":["GET"]}}],"collection":[{"href":"https:\/\/inof.es\/en\/wp-json\/wp\/v2\/pages"}],"about":[{"href":"https:\/\/inof.es\/en\/wp-json\/wp\/v2\/types\/page"}],"author":[{"embeddable":true,"href":"https:\/\/inof.es\/en\/wp-json\/wp\/v2\/users\/1"}],"replies":[{"embeddable":true,"href":"https:\/\/inof.es\/en\/wp-json\/wp\/v2\/comments?post=1814"}],"version-history":[{"count":4,"href":"https:\/\/inof.es\/en\/wp-json\/wp\/v2\/pages\/1814\/revisions"}],"predecessor-version":[{"id":3990,"href":"https:\/\/inof.es\/en\/wp-json\/wp\/v2\/pages\/1814\/revisions\/3990"}],"wp:attachment":[{"href":"https:\/\/inof.es\/en\/wp-json\/wp\/v2\/media?parent=1814"}],"curies":[{"name":"wp","href":"https:\/\/api.w.org\/{rel}","templated":true}]}}