{"id":4851,"date":"2023-09-25T18:07:08","date_gmt":"2023-09-25T18:07:08","guid":{"rendered":"https:\/\/inof.es\/dra-silvia-aleman\/"},"modified":"2024-02-26T17:21:14","modified_gmt":"2024-02-26T17:21:14","slug":"dra-silvia-aleman","status":"publish","type":"page","link":"https:\/\/inof.es\/ca\/dra-silvia-aleman\/","title":{"rendered":"Dra. Silvia Alem\u00e1n"},"content":{"rendered":"<div class=\"wpb-content-wrapper\">[vc_row full_width=&#8221;stretch_row&#8221; min_height=&#8221;400&#8243; css=&#8221;.vc_custom_1508239857967{background-image: url(https:\/\/inof.es\/wp-content\/uploads\/2017\/08\/profesionales-de-inof.jpg?id=610) !important;background-position: center !important;background-repeat: no-repeat !important;background-size: cover !important;}&#8221; visibility=&#8221;visible-desktop&#8221;][vc_column][\/vc_column][\/vc_row][vc_row][vc_column][vc_empty_space height=&#8221;50px&#8221;]<h2 class=\"vcex-heading vcex-heading-plain vcex-module wpex-heading wpex-text-2xl\"><span class=\"vcex-heading-inner wpex-inline-block\">Dra. Silvia Alem\u00e1n<\/span><\/h2>[\/vc_column][\/vc_row][vc_row full_width=&#8221;stretch_row&#8221; column_spacing=&#8221;50&#8243;][vc_column width=&#8221;1\/4&#8243;][vc_single_image image=&#8221;4713&#8243; alignment=&#8221;left&#8221;][vc_empty_space height=&#8221;30px&#8221;][vc_column_text]Llicenciada en Medicina i Cirurgia per la Universitat Aut\u00f2noma de Barcelona, 1993.<\/p>\n<p>Medicina de fam\u00edlia per la Comunitat Europea, 1993.<\/p>\n<p>Es va doctorar per la Universitat Aut\u00f2noma de Barcelona el 1996.[\/vc_column_text][\/vc_column][vc_column width=&#8221;3\/4&#8243;][vc_column_text]<strong>Especialitat<\/strong><\/p>\n<p><em>Doctora especialista en Oftalmologia Pedi\u00e0trica i Estrabisme.<\/em><\/p>\n<p>&nbsp;<\/p>\n<p><strong>Traject\u00f2ria professional<\/strong><\/p>\n<p>Col\u00b7labora amb l&#8217;Institut de Recerca i Cirurgia Ocular INOF de la Dra. Fdez-Agrafojo (Centre M\u00e8dic Teknon) des del 2020.<\/p>\n<p>Des del 2020 col\u00b7labora en el departament d&#8217;Oftalmopediatria de la Cl\u00ednica Cenom.<\/p>\n<p>Des del 2007 \u00e9s coordinadora del Departament d&#8217;Oftalmologia Pedi\u00e0trica a l&#8217;Institut d&#8217;Oftalmologia Integral del Dr. Jes\u00fas Costavila.<\/p>\n<p>Des del 2004 col\u00b7labora amb el Departament d&#8217;Oftalmologia Pedi\u00e0trica al Centre d&#8217;Oftalmologia Sergio Bonafonte.<\/p>\n<p>1994-2007: Institut Catal\u00e0 de la Retina.<\/p>\n<p>2001-2001: Institut Oft\u00e0lmic Teknoftal, departament d&#8217;Oftalmologia del Dr. Mascar\u00f3 Ballester.<\/p>\n<p>1995-1996: Hospital Sant Rafael. Metgessa interina. Departament d&#8217;Oftalmologia Pedi\u00e0trica de la Dra. Zamora.<\/p>\n[\/vc_column_text][\/vc_column][\/vc_row][vc_row][vc_column]<style>.vcex-button.vcex_69ded3290e79e{background:#ffad1e;color:#ffffff!important;width:200px;}.vcex-button.vcex_69ded3290e79e:hover{background:#ffc651!important;color:#757575!important;}<\/style><div class=\"theme-button-wrap textcenter theme-button-block-wrap wpex-block wpex-clear wpex-clr\"><a href=\"https:\/\/inof.es\/ca\/equip-d-inof\/\" class=\"vcex-button theme-button medium align-center block wpex-flex-shrink-0 vcex_69ded3290e79e\"><span class=\"vcex-button-inner theme-button-inner wpex-flex wpex-flex-wrap wpex-items-center wpex-justify-center\"><span class=\"vcex-button-icon vcex-icon-wrap theme-button-icon-left\"><span aria-hidden=\"true\" class=\"typcn typcn-arrow-left-thick\"><\/span><\/span>Tornar<\/span><\/a><\/div> [\/vc_column][\/vc_row]\n<\/div>","protected":false},"excerpt":{"rendered":"<p>[vc_row full_width=&#8221;stretch_row&#8221; min_height=&#8221;400&#8243; css=&#8221;.vc_custom_1508239857967{background-image: url(https:\/\/inof.es\/wp-content\/uploads\/2017\/08\/profesionales-de-inof.jpg?id=610) !important;background-position: center !important;background-repeat: no-repeat !important;background-size: cover !important;}&#8221; visibility=&#8221;visible-desktop&#8221;][vc_column][\/vc_column][\/vc_row][vc_row][vc_column][vc_empty_space height=&#8221;50px&#8221;][\/vc_column][\/vc_row][vc_row full_width=&#8221;stretch_row&#8221; column_spacing=&#8221;50&#8243;][vc_column width=&#8221;1\/4&#8243;][vc_single_image image=&#8221;4713&#8243; alignment=&#8221;left&#8221;][vc_empty_space height=&#8221;30px&#8221;][vc_column_text]Llicenciada en Medicina i Cirurgia per la Universitat Aut\u00f2noma de Barcelona, 1993. Medicina de fam\u00edlia per la Comunitat Europea, 1993. Es va doctorar per la Universitat Aut\u00f2noma de Barcelona el 1996.[\/vc_column_text][\/vc_column][vc_column width=&#8221;3\/4&#8243;][vc_column_text]Especialitat Doctora especialista en Oftalmologia&hellip;<\/p>\n","protected":false},"author":1,"featured_media":0,"parent":0,"menu_order":0,"comment_status":"closed","ping_status":"closed","template":"","meta":{"_joinchat":[],"footnotes":""},"class_list":["post-4851","page","type-page","status-publish","hentry","entry","no-media"],"yoast_head":"<!-- This site is optimized with the Yoast SEO plugin v26.8 - https:\/\/yoast.com\/product\/yoast-seo-wordpress\/ -->\n<title>Dra. Silvia Alem\u00e1n - Inof | Centro de investigaci\u00f3n y cirug\u00eda ocular<\/title>\n<meta name=\"description\" content=\"Dra. Silvia Alem\u00e1n, especialista en Oftalmolog\u00eda Pedi\u00e1trica y Estrabismo. Instituto Oftalmol\u00f3gico INOF de la Dra. Fdez-Agrafojo, CentroTeknon\" \/>\n<meta name=\"robots\" content=\"index, follow, max-snippet:-1, max-image-preview:large, max-video-preview:-1\" \/>\n<link rel=\"canonical\" href=\"https:\/\/inof.es\/ca\/dra-silvia-aleman\/\" \/>\n<meta property=\"og:locale\" content=\"ca_ES\" \/>\n<meta property=\"og:type\" content=\"article\" \/>\n<meta property=\"og:title\" content=\"Dra. Silvia Alem\u00e1n - Inof | Centro de investigaci\u00f3n y cirug\u00eda ocular\" \/>\n<meta property=\"og:description\" content=\"Dra. Silvia Alem\u00e1n, especialista en Oftalmolog\u00eda Pedi\u00e1trica y Estrabismo. Instituto Oftalmol\u00f3gico INOF de la Dra. Fdez-Agrafojo, CentroTeknon\" \/>\n<meta property=\"og:url\" content=\"https:\/\/inof.es\/ca\/dra-silvia-aleman\/\" \/>\n<meta property=\"og:site_name\" content=\"Inof | Centro de investigaci\u00f3n y cirug\u00eda ocular\" \/>\n<meta property=\"article:publisher\" content=\"https:\/\/www.facebook.com\/OftalmologiaINOF\/\" \/>\n<meta property=\"article:modified_time\" content=\"2024-02-26T17:21:14+00:00\" \/>\n<meta name=\"twitter:card\" content=\"summary_large_image\" \/>\n<meta name=\"twitter:label1\" content=\"Temps estimat de lectura\" \/>\n\t<meta name=\"twitter:data1\" content=\"2 minuts\" \/>\n<script type=\"application\/ld+json\" class=\"yoast-schema-graph\">{\"@context\":\"https:\/\/schema.org\",\"@graph\":[{\"@type\":\"WebPage\",\"@id\":\"https:\/\/inof.es\/ca\/dra-silvia-aleman\/\",\"url\":\"https:\/\/inof.es\/ca\/dra-silvia-aleman\/\",\"name\":\"Dra. Silvia Alem\u00e1n - Inof | Centro de investigaci\u00f3n y cirug\u00eda ocular\",\"isPartOf\":{\"@id\":\"https:\/\/inof.es\/ca\/#website\"},\"datePublished\":\"2023-09-25T18:07:08+00:00\",\"dateModified\":\"2024-02-26T17:21:14+00:00\",\"description\":\"Dra. Silvia Alem\u00e1n, especialista en Oftalmolog\u00eda Pedi\u00e1trica y Estrabismo. Instituto Oftalmol\u00f3gico INOF de la Dra. Fdez-Agrafojo, CentroTeknon\",\"breadcrumb\":{\"@id\":\"https:\/\/inof.es\/ca\/dra-silvia-aleman\/#breadcrumb\"},\"inLanguage\":\"ca\",\"potentialAction\":[{\"@type\":\"ReadAction\",\"target\":[\"https:\/\/inof.es\/ca\/dra-silvia-aleman\/\"]}]},{\"@type\":\"BreadcrumbList\",\"@id\":\"https:\/\/inof.es\/ca\/dra-silvia-aleman\/#breadcrumb\",\"itemListElement\":[{\"@type\":\"ListItem\",\"position\":1,\"name\":\"Portada\",\"item\":\"https:\/\/inof.es\/ca\/\"},{\"@type\":\"ListItem\",\"position\":2,\"name\":\"Dra. Silvia Alem\u00e1n\"}]},{\"@type\":\"WebSite\",\"@id\":\"https:\/\/inof.es\/ca\/#website\",\"url\":\"https:\/\/inof.es\/ca\/\",\"name\":\"Centro Inof | Dra. Fdez-Agrafojo\",\"description\":\"Especialistas en estrabismo y oftalmolog\u00eda infantil\",\"publisher\":{\"@id\":\"https:\/\/inof.es\/ca\/#organization\"},\"potentialAction\":[{\"@type\":\"SearchAction\",\"target\":{\"@type\":\"EntryPoint\",\"urlTemplate\":\"https:\/\/inof.es\/ca\/?s={search_term_string}\"},\"query-input\":{\"@type\":\"PropertyValueSpecification\",\"valueRequired\":true,\"valueName\":\"search_term_string\"}}],\"inLanguage\":\"ca\"},{\"@type\":\"Organization\",\"@id\":\"https:\/\/inof.es\/ca\/#organization\",\"name\":\"Centro INOF de la Dra. Fdez-Agrafojo\",\"url\":\"https:\/\/inof.es\/ca\/\",\"logo\":{\"@type\":\"ImageObject\",\"inLanguage\":\"ca\",\"@id\":\"https:\/\/inof.es\/ca\/#\/schema\/logo\/image\/\",\"url\":\"https:\/\/inof.es\/wp-content\/uploads\/2018\/10\/logo-agrafojo.png\",\"contentUrl\":\"https:\/\/inof.es\/wp-content\/uploads\/2018\/10\/logo-agrafojo.png\",\"width\":721,\"height\":332,\"caption\":\"Centro INOF de la Dra. Fdez-Agrafojo\"},\"image\":{\"@id\":\"https:\/\/inof.es\/ca\/#\/schema\/logo\/image\/\"},\"sameAs\":[\"https:\/\/www.facebook.com\/OftalmologiaINOF\/\",\"https:\/\/www.instagram.com\/inof_agrafojo\/\",\"https:\/\/www.linkedin.com\/in\/dora-fern\u00e1ndez-agrafojo\/?ppe=1\",\"https:\/\/www.youtube.com\/channel\/UCOK86vawyDB209S0-i8dFDg\/playlists\"]}]}<\/script>\n<!-- \/ Yoast SEO plugin. -->","yoast_head_json":{"title":"Dra. Silvia Alem\u00e1n - Inof | Centro de investigaci\u00f3n y cirug\u00eda ocular","description":"Dra. Silvia Alem\u00e1n, especialista en Oftalmolog\u00eda Pedi\u00e1trica y Estrabismo. Instituto Oftalmol\u00f3gico INOF de la Dra. Fdez-Agrafojo, CentroTeknon","robots":{"index":"index","follow":"follow","max-snippet":"max-snippet:-1","max-image-preview":"max-image-preview:large","max-video-preview":"max-video-preview:-1"},"canonical":"https:\/\/inof.es\/ca\/dra-silvia-aleman\/","og_locale":"ca_ES","og_type":"article","og_title":"Dra. Silvia Alem\u00e1n - Inof | Centro de investigaci\u00f3n y cirug\u00eda ocular","og_description":"Dra. Silvia Alem\u00e1n, especialista en Oftalmolog\u00eda Pedi\u00e1trica y Estrabismo. Instituto Oftalmol\u00f3gico INOF de la Dra. Fdez-Agrafojo, CentroTeknon","og_url":"https:\/\/inof.es\/ca\/dra-silvia-aleman\/","og_site_name":"Inof | Centro de investigaci\u00f3n y cirug\u00eda ocular","article_publisher":"https:\/\/www.facebook.com\/OftalmologiaINOF\/","article_modified_time":"2024-02-26T17:21:14+00:00","twitter_card":"summary_large_image","twitter_misc":{"Temps estimat de lectura":"2 minuts"},"schema":{"@context":"https:\/\/schema.org","@graph":[{"@type":"WebPage","@id":"https:\/\/inof.es\/ca\/dra-silvia-aleman\/","url":"https:\/\/inof.es\/ca\/dra-silvia-aleman\/","name":"Dra. Silvia Alem\u00e1n - Inof | Centro de investigaci\u00f3n y cirug\u00eda ocular","isPartOf":{"@id":"https:\/\/inof.es\/ca\/#website"},"datePublished":"2023-09-25T18:07:08+00:00","dateModified":"2024-02-26T17:21:14+00:00","description":"Dra. Silvia Alem\u00e1n, especialista en Oftalmolog\u00eda Pedi\u00e1trica y Estrabismo. Instituto Oftalmol\u00f3gico INOF de la Dra. Fdez-Agrafojo, CentroTeknon","breadcrumb":{"@id":"https:\/\/inof.es\/ca\/dra-silvia-aleman\/#breadcrumb"},"inLanguage":"ca","potentialAction":[{"@type":"ReadAction","target":["https:\/\/inof.es\/ca\/dra-silvia-aleman\/"]}]},{"@type":"BreadcrumbList","@id":"https:\/\/inof.es\/ca\/dra-silvia-aleman\/#breadcrumb","itemListElement":[{"@type":"ListItem","position":1,"name":"Portada","item":"https:\/\/inof.es\/ca\/"},{"@type":"ListItem","position":2,"name":"Dra. Silvia Alem\u00e1n"}]},{"@type":"WebSite","@id":"https:\/\/inof.es\/ca\/#website","url":"https:\/\/inof.es\/ca\/","name":"Centro Inof | Dra. Fdez-Agrafojo","description":"Especialistas en estrabismo y oftalmolog\u00eda infantil","publisher":{"@id":"https:\/\/inof.es\/ca\/#organization"},"potentialAction":[{"@type":"SearchAction","target":{"@type":"EntryPoint","urlTemplate":"https:\/\/inof.es\/ca\/?s={search_term_string}"},"query-input":{"@type":"PropertyValueSpecification","valueRequired":true,"valueName":"search_term_string"}}],"inLanguage":"ca"},{"@type":"Organization","@id":"https:\/\/inof.es\/ca\/#organization","name":"Centro INOF de la Dra. Fdez-Agrafojo","url":"https:\/\/inof.es\/ca\/","logo":{"@type":"ImageObject","inLanguage":"ca","@id":"https:\/\/inof.es\/ca\/#\/schema\/logo\/image\/","url":"https:\/\/inof.es\/wp-content\/uploads\/2018\/10\/logo-agrafojo.png","contentUrl":"https:\/\/inof.es\/wp-content\/uploads\/2018\/10\/logo-agrafojo.png","width":721,"height":332,"caption":"Centro INOF de la Dra. Fdez-Agrafojo"},"image":{"@id":"https:\/\/inof.es\/ca\/#\/schema\/logo\/image\/"},"sameAs":["https:\/\/www.facebook.com\/OftalmologiaINOF\/","https:\/\/www.instagram.com\/inof_agrafojo\/","https:\/\/www.linkedin.com\/in\/dora-fern\u00e1ndez-agrafojo\/?ppe=1","https:\/\/www.youtube.com\/channel\/UCOK86vawyDB209S0-i8dFDg\/playlists"]}]}},"_links":{"self":[{"href":"https:\/\/inof.es\/ca\/wp-json\/wp\/v2\/pages\/4851","targetHints":{"allow":["GET"]}}],"collection":[{"href":"https:\/\/inof.es\/ca\/wp-json\/wp\/v2\/pages"}],"about":[{"href":"https:\/\/inof.es\/ca\/wp-json\/wp\/v2\/types\/page"}],"author":[{"embeddable":true,"href":"https:\/\/inof.es\/ca\/wp-json\/wp\/v2\/users\/1"}],"replies":[{"embeddable":true,"href":"https:\/\/inof.es\/ca\/wp-json\/wp\/v2\/comments?post=4851"}],"version-history":[{"count":3,"href":"https:\/\/inof.es\/ca\/wp-json\/wp\/v2\/pages\/4851\/revisions"}],"predecessor-version":[{"id":4854,"href":"https:\/\/inof.es\/ca\/wp-json\/wp\/v2\/pages\/4851\/revisions\/4854"}],"wp:attachment":[{"href":"https:\/\/inof.es\/ca\/wp-json\/wp\/v2\/media?parent=4851"}],"curies":[{"name":"wp","href":"https:\/\/api.w.org\/{rel}","templated":true}]}}