{"id":4749,"date":"2023-10-11T15:57:03","date_gmt":"2023-10-11T15:57:03","guid":{"rendered":"https:\/\/inof.es\/dra-angeles-bort\/"},"modified":"2023-10-11T16:10:49","modified_gmt":"2023-10-11T16:10:49","slug":"dra-angeles-bort","status":"publish","type":"page","link":"https:\/\/inof.es\/ca\/dra-angeles-bort\/","title":{"rendered":"Dra. \u00c1ngeles Bort"},"content":{"rendered":"<div class=\"wpb-content-wrapper\">[vc_row full_width=&#8221;stretch_row&#8221; min_height=&#8221;400&#8243; css=&#8221;.vc_custom_1508239857967{background-image: url(https:\/\/inof.es\/wp-content\/uploads\/2017\/08\/profesionales-de-inof.jpg?id=610) !important;background-position: center !important;background-repeat: no-repeat !important;background-size: cover !important;}&#8221; visibility=&#8221;visible-desktop&#8221;][vc_column][\/vc_column][\/vc_row][vc_row][vc_column][vc_empty_space height=&#8221;50px&#8221;]<h2 class=\"vcex-heading vcex-heading-plain vcex-module wpex-heading wpex-text-2xl\"><span class=\"vcex-heading-inner wpex-inline-block\">Dra. \u00c0ngels Ruth Bort<\/span><\/h2>[\/vc_column][\/vc_row][vc_row full_width=&#8221;stretch_row&#8221; column_spacing=&#8221;50&#8243;][vc_column width=&#8221;1\/4&#8243;][vc_single_image image=&#8221;4744&#8243; alignment=&#8221;left&#8221;][vc_empty_space height=&#8221;30px&#8221;][vc_column_text]Oftalm\u00f2loga i docent. Llicenciada en Medicina i Cirurgia per la Facultat de Medicina i Odontologia de Val\u00e8ncia.<\/p>\n<p>Especialitat en Oftalmologia a l&#8217;Hospital Verge del Roc\u00edo.[\/vc_column_text][\/vc_column][vc_column width=&#8221;3\/4&#8243;][vc_column_text]<strong>Especialitat<\/strong><\/p>\n<p><em>Metgessa oftalm\u00f2loga especialitzada en Neurooftalmologia. Especialista en estrabisme pedi\u00e0tric, diplopia, trastorns oculomotors de l&#8217;adult, oculopl\u00e0stia, \u00f2rbita i via lacrimal.<br \/>\n<\/em><\/p>\n<p>&nbsp;<\/p>\n<p><strong>Traject\u00f2ria professional<\/strong><\/p>\n<p>Col\u00b7laboradora de la Dra. Fern\u00e1ndez-Agrafojo a INOF, Centre M\u00e8dic Teknon.<\/p>\n<p>Actualment \u00e9s la responsable de la consulta d&#8217;Oftalmologia Pedi\u00e0trica al Centre d&#8217;Especialitats Comte de Trenor i responsable de la consulta de diplopies i trastorns oculomotors de l&#8217;adult a l&#8217;Hospital Universitari la Fe.<br \/>\nA m\u00e9s, \u00e9s facultativa de la Secci\u00f3 d&#8217;Oculopl\u00e0stia, \u00f2rbita, via lacrimal i Neurooftalmologia, on exerceix la seva activitat assistencial i quir\u00fargica.[\/vc_column_text]<div class=\"vcex-spacing wpex-w-100 wpex-clear\" style=\"height:30px;\"><\/div>[vc_column_text]<a href=\"https:\/\/inof.es\/descargar-pdf\/curriculum-dra-angeles-bort.pdf\" target=\"_blank\" rel=\"noopener\">VEGEU CURR\u00cdCULUM COMPLET<\/a>[\/vc_column_text][\/vc_column][\/vc_row][vc_row][vc_column]<style>.vcex-button.vcex_69dc2de47d5eb{background:#ffad1e;color:#ffffff!important;width:200px;}.vcex-button.vcex_69dc2de47d5eb:hover{background:#ffc651!important;color:#757575!important;}<\/style><div class=\"theme-button-wrap textcenter theme-button-block-wrap wpex-block wpex-clear wpex-clr\"><a href=\"https:\/\/inof.es\/ca\/equip-d-inof\/\" class=\"vcex-button theme-button medium align-center block wpex-flex-shrink-0 vcex_69dc2de47d5eb\"><span class=\"vcex-button-inner theme-button-inner wpex-flex wpex-flex-wrap wpex-items-center wpex-justify-center\"><span class=\"vcex-button-icon vcex-icon-wrap theme-button-icon-left\"><span aria-hidden=\"true\" class=\"typcn typcn-arrow-left-thick\"><\/span><\/span>Tornar<\/span><\/a><\/div> [\/vc_column][\/vc_row]\n<\/div>","protected":false},"excerpt":{"rendered":"<p>[vc_row full_width=&#8221;stretch_row&#8221; min_height=&#8221;400&#8243; css=&#8221;.vc_custom_1508239857967{background-image: url(https:\/\/inof.es\/wp-content\/uploads\/2017\/08\/profesionales-de-inof.jpg?id=610) !important;background-position: center !important;background-repeat: no-repeat !important;background-size: cover !important;}&#8221; visibility=&#8221;visible-desktop&#8221;][vc_column][\/vc_column][\/vc_row][vc_row][vc_column][vc_empty_space height=&#8221;50px&#8221;][\/vc_column][\/vc_row][vc_row full_width=&#8221;stretch_row&#8221; column_spacing=&#8221;50&#8243;][vc_column width=&#8221;1\/4&#8243;][vc_single_image image=&#8221;4744&#8243; alignment=&#8221;left&#8221;][vc_empty_space height=&#8221;30px&#8221;][vc_column_text]Oftalm\u00f2loga i docent. Llicenciada en Medicina i Cirurgia per la Facultat de Medicina i Odontologia de Val\u00e8ncia. Especialitat en Oftalmologia a l&#8217;Hospital Verge del Roc\u00edo.[\/vc_column_text][\/vc_column][vc_column width=&#8221;3\/4&#8243;][vc_column_text]Especialitat Metgessa oftalm\u00f2loga especialitzada en Neurooftalmologia. Especialista en estrabisme pedi\u00e0tric, diplopia,&hellip;<\/p>\n","protected":false},"author":1,"featured_media":0,"parent":0,"menu_order":0,"comment_status":"closed","ping_status":"closed","template":"","meta":{"_joinchat":[],"footnotes":""},"class_list":["post-4749","page","type-page","status-publish","hentry","entry","no-media"],"yoast_head":"<!-- This site is optimized with the Yoast SEO plugin v26.8 - https:\/\/yoast.com\/product\/yoast-seo-wordpress\/ -->\n<title>Dra. \u00c1ngeles Bort - Inof | Centro de investigaci\u00f3n y cirug\u00eda ocular<\/title>\n<meta name=\"robots\" content=\"index, follow, max-snippet:-1, max-image-preview:large, max-video-preview:-1\" \/>\n<link rel=\"canonical\" href=\"https:\/\/inof.es\/ca\/dra-angeles-bort\/\" \/>\n<meta property=\"og:locale\" content=\"ca_ES\" \/>\n<meta property=\"og:type\" content=\"article\" \/>\n<meta property=\"og:title\" content=\"Dra. \u00c1ngeles Bort - Inof | Centro de investigaci\u00f3n y cirug\u00eda ocular\" \/>\n<meta property=\"og:description\" content=\"[vc_row full_width=&#8221;stretch_row&#8221; min_height=&#8221;400&#8243; css=&#8221;.vc_custom_1508239857967{background-image: url(https:\/\/inof.es\/wp-content\/uploads\/2017\/08\/profesionales-de-inof.jpg?id=610) !important;background-position: center !important;background-repeat: no-repeat !important;background-size: cover !important;}&#8221; visibility=&#8221;visible-desktop&#8221;][vc_column][\/vc_column][\/vc_row][vc_row][vc_column][vc_empty_space height=&#8221;50px&#8221;][\/vc_column][\/vc_row][vc_row full_width=&#8221;stretch_row&#8221; column_spacing=&#8221;50&#8243;][vc_column width=&#8221;1\/4&#8243;][vc_single_image image=&#8221;4744&#8243; alignment=&#8221;left&#8221;][vc_empty_space height=&#8221;30px&#8221;][vc_column_text]Oftalm\u00f2loga i docent. Llicenciada en Medicina i Cirurgia per la Facultat de Medicina i Odontologia de Val\u00e8ncia. Especialitat en Oftalmologia a l&#8217;Hospital Verge del Roc\u00edo.[\/vc_column_text][\/vc_column][vc_column width=&#8221;3\/4&#8243;][vc_column_text]Especialitat Metgessa oftalm\u00f2loga especialitzada en Neurooftalmologia. Especialista en estrabisme pedi\u00e0tric, diplopia,&hellip;\" \/>\n<meta property=\"og:url\" content=\"https:\/\/inof.es\/ca\/dra-angeles-bort\/\" \/>\n<meta property=\"og:site_name\" content=\"Inof | Centro de investigaci\u00f3n y cirug\u00eda ocular\" \/>\n<meta property=\"article:publisher\" content=\"https:\/\/www.facebook.com\/OftalmologiaINOF\/\" \/>\n<meta property=\"article:modified_time\" content=\"2023-10-11T16:10:49+00:00\" \/>\n<meta name=\"twitter:card\" content=\"summary_large_image\" \/>\n<meta name=\"twitter:label1\" content=\"Temps estimat de lectura\" \/>\n\t<meta name=\"twitter:data1\" content=\"2 minuts\" \/>\n<script type=\"application\/ld+json\" class=\"yoast-schema-graph\">{\"@context\":\"https:\/\/schema.org\",\"@graph\":[{\"@type\":\"WebPage\",\"@id\":\"https:\/\/inof.es\/ca\/dra-angeles-bort\/\",\"url\":\"https:\/\/inof.es\/ca\/dra-angeles-bort\/\",\"name\":\"Dra. \u00c1ngeles Bort - Inof | Centro de investigaci\u00f3n y cirug\u00eda ocular\",\"isPartOf\":{\"@id\":\"https:\/\/inof.es\/ca\/#website\"},\"datePublished\":\"2023-10-11T15:57:03+00:00\",\"dateModified\":\"2023-10-11T16:10:49+00:00\",\"breadcrumb\":{\"@id\":\"https:\/\/inof.es\/ca\/dra-angeles-bort\/#breadcrumb\"},\"inLanguage\":\"ca\",\"potentialAction\":[{\"@type\":\"ReadAction\",\"target\":[\"https:\/\/inof.es\/ca\/dra-angeles-bort\/\"]}]},{\"@type\":\"BreadcrumbList\",\"@id\":\"https:\/\/inof.es\/ca\/dra-angeles-bort\/#breadcrumb\",\"itemListElement\":[{\"@type\":\"ListItem\",\"position\":1,\"name\":\"Portada\",\"item\":\"https:\/\/inof.es\/ca\/\"},{\"@type\":\"ListItem\",\"position\":2,\"name\":\"Dra. \u00c1ngeles Bort\"}]},{\"@type\":\"WebSite\",\"@id\":\"https:\/\/inof.es\/ca\/#website\",\"url\":\"https:\/\/inof.es\/ca\/\",\"name\":\"Centro Inof | Dra. Fdez-Agrafojo\",\"description\":\"Especialistas en estrabismo y oftalmolog\u00eda infantil\",\"publisher\":{\"@id\":\"https:\/\/inof.es\/ca\/#organization\"},\"potentialAction\":[{\"@type\":\"SearchAction\",\"target\":{\"@type\":\"EntryPoint\",\"urlTemplate\":\"https:\/\/inof.es\/ca\/?s={search_term_string}\"},\"query-input\":{\"@type\":\"PropertyValueSpecification\",\"valueRequired\":true,\"valueName\":\"search_term_string\"}}],\"inLanguage\":\"ca\"},{\"@type\":\"Organization\",\"@id\":\"https:\/\/inof.es\/ca\/#organization\",\"name\":\"Centro INOF de la Dra. Fdez-Agrafojo\",\"url\":\"https:\/\/inof.es\/ca\/\",\"logo\":{\"@type\":\"ImageObject\",\"inLanguage\":\"ca\",\"@id\":\"https:\/\/inof.es\/ca\/#\/schema\/logo\/image\/\",\"url\":\"https:\/\/inof.es\/wp-content\/uploads\/2018\/10\/logo-agrafojo.png\",\"contentUrl\":\"https:\/\/inof.es\/wp-content\/uploads\/2018\/10\/logo-agrafojo.png\",\"width\":721,\"height\":332,\"caption\":\"Centro INOF de la Dra. Fdez-Agrafojo\"},\"image\":{\"@id\":\"https:\/\/inof.es\/ca\/#\/schema\/logo\/image\/\"},\"sameAs\":[\"https:\/\/www.facebook.com\/OftalmologiaINOF\/\",\"https:\/\/www.instagram.com\/inof_agrafojo\/\",\"https:\/\/www.linkedin.com\/in\/dora-fern\u00e1ndez-agrafojo\/?ppe=1\",\"https:\/\/www.youtube.com\/channel\/UCOK86vawyDB209S0-i8dFDg\/playlists\"]}]}<\/script>\n<!-- \/ Yoast SEO plugin. -->","yoast_head_json":{"title":"Dra. \u00c1ngeles Bort - Inof | Centro de investigaci\u00f3n y cirug\u00eda ocular","robots":{"index":"index","follow":"follow","max-snippet":"max-snippet:-1","max-image-preview":"max-image-preview:large","max-video-preview":"max-video-preview:-1"},"canonical":"https:\/\/inof.es\/ca\/dra-angeles-bort\/","og_locale":"ca_ES","og_type":"article","og_title":"Dra. \u00c1ngeles Bort - Inof | Centro de investigaci\u00f3n y cirug\u00eda ocular","og_description":"[vc_row full_width=&#8221;stretch_row&#8221; min_height=&#8221;400&#8243; css=&#8221;.vc_custom_1508239857967{background-image: url(https:\/\/inof.es\/wp-content\/uploads\/2017\/08\/profesionales-de-inof.jpg?id=610) !important;background-position: center !important;background-repeat: no-repeat !important;background-size: cover !important;}&#8221; visibility=&#8221;visible-desktop&#8221;][vc_column][\/vc_column][\/vc_row][vc_row][vc_column][vc_empty_space height=&#8221;50px&#8221;][\/vc_column][\/vc_row][vc_row full_width=&#8221;stretch_row&#8221; column_spacing=&#8221;50&#8243;][vc_column width=&#8221;1\/4&#8243;][vc_single_image image=&#8221;4744&#8243; alignment=&#8221;left&#8221;][vc_empty_space height=&#8221;30px&#8221;][vc_column_text]Oftalm\u00f2loga i docent. Llicenciada en Medicina i Cirurgia per la Facultat de Medicina i Odontologia de Val\u00e8ncia. Especialitat en Oftalmologia a l&#8217;Hospital Verge del Roc\u00edo.[\/vc_column_text][\/vc_column][vc_column width=&#8221;3\/4&#8243;][vc_column_text]Especialitat Metgessa oftalm\u00f2loga especialitzada en Neurooftalmologia. Especialista en estrabisme pedi\u00e0tric, diplopia,&hellip;","og_url":"https:\/\/inof.es\/ca\/dra-angeles-bort\/","og_site_name":"Inof | Centro de investigaci\u00f3n y cirug\u00eda ocular","article_publisher":"https:\/\/www.facebook.com\/OftalmologiaINOF\/","article_modified_time":"2023-10-11T16:10:49+00:00","twitter_card":"summary_large_image","twitter_misc":{"Temps estimat de lectura":"2 minuts"},"schema":{"@context":"https:\/\/schema.org","@graph":[{"@type":"WebPage","@id":"https:\/\/inof.es\/ca\/dra-angeles-bort\/","url":"https:\/\/inof.es\/ca\/dra-angeles-bort\/","name":"Dra. \u00c1ngeles Bort - Inof | Centro de investigaci\u00f3n y cirug\u00eda ocular","isPartOf":{"@id":"https:\/\/inof.es\/ca\/#website"},"datePublished":"2023-10-11T15:57:03+00:00","dateModified":"2023-10-11T16:10:49+00:00","breadcrumb":{"@id":"https:\/\/inof.es\/ca\/dra-angeles-bort\/#breadcrumb"},"inLanguage":"ca","potentialAction":[{"@type":"ReadAction","target":["https:\/\/inof.es\/ca\/dra-angeles-bort\/"]}]},{"@type":"BreadcrumbList","@id":"https:\/\/inof.es\/ca\/dra-angeles-bort\/#breadcrumb","itemListElement":[{"@type":"ListItem","position":1,"name":"Portada","item":"https:\/\/inof.es\/ca\/"},{"@type":"ListItem","position":2,"name":"Dra. \u00c1ngeles Bort"}]},{"@type":"WebSite","@id":"https:\/\/inof.es\/ca\/#website","url":"https:\/\/inof.es\/ca\/","name":"Centro Inof | Dra. Fdez-Agrafojo","description":"Especialistas en estrabismo y oftalmolog\u00eda infantil","publisher":{"@id":"https:\/\/inof.es\/ca\/#organization"},"potentialAction":[{"@type":"SearchAction","target":{"@type":"EntryPoint","urlTemplate":"https:\/\/inof.es\/ca\/?s={search_term_string}"},"query-input":{"@type":"PropertyValueSpecification","valueRequired":true,"valueName":"search_term_string"}}],"inLanguage":"ca"},{"@type":"Organization","@id":"https:\/\/inof.es\/ca\/#organization","name":"Centro INOF de la Dra. Fdez-Agrafojo","url":"https:\/\/inof.es\/ca\/","logo":{"@type":"ImageObject","inLanguage":"ca","@id":"https:\/\/inof.es\/ca\/#\/schema\/logo\/image\/","url":"https:\/\/inof.es\/wp-content\/uploads\/2018\/10\/logo-agrafojo.png","contentUrl":"https:\/\/inof.es\/wp-content\/uploads\/2018\/10\/logo-agrafojo.png","width":721,"height":332,"caption":"Centro INOF de la Dra. Fdez-Agrafojo"},"image":{"@id":"https:\/\/inof.es\/ca\/#\/schema\/logo\/image\/"},"sameAs":["https:\/\/www.facebook.com\/OftalmologiaINOF\/","https:\/\/www.instagram.com\/inof_agrafojo\/","https:\/\/www.linkedin.com\/in\/dora-fern\u00e1ndez-agrafojo\/?ppe=1","https:\/\/www.youtube.com\/channel\/UCOK86vawyDB209S0-i8dFDg\/playlists"]}]}},"_links":{"self":[{"href":"https:\/\/inof.es\/ca\/wp-json\/wp\/v2\/pages\/4749","targetHints":{"allow":["GET"]}}],"collection":[{"href":"https:\/\/inof.es\/ca\/wp-json\/wp\/v2\/pages"}],"about":[{"href":"https:\/\/inof.es\/ca\/wp-json\/wp\/v2\/types\/page"}],"author":[{"embeddable":true,"href":"https:\/\/inof.es\/ca\/wp-json\/wp\/v2\/users\/1"}],"replies":[{"embeddable":true,"href":"https:\/\/inof.es\/ca\/wp-json\/wp\/v2\/comments?post=4749"}],"version-history":[{"count":4,"href":"https:\/\/inof.es\/ca\/wp-json\/wp\/v2\/pages\/4749\/revisions"}],"predecessor-version":[{"id":4751,"href":"https:\/\/inof.es\/ca\/wp-json\/wp\/v2\/pages\/4749\/revisions\/4751"}],"wp:attachment":[{"href":"https:\/\/inof.es\/ca\/wp-json\/wp\/v2\/media?parent=4749"}],"curies":[{"name":"wp","href":"https:\/\/api.w.org\/{rel}","templated":true}]}}