{"id":1741,"date":"2017-08-09T19:17:37","date_gmt":"2017-08-09T19:17:37","guid":{"rendered":"http:\/\/inof.es\/contacto\/"},"modified":"2025-10-12T15:36:26","modified_gmt":"2025-10-12T15:36:26","slug":"contacte","status":"publish","type":"page","link":"https:\/\/inof.es\/ca\/contacte\/","title":{"rendered":"Contacte"},"content":{"rendered":"<div class=\"wpb-content-wrapper\">[vc_row full_width=&#8221;stretch_row&#8221; content_placement=&#8221;middle&#8221; parallax=&#8221;content-moving&#8221; wpex_bg_overlay=&#8221;color&#8221; css=&#8221;.vc_custom_1577996578721{background-image: url(https:\/\/inof.es\/wp-content\/uploads\/2017\/08\/consultorios2.jpg?id=503) !important;background-position: center;background-repeat: no-repeat !important;background-size: cover !important;}&#8221; min_height=&#8221;400&#8243; visibility=&#8221;hidden-phone&#8221; wpex_bg_overlay_color=&#8221;#000000&#8243;][vc_column width=&#8221;1\/3&#8243;][\/vc_column][vc_column width=&#8221;1\/3&#8243;][\/vc_column][vc_column width=&#8221;1\/3&#8243;][vc_empty_space height=&#8221;40px&#8221;]<style>.vcex-heading.vcex_69dc2be43e551{color:#ffffff;font-size:60px;font-family:'Titillium Web';font-weight:600;}@media (max-width:1024px){.vcex-heading.vcex_69dc2be43e551{font-size:50px;}}@media (max-width:959px){.vcex-heading.vcex_69dc2be43e551{font-size:50px;}}@media (max-width:767px){.vcex-heading.vcex_69dc2be43e551{font-size:40px;}}@media (max-width:479px){.vcex-heading.vcex_69dc2be43e551{font-size:40px;}}<\/style><div class=\"vcex-heading vcex-heading-plain vcex-module wpex-heading wpex-text-2xl wpex-text-right vcex_69dc2be43e551\"><span class=\"vcex-heading-inner wpex-inline-block\">CONTACTE<\/span><\/div>[vc_empty_space height=&#8221;20px&#8221;][vc_column_text font_weight=&#8221;200&#8243;]\n<p style=\"text-align: right;\"><span style=\"color: #808080; font-size: 24px;\"><span class=\"white-text\">L&#8217;Institut de Recerca i Cirurgia Ocular INOF es troba en els consultoris Vilana del Centre M\u00e8dic Teknon de Barcelona.<\/span><br \/>\n<\/span><\/p>\n[\/vc_column_text][\/vc_column][\/vc_row][vc_row full_width=&#8221;stretch_row&#8221; content_placement=&#8221;top&#8221; parallax=&#8221;content-moving&#8221; css=&#8221;.vc_custom_1510525954920{background-position: center;background-repeat: no-repeat !important;background-size: cover !important;}&#8221; min_height=&#8221;500&#8243; visibility=&#8221;visible-phone&#8221;][vc_column width=&#8221;1\/2&#8243;][vc_empty_space height=&#8221;20px&#8221;][vc_single_image image=&#8221;1615&#8243; alignment=&#8221;center&#8221;][\/vc_column][vc_column width=&#8221;1\/2&#8243;]<style>.vcex-heading.vcex_69dc2be44437d{color:#6b6b6b;font-size:40px;font-family:'Titillium Web';font-weight:200;}<\/style><div class=\"vcex-heading vcex-heading-plain vcex-module wpex-heading wpex-text-2xl wpex-text-center vcex_69dc2be44437d\"><span class=\"vcex-heading-inner wpex-inline-block\">CONTACTO<\/span><\/div>[vc_empty_space height=&#8221;20px&#8221;][vc_column_text]\n<p style=\"text-align: center;\"><span style=\"color: #808080; font-size: 24px;\">L&#8217;Institut de Recerca i Cirurgia Ocular INOF es troba en els consultoris Vilana del Centre M\u00e8dic Teknon de Barcelona.<br \/>\n<\/span><\/p>\n[\/vc_column_text][\/vc_column][\/vc_row][vc_row visibility=&#8221;hidden-phone&#8221;][vc_column][vc_empty_space height=&#8221;30px&#8221;][\/vc_column][\/vc_row][vc_row full_width=&#8221;stretch_row&#8221; column_spacing=&#8221;60&#8243; parallax=&#8221;content-moving&#8221; css=&#8221;.vc_custom_1506942812554{background-position: 0 0;background-repeat: no-repeat !important;}&#8221;][vc_column width=&#8221;1\/2&#8243;][vc_column_text css=&#8221;&#8221;]<span style=\"font-size: 21px;\">Si desitja m\u00e9s informaci\u00f3 sobre qualsevol dels nostres serveis o sol\u00b7licitar una visita, pot trucar-nos al 933.933.156 o enviarnos un correu:<br \/>\n<\/span><\/p>\n[\/vc_column_text][vc_empty_space height=&#8221;30px&#8221;]<div class=\"theme-button-wrap textcenter wpex-clr\"><a href=\"mailto:r&#101;cep&#099;&#105;o&#110;&#064;&#105;n&#111;&#102;&#046;&#101;s\" class=\"vcex-button theme-button align-center inline\"><span class=\"vcex-button-inner theme-button-inner wpex-flex wpex-flex-wrap wpex-items-center wpex-justify-center\">ENVIAR CORREU<\/span><\/a><\/div> [vc_empty_space height=&#8221;30px&#8221;][vc_toggle title=&#8221;AV\u00cdS SOBRE CONFIDENCIALITAT&#8221; css=&#8221;&#8221;]<span style=\"font-size: 13px;\">Aquest missatge i els seus annexos es dirigeixen exclusivament al seu destinatari i poden contenir informaci\u00f3 confidencial. La seva divulgaci\u00f3 est\u00e0 prohibida per la legislaci\u00f3 vigent. Si vost\u00e8 no \u00e9s el destinatari, notifiqui&#8217;l i elimini el missatge. Les dades personals incloses han estat facilitats volunt\u00e0riament i es tracten conforme al Reglament General de Protecci\u00f3 de Dades 2016\/679 i Llei org\u00e0nica de Protecci\u00f3 de Dades Personals i Garantia dels Drets Digitals 3\/2018. Pot exercir els seus drets d&#8217;acc\u00e9s, rectificaci\u00f3, supressi\u00f3, portabilitat, oposici\u00f3 i limitaci\u00f3 al tractament de les seves dades contactant a aquest mateix correu. La seguretat del correu electr\u00f2nic no pot garantir-se, l&#8217;empresa remitent no accepta responsabilitat per errors o omissions en el contingut.<\/span><\/p>\n<p>&nbsp;<\/p>\n<p><span style=\"font-size: 13px;\">OPHTOS INSTITUT, SLP amb CIF B63133227 i domicili social en C\/ VILANA 12, 08022 BARCELONA (BARCELONA), l&#8217;informa que \u00e9s responsable d&#8217;un fitxer de dades de car\u00e0cter personal, la finalitat del qual \u00e9s el manteniment de la relaci\u00f3 comercial i l&#8217;enviament de documentaci\u00f3. L&#8217;informem de la possibilitat que t\u00e9 d&#8217;exercir els drets d&#8217;acc\u00e9s, rectificaci\u00f3, supressi\u00f3, oposici\u00f3, limitaci\u00f3 del tractament i portabilitat, mitjan\u00e7ant un escrit dirigit a C\/ VILANA 12, 08022 BARCELONA (BARCELONA), o b\u00e9 al correu electr\u00f2nic DRA.AGRAFOJO@INOF.ES<\/span><\/p>\n<p><span style=\"font-size: 13px;\">L&#8217;enviament d&#8217;aquest e-mail respon a la totalitat de la legislaci\u00f3 vigent de Protecci\u00f3 de Dades i Garantia de Drets Digitals (LOPDGDD), aix\u00ed com a la Llei de Serveis de la Societat de la Informaci\u00f3 i Comer\u00e7 Electr\u00f2nic (LSSI-CE), de totes maneres, si no desitja rebre m\u00e9s informaci\u00f3 de la nostra empresa, pot enviar-nos un correu electr\u00f2nic amb la paraula \u201cBAIXA\u201d en l&#8217;apartat assumpte.<\/span>[\/vc_toggle][\/vc_column][vc_column width=&#8221;1\/2&#8243;][vc_column_text]\n<div style=\"text-align: left;\"><span style=\"font-size: 21px;\"><strong>Horari de dilluns a divendres<br \/>\n<\/strong><\/span><\/div>\n<div style=\"text-align: left;\"><span style=\"font-size: 21px;\">Mat\u00ed: 10.00 &#8211; 15.00 h<\/span><\/div>\n<div style=\"text-align: left;\"><span style=\"font-size: 21px;\">Tarda: 16.00 &#8211; 21.00 h<\/span><\/div>\n<div><\/div>\n<div>\n<p><span style=\"font-size: 21px;\">Durant aquest horari tamb\u00e9 s&#8217;atendran les visites d&#8217;urg\u00e8ncia.<\/span><\/p>\n<\/div>\n[\/vc_column_text][vc_empty_space height=&#8221;30px&#8221;][vc_gmaps link=&#8221;#E-8_JTNDaWZyYW1lJTIwc3JjJTNEJTIyaHR0cHMlM0ElMkYlMkZ3d3cuZ29vZ2xlLmNvbSUyRm1hcHMlMkZlbWJlZCUzRnBiJTNEJTIxMW0xOCUyMTFtMTIlMjExbTMlMjExZDI5OTIuNDk1NDI1NjQzMDE4MyUyMTJkMi4xMjQ5Njg5NTEyNDA1NDQ1JTIxM2Q0MS40MDY3NjMwMDI2NTQ1MSUyMTJtMyUyMTFmMCUyMTJmMCUyMTNmMCUyMTNtMiUyMTFpMTAyNCUyMTJpNzY4JTIxNGYxMy4xJTIxM20zJTIxMW0yJTIxMXMweDEyYTQ5ODE0NDdmOTZkNzklMjUzQTB4YjgxNDY2N2VkMzQ2MDBhJTIxMnNDZW50cmUlMkJNJTI1QzMlMjVBOGRpYyUyQlRla25vbiUyMTVlMCUyMTNtMiUyMTFzZXMlMjEyc2VzJTIxNHYxNTA2OTQxMTQwNDM2JTIyJTIwd2lkdGglM0QlMjI2MDAlMjIlMjBoZWlnaHQlM0QlMjI0NTAlMjIlMjBmcmFtZWJvcmRlciUzRCUyMjAlMjIlMjBzdHlsZSUzRCUyMmJvcmRlciUzQTAlMjIlMjBhbGxvd2Z1bGxzY3JlZW4lM0UlM0MlMkZpZnJhbWUlM0U=&#8221;][\/vc_column][\/vc_row]\n<\/div>","protected":false},"excerpt":{"rendered":"<p>[vc_row full_width=&#8221;stretch_row&#8221; content_placement=&#8221;middle&#8221; parallax=&#8221;content-moving&#8221; wpex_bg_overlay=&#8221;color&#8221; css=&#8221;.vc_custom_1577996578721{background-image: url(https:\/\/inof.es\/wp-content\/uploads\/2017\/08\/consultorios2.jpg?id=503) !important;background-position: center;background-repeat: no-repeat !important;background-size: cover !important;}&#8221; min_height=&#8221;400&#8243; visibility=&#8221;hidden-phone&#8221; wpex_bg_overlay_color=&#8221;#000000&#8243;][vc_column width=&#8221;1\/3&#8243;][\/vc_column][vc_column width=&#8221;1\/3&#8243;][\/vc_column][vc_column width=&#8221;1\/3&#8243;][vc_empty_space height=&#8221;40px&#8221;][vc_empty_space height=&#8221;20px&#8221;][vc_column_text font_weight=&#8221;200&#8243;] L&#8217;Institut de Recerca i Cirurgia Ocular INOF es troba en els consultoris Vilana del Centre M\u00e8dic Teknon de Barcelona. [\/vc_column_text][\/vc_column][\/vc_row][vc_row full_width=&#8221;stretch_row&#8221; content_placement=&#8221;top&#8221; parallax=&#8221;content-moving&#8221; css=&#8221;.vc_custom_1510525954920{background-position: center;background-repeat: no-repeat !important;background-size: cover !important;}&#8221; min_height=&#8221;500&#8243; visibility=&#8221;visible-phone&#8221;][vc_column width=&#8221;1\/2&#8243;][vc_empty_space height=&#8221;20px&#8221;][vc_single_image&hellip;<\/p>\n","protected":false},"author":1,"featured_media":0,"parent":0,"menu_order":0,"comment_status":"closed","ping_status":"closed","template":"","meta":{"_joinchat":[],"footnotes":""},"class_list":["post-1741","page","type-page","status-publish","hentry","entry","no-media"],"yoast_head":"<!-- This site is optimized with the Yoast SEO plugin v26.8 - https:\/\/yoast.com\/product\/yoast-seo-wordpress\/ -->\n<title>Contacte - Inof | Centro de investigaci\u00f3n y cirug\u00eda ocular<\/title>\n<meta name=\"description\" content=\"L&#039;Institut de Recerca i Cirurgia Ocular INOF es troba als consultoris Vilana del Centre M\u00e8dic Teknon de Barcelona.\" \/>\n<meta name=\"robots\" content=\"index, follow, max-snippet:-1, max-image-preview:large, max-video-preview:-1\" \/>\n<link rel=\"canonical\" href=\"https:\/\/inof.es\/ca\/contacte\/\" \/>\n<meta property=\"og:locale\" content=\"ca_ES\" \/>\n<meta property=\"og:type\" content=\"article\" \/>\n<meta property=\"og:title\" content=\"Contacte - Inof | Centro de investigaci\u00f3n y cirug\u00eda ocular\" \/>\n<meta property=\"og:description\" content=\"L&#039;Institut de Recerca i Cirurgia Ocular INOF es troba als consultoris Vilana del Centre M\u00e8dic Teknon de Barcelona.\" \/>\n<meta property=\"og:url\" content=\"https:\/\/inof.es\/ca\/contacte\/\" \/>\n<meta property=\"og:site_name\" content=\"Inof | Centro de investigaci\u00f3n y cirug\u00eda ocular\" \/>\n<meta property=\"article:publisher\" content=\"https:\/\/www.facebook.com\/OftalmologiaINOF\/\" \/>\n<meta property=\"article:modified_time\" content=\"2025-10-12T15:36:26+00:00\" \/>\n<meta name=\"twitter:card\" content=\"summary_large_image\" \/>\n<meta name=\"twitter:label1\" content=\"Temps estimat de lectura\" \/>\n\t<meta name=\"twitter:data1\" content=\"3 minuts\" \/>\n<script type=\"application\/ld+json\" class=\"yoast-schema-graph\">{\"@context\":\"https:\/\/schema.org\",\"@graph\":[{\"@type\":\"WebPage\",\"@id\":\"https:\/\/inof.es\/ca\/contacte\/\",\"url\":\"https:\/\/inof.es\/ca\/contacte\/\",\"name\":\"Contacte - Inof | Centro de investigaci\u00f3n y cirug\u00eda ocular\",\"isPartOf\":{\"@id\":\"https:\/\/inof.es\/ca\/#website\"},\"datePublished\":\"2017-08-09T19:17:37+00:00\",\"dateModified\":\"2025-10-12T15:36:26+00:00\",\"description\":\"L'Institut de Recerca i Cirurgia Ocular INOF es troba als consultoris Vilana del Centre M\u00e8dic Teknon de Barcelona.\",\"breadcrumb\":{\"@id\":\"https:\/\/inof.es\/ca\/contacte\/#breadcrumb\"},\"inLanguage\":\"ca\",\"potentialAction\":[{\"@type\":\"ReadAction\",\"target\":[\"https:\/\/inof.es\/ca\/contacte\/\"]}]},{\"@type\":\"BreadcrumbList\",\"@id\":\"https:\/\/inof.es\/ca\/contacte\/#breadcrumb\",\"itemListElement\":[{\"@type\":\"ListItem\",\"position\":1,\"name\":\"Portada\",\"item\":\"https:\/\/inof.es\/ca\/\"},{\"@type\":\"ListItem\",\"position\":2,\"name\":\"Contacte\"}]},{\"@type\":\"WebSite\",\"@id\":\"https:\/\/inof.es\/ca\/#website\",\"url\":\"https:\/\/inof.es\/ca\/\",\"name\":\"Centro Inof | Dra. Fdez-Agrafojo\",\"description\":\"Especialistas en estrabismo y oftalmolog\u00eda infantil\",\"publisher\":{\"@id\":\"https:\/\/inof.es\/ca\/#organization\"},\"potentialAction\":[{\"@type\":\"SearchAction\",\"target\":{\"@type\":\"EntryPoint\",\"urlTemplate\":\"https:\/\/inof.es\/ca\/?s={search_term_string}\"},\"query-input\":{\"@type\":\"PropertyValueSpecification\",\"valueRequired\":true,\"valueName\":\"search_term_string\"}}],\"inLanguage\":\"ca\"},{\"@type\":\"Organization\",\"@id\":\"https:\/\/inof.es\/ca\/#organization\",\"name\":\"Centro INOF de la Dra. Fdez-Agrafojo\",\"url\":\"https:\/\/inof.es\/ca\/\",\"logo\":{\"@type\":\"ImageObject\",\"inLanguage\":\"ca\",\"@id\":\"https:\/\/inof.es\/ca\/#\/schema\/logo\/image\/\",\"url\":\"https:\/\/inof.es\/wp-content\/uploads\/2018\/10\/logo-agrafojo.png\",\"contentUrl\":\"https:\/\/inof.es\/wp-content\/uploads\/2018\/10\/logo-agrafojo.png\",\"width\":721,\"height\":332,\"caption\":\"Centro INOF de la Dra. Fdez-Agrafojo\"},\"image\":{\"@id\":\"https:\/\/inof.es\/ca\/#\/schema\/logo\/image\/\"},\"sameAs\":[\"https:\/\/www.facebook.com\/OftalmologiaINOF\/\",\"https:\/\/www.instagram.com\/inof_agrafojo\/\",\"https:\/\/www.linkedin.com\/in\/dora-fern\u00e1ndez-agrafojo\/?ppe=1\",\"https:\/\/www.youtube.com\/channel\/UCOK86vawyDB209S0-i8dFDg\/playlists\"]}]}<\/script>\n<!-- \/ Yoast SEO plugin. -->","yoast_head_json":{"title":"Contacte - Inof | Centro de investigaci\u00f3n y cirug\u00eda ocular","description":"L'Institut de Recerca i Cirurgia Ocular INOF es troba als consultoris Vilana del Centre M\u00e8dic Teknon de Barcelona.","robots":{"index":"index","follow":"follow","max-snippet":"max-snippet:-1","max-image-preview":"max-image-preview:large","max-video-preview":"max-video-preview:-1"},"canonical":"https:\/\/inof.es\/ca\/contacte\/","og_locale":"ca_ES","og_type":"article","og_title":"Contacte - Inof | Centro de investigaci\u00f3n y cirug\u00eda ocular","og_description":"L'Institut de Recerca i Cirurgia Ocular INOF es troba als consultoris Vilana del Centre M\u00e8dic Teknon de Barcelona.","og_url":"https:\/\/inof.es\/ca\/contacte\/","og_site_name":"Inof | Centro de investigaci\u00f3n y cirug\u00eda ocular","article_publisher":"https:\/\/www.facebook.com\/OftalmologiaINOF\/","article_modified_time":"2025-10-12T15:36:26+00:00","twitter_card":"summary_large_image","twitter_misc":{"Temps estimat de lectura":"3 minuts"},"schema":{"@context":"https:\/\/schema.org","@graph":[{"@type":"WebPage","@id":"https:\/\/inof.es\/ca\/contacte\/","url":"https:\/\/inof.es\/ca\/contacte\/","name":"Contacte - Inof | Centro de investigaci\u00f3n y cirug\u00eda ocular","isPartOf":{"@id":"https:\/\/inof.es\/ca\/#website"},"datePublished":"2017-08-09T19:17:37+00:00","dateModified":"2025-10-12T15:36:26+00:00","description":"L'Institut de Recerca i Cirurgia Ocular INOF es troba als consultoris Vilana del Centre M\u00e8dic Teknon de Barcelona.","breadcrumb":{"@id":"https:\/\/inof.es\/ca\/contacte\/#breadcrumb"},"inLanguage":"ca","potentialAction":[{"@type":"ReadAction","target":["https:\/\/inof.es\/ca\/contacte\/"]}]},{"@type":"BreadcrumbList","@id":"https:\/\/inof.es\/ca\/contacte\/#breadcrumb","itemListElement":[{"@type":"ListItem","position":1,"name":"Portada","item":"https:\/\/inof.es\/ca\/"},{"@type":"ListItem","position":2,"name":"Contacte"}]},{"@type":"WebSite","@id":"https:\/\/inof.es\/ca\/#website","url":"https:\/\/inof.es\/ca\/","name":"Centro Inof | Dra. Fdez-Agrafojo","description":"Especialistas en estrabismo y oftalmolog\u00eda infantil","publisher":{"@id":"https:\/\/inof.es\/ca\/#organization"},"potentialAction":[{"@type":"SearchAction","target":{"@type":"EntryPoint","urlTemplate":"https:\/\/inof.es\/ca\/?s={search_term_string}"},"query-input":{"@type":"PropertyValueSpecification","valueRequired":true,"valueName":"search_term_string"}}],"inLanguage":"ca"},{"@type":"Organization","@id":"https:\/\/inof.es\/ca\/#organization","name":"Centro INOF de la Dra. Fdez-Agrafojo","url":"https:\/\/inof.es\/ca\/","logo":{"@type":"ImageObject","inLanguage":"ca","@id":"https:\/\/inof.es\/ca\/#\/schema\/logo\/image\/","url":"https:\/\/inof.es\/wp-content\/uploads\/2018\/10\/logo-agrafojo.png","contentUrl":"https:\/\/inof.es\/wp-content\/uploads\/2018\/10\/logo-agrafojo.png","width":721,"height":332,"caption":"Centro INOF de la Dra. Fdez-Agrafojo"},"image":{"@id":"https:\/\/inof.es\/ca\/#\/schema\/logo\/image\/"},"sameAs":["https:\/\/www.facebook.com\/OftalmologiaINOF\/","https:\/\/www.instagram.com\/inof_agrafojo\/","https:\/\/www.linkedin.com\/in\/dora-fern\u00e1ndez-agrafojo\/?ppe=1","https:\/\/www.youtube.com\/channel\/UCOK86vawyDB209S0-i8dFDg\/playlists"]}]}},"_links":{"self":[{"href":"https:\/\/inof.es\/ca\/wp-json\/wp\/v2\/pages\/1741","targetHints":{"allow":["GET"]}}],"collection":[{"href":"https:\/\/inof.es\/ca\/wp-json\/wp\/v2\/pages"}],"about":[{"href":"https:\/\/inof.es\/ca\/wp-json\/wp\/v2\/types\/page"}],"author":[{"embeddable":true,"href":"https:\/\/inof.es\/ca\/wp-json\/wp\/v2\/users\/1"}],"replies":[{"embeddable":true,"href":"https:\/\/inof.es\/ca\/wp-json\/wp\/v2\/comments?post=1741"}],"version-history":[{"count":12,"href":"https:\/\/inof.es\/ca\/wp-json\/wp\/v2\/pages\/1741\/revisions"}],"predecessor-version":[{"id":5308,"href":"https:\/\/inof.es\/ca\/wp-json\/wp\/v2\/pages\/1741\/revisions\/5308"}],"wp:attachment":[{"href":"https:\/\/inof.es\/ca\/wp-json\/wp\/v2\/media?parent=1741"}],"curies":[{"name":"wp","href":"https:\/\/api.w.org\/{rel}","templated":true}]}}