{"id":1738,"date":"2017-09-27T16:54:32","date_gmt":"2017-09-27T16:54:32","guid":{"rendered":"http:\/\/inof.es\/politica-de-cookies\/"},"modified":"2024-03-28T12:37:09","modified_gmt":"2024-03-28T12:37:09","slug":"politica-de-cookies","status":"publish","type":"page","link":"https:\/\/inof.es\/ca\/politica-de-cookies\/","title":{"rendered":"Pol\u00edtica de cookies"},"content":{"rendered":"<div class=\"wpb-content-wrapper\">[vc_row][vc_column][vc_column_text]Una cookie \u00e9s un fitxer que es descarrega a l\u2019ordinador\/smartphone\/tablet de l\u2019usuari en accedir a determinades p\u00e0gines web per emmagatzemar i recuperar informaci\u00f3 sobre la navegaci\u00f3 que s\u2019efectua des d\u2019aquest equip, per\u00f2 no ens proporcionen informaci\u00f3 ni sobre el seu nom, ni sobre qualsevol altra dada de car\u00e0cter personal seva, constant \u00fanicament a efectes de funcionament, seguretat i estad\u00edstica. Les cookies que utilitzem no poden llegir dades del seu ordinador ni llegir dades d\u2019altres cookies. Pot configurar el seu navegador per a que li avisi en pantalla que va a rebre una cookie. Si l\u2019usuari decideix no acceptar cookies, aix\u00f2 no impedir\u00e0 que pugui accedir a la informaci\u00f3 de www.inof.es.<\/p>\n<p>\u201cOPHTOS INSTITUT, S.L.\u201d utilitza cookies pr\u00f2pies per gestionar els diferents serveis que ofereix a l\u2019usuari, i en funci\u00f3 de la seva finalitat podem distingir entre:<\/p>\n<p>Cookies de sessi\u00f3: S\u00f3n un tipus de cookies dissenyades per recaptar i emmagatzemar dades quan l\u2019usuari inicia sessi\u00f3 a l\u2019\u00e0rea privada de www.inof.es. Aquesta cookie caduca en finalitzar la sessi\u00f3, esborrant-se del seu ordinador.<\/p>\n<p>Cookies persistents: S\u00f3n un tipus de cookies en el qual les dades segueixen emmagatzemats en el terminal i poden ser accedits i tractats durant un per\u00edode definit pel responsable de la cookie, i que pot anar d\u2019uns minuts a diversos anys.<\/p>\n<p>Cookies t\u00e8cniques: S\u00f3n aquelles que permeten a l\u2019usuari la navegaci\u00f3 a trav\u00e9s d\u2019una p\u00e0gina web, plataforma o aplicaci\u00f3 i la utilitzaci\u00f3 de les diferents opcions o serveis que en ella existeixin com, per exemple, controlar el tr\u00e0fic i la comunicaci\u00f3 de dades, identificar la sessi\u00f3, accedir a parts d\u2019acc\u00e9s restringit, recordar els elements que integren una comanda, realitzar el proc\u00e9s de compra d\u2019una comanda, realitzar la sol\u00b7licitud d\u2019inscripci\u00f3 o participaci\u00f3 en un esdeveniment, utilitzar elements de seguretat durant la navegaci\u00f3, emmagatzemar continguts per a la difusi\u00f3 de v\u00eddeos o so o compartir continguts a trav\u00e9s de xarxes socials.<\/p>\n<p>Cookies de personalitzaci\u00f3: S\u00f3n aquelles que permeten a l\u2019usuari accedir al servei amb algunes caracter\u00edstiques de car\u00e0cter general predefinides en funci\u00f3 d\u2019una s\u00e8rie de criteris en el terminal de l\u2019usuari com per exemple serien l\u2019idioma, el tipus de navegador a trav\u00e9s del com accedeix al servei, la configuraci\u00f3 regional des d\u2019on accedeix al servei, etc.<\/p>\n<p>Cookies d\u2019an\u00e0lisi: S\u00f3n aquelles que permeten al responsable de les mateixes, el seguiment i an\u00e0lisi del comportament dels usuaris dels llocs web als quals estan vinculades. La informaci\u00f3 recollida mitjan\u00e7ant aquest tipus de cookies s\u2019utilitza en el mesurament de l\u2019activitat dels llocs web, aplicaci\u00f3 o plataforma i per a l\u2019elaboraci\u00f3 de perfils de navegaci\u00f3 dels usuaris d\u2019aquests llocs, aplicacions i plataformes, amb la finalitat d\u2019introduir millores en funci\u00f3 de l\u2019an\u00e0lisi de les dades d\u2019\u00fas que fan els usuaris del servei.[\/vc_column_text][\/vc_column][\/vc_row][vc_row][vc_column][vc_single_image image=&#8221;4926&#8243;][\/vc_column][\/vc_row][vc_row][vc_column][vc_column_text]Segons el Grup de Treball de l\u2019Article 29, en el seu Dictamen 4\/2012, ha interpretat que entre les cookies exceptuades del compliment de les obligacions establertes en l\u2019article 22.2 de la LSSI, estan les utilitzades per permetre \u00fanicament la comunicaci\u00f3 entre l\u2019equip de l\u2019usuari i la xarxa, i aquelles utilitzades estrictament per prestar un servei expressament sol\u00b7licitat per l\u2019usuari, estant aquelles que tenen per finalitat:<\/p>\n<ul>\n<li>Cookies de \u00abentrada de l\u2019usuari\u00bb<\/li>\n<li>Cookies d\u2019autenticaci\u00f3 o identificaci\u00f3 d\u2019usuari (\u00fanicament de sessi\u00f3)<\/li>\n<li>Cookies de seguretat de l\u2019usuari (Per exemple per detectar intents erronis i reiterats de connexi\u00f3 a un lloc web)<\/li>\n<li>Cookies de sessi\u00f3 de reproductor multim\u00e8dia<\/li>\n<li>Cookies de sessi\u00f3 per equilibrar la c\u00e0rrega<\/li>\n<li>Cookies de personalitzaci\u00f3 de la interf\u00edcie d\u2019usuari<\/li>\n<li>Cookies de complement (plug-in) per intercanviar continguts socials<\/li>\n<\/ul>\n<p>Les cookies de sessi\u00f3 i d\u2019entrada d\u2019usuari se solen utilitzar per rastrejar les accions de l\u2019usuari en emplenar els formularis en l\u00ednia a diverses p\u00e0gines, o com a cistella de la compra per fer el seguiment dels articles que l\u2019usuari ha seleccionat en pr\u00e9mer un bot\u00f3.<\/p>\n<p>Si es desactiva l\u2019acceptaci\u00f3 de les cookies estrictament necess\u00e0ries per a la prestaci\u00f3 de determinats serveis sol\u00b7licitats expressament per l\u2019usuari, no podr\u00e0 consultar i\/o rebre correctament els continguts i serveis de www.inof.es.<\/p>\n<p>A continuaci\u00f3 es relacionen les cookies utilitzades en www.inof.es:<\/p>\n<p><strong>Cookies pr\u00f2pies<\/strong><\/p>\n<ul>\n<li>Estrictament necess\u00e0ries\n<ul>\n<li>Finalitat:\u00a0Serveixen per oferir serveis o recordar configuracions per millorar la seva experi\u00e8ncia de navegaci\u00f3 en el nostre lloc web com, per exemple, les prefer\u00e8ncies de l&#8217;idioma.<\/li>\n<\/ul>\n<\/li>\n<\/ul>\n<p><strong>Cookies de tercers<\/strong><\/p>\n<p><strong>Anal\u00edtiques<\/strong><\/p>\n<ul>\n<li>Google Analytics\n<ul>\n<li>Finalitat:\u00a0Informes estad\u00edstics sobre el tr\u00e0fic del lloc web, la seva audi\u00e8ncia total i l&#8217;audi\u00e8ncia en una determinada campanya publicit\u00e0ria.<\/li>\n<li>Dades:\u00a0N\u00famero de visites, p\u00e0gines o seccions visitades, temps de navegaci\u00f3, pa\u00eds des d&#8217;on es fa la consulta, detalls sobre els navegadors utilitzats.<\/li>\n<\/ul>\n<\/li>\n<\/ul>\n<p><strong>Social<\/strong><\/p>\n<ul>\n<li>Youtube\n<ul>\n<li>Finalitat: Mesurar l&#8217;audi\u00e8ncia dels audiovisuals allotjats en aquest canal.<\/li>\n<li>Dades: N\u00famero de visualitzacions.<\/li>\n<\/ul>\n<\/li>\n<li>Facebook\n<ul>\n<li>Finalitat: Mantenir informats als seguidors en aquesta xarxa de les novetats.<\/li>\n<li>Dades: N\u00famero de visites, comentaris i interaccions.<\/li>\n<\/ul>\n<\/li>\n<li>Linkedin\n<ul>\n<li>Finalitat: Mesurar l&#8217;audi\u00e8ncia i els seguidors.<\/li>\n<li>Dades: Nous contactes (si fos el cas) i visualitzacions realitzades pels usuaris.<\/li>\n<\/ul>\n<\/li>\n<li>Cookie de Google Maps, segons el disposat en la seva <a href=\"https:\/\/policies.google.com\/privacy?hl=es-419\" target=\"_blank\" rel=\"noopener\">pol\u00edtica de privacitat i \u00fas de cookies<\/a>.<\/li>\n<\/ul>\n<p>\u201cOPHTOS INSTITUT, S.L.\u201d tamb\u00e9 utilitza les cookies anal\u00edtiques del servei de Google Analytics per a analitzar la nostra p\u00e0gina web. Aquestes cookies s\u2019utilitzen per a recollir informaci\u00f3 sobre l\u2019\u00fas de la nostra p\u00e0gina web per part dels visitants, utilitzant la informaci\u00f3 per facilitar i millorar la navegaci\u00f3. La desactivaci\u00f3 d\u2019aquestes cookies no afectar\u00e0 a la funcionalitat de www.inof.es.<\/p>\n<p>Google Analytics \u00e9s l\u2019eina anal\u00edtica de Google que ajuda a les diferents p\u00e0gines webs i als propietaris d\u2019aplicatius a entendre la manera en que els seus visitants interactuen amb aquestes. Es poden usar un conjunt de cookies per a recopilar informaci\u00f3 i informar de les estad\u00edstiques d\u2019\u00fas de les p\u00e0gines web sense identificar personalment als visitants de Google. M\u00e9s informaci\u00f3 sobre les cookies de <a href=\"https:\/\/developers.google.com\/analytics\/resources\/concepts\/gaConceptsCookies\" target=\"_blank\" rel=\"noopener\">Google Analytics i informaci\u00f3 sobre la privacitat<\/a>.<\/p>\n<p>Algunes parts de la Web es poden connectar amb diverses xarxes socials com per exemple Facebook, Twitter, Google+, Linkedin, etc., per el que haur\u00e0 de consultar la pol\u00edtica de cookies que aquestes ofereixin en cada cas abans d\u2019utilitzar els seus serveis.<\/p>\n<p>Pot permetre, bloquejar o eliminar les cookies instal\u00b7lades en el seu equip mitjan\u00e7ant la configuraci\u00f3 de les opcions del seu navegador d\u2019Internet. A continuaci\u00f3 li indiquem els links dels principals navegadors on expliquen com:<\/p>\n<p>&#8211; <a href=\"http:\/\/windows.microsoft.com\/es-es\/internet-explorer\/delete-manage-cookies\" target=\"_blank\" rel=\"noopener\">Internet Explorer<\/a><\/p>\n<p>&#8211; <a href=\"https:\/\/support.google.com\/chrome\/answer\/95647?hl=es\" target=\"_blank\" rel=\"noopener\">Google Chrome<\/a><\/p>\n<p>&#8211; <a href=\"https:\/\/support.google.com\/chrome\/answer\/2392971?hl=es\" target=\"_blank\" rel=\"noopener\">Google Chrome per a Android<\/a><\/p>\n<p>&#8211; <a href=\"https:\/\/support.mozilla.org\/es\/kb\/habilitar-y-deshabilitar-cookies-que-los-sitios-we\" target=\"_blank\" rel=\"noopener\">Mozilla Firefox<\/a><\/p>\n<p>&#8211; <a href=\"http:\/\/support.apple.com\/kb\/ph5042\" target=\"_blank\" rel=\"noopener\">Safari<\/a><\/p>\n<p>&#8211; <a href=\"http:\/\/support.apple.com\/kb\/ht1677?viewlocale=es_es&amp;locale=es_es\" target=\"_blank\" rel=\"noopener\">Safari per a IOS<\/a> (iPhone &#8211; iPad)<\/p>\n<p>Aquests navegadors estan sotmesos a constants actualitzacions i modificacions, per el que no podem garantir que s\u2019ajustin completament a la versi\u00f3 del seu navegador actual. Tamb\u00e9 \u00e9s possible que utilitzi un altre navegador no contemplat en aquests enlla\u00e7os, per el que haur\u00e0 de consultar l\u2019ajuda del seu navegador per configurar l\u2019\u00fas de cookies.<\/p>\n<p>Si volgu\u00e9s retirar en qualsevol moment el seu consentiment relacionat amb la present Pol\u00edtica de Cookies, haur\u00e0 d\u2019eliminar les cookies emmagatzemades a trav\u00e9s dels ajustos i configuracions del seu navegador d\u2019Internet.<\/p>\n<p>La present Pol\u00edtica de Cookies t\u00e9 per finalitat informar-li de manera clara i precisa sobre les cookies que s\u2019utilitzen a www.inof.es. En cas que vulgui m\u00e9s informaci\u00f3 sobre l\u2019\u00fas de les cookies podr\u00e0 sol\u00b7licitar-ho per correu electr\u00f2nic a <a href=\"mailto:agrafojo@inof.es\" target=\"_blank\" rel=\"noopener\">agrafojo@inof.es<\/a>[\/vc_column_text][\/vc_column][\/vc_row]\n<\/div>","protected":false},"excerpt":{"rendered":"<p>[vc_row][vc_column][vc_column_text]Una cookie \u00e9s un fitxer que es descarrega a l\u2019ordinador\/smartphone\/tablet de l\u2019usuari en accedir a determinades p\u00e0gines web per emmagatzemar i recuperar informaci\u00f3 sobre la navegaci\u00f3 que s\u2019efectua des d\u2019aquest equip, per\u00f2 no ens proporcionen informaci\u00f3 ni sobre el seu nom, ni sobre qualsevol altra dada de car\u00e0cter personal seva, constant \u00fanicament a efectes de&hellip;<\/p>\n","protected":false},"author":1,"featured_media":0,"parent":0,"menu_order":0,"comment_status":"closed","ping_status":"closed","template":"","meta":{"_joinchat":[],"footnotes":""},"class_list":["post-1738","page","type-page","status-publish","hentry","entry","no-media"],"yoast_head":"<!-- This site is optimized with the Yoast SEO plugin v26.8 - https:\/\/yoast.com\/product\/yoast-seo-wordpress\/ -->\n<title>Pol\u00edtica de cookies - Inof | Centro de investigaci\u00f3n y cirug\u00eda ocular<\/title>\n<meta name=\"robots\" content=\"index, follow, max-snippet:-1, max-image-preview:large, max-video-preview:-1\" \/>\n<link rel=\"canonical\" href=\"https:\/\/inof.es\/ca\/politica-de-cookies\/\" \/>\n<meta property=\"og:locale\" content=\"ca_ES\" \/>\n<meta property=\"og:type\" content=\"article\" \/>\n<meta property=\"og:title\" content=\"Pol\u00edtica de cookies - Inof | Centro de investigaci\u00f3n y cirug\u00eda ocular\" \/>\n<meta property=\"og:description\" content=\"[vc_row][vc_column][vc_column_text]Una cookie \u00e9s un fitxer que es descarrega a l\u2019ordinador\/smartphone\/tablet de l\u2019usuari en accedir a determinades p\u00e0gines web per emmagatzemar i recuperar informaci\u00f3 sobre la navegaci\u00f3 que s\u2019efectua des d\u2019aquest equip, per\u00f2 no ens proporcionen informaci\u00f3 ni sobre el seu nom, ni sobre qualsevol altra dada de car\u00e0cter personal seva, constant \u00fanicament a efectes de&hellip;\" \/>\n<meta property=\"og:url\" content=\"https:\/\/inof.es\/ca\/politica-de-cookies\/\" \/>\n<meta property=\"og:site_name\" content=\"Inof | Centro de investigaci\u00f3n y cirug\u00eda ocular\" \/>\n<meta property=\"article:publisher\" content=\"https:\/\/www.facebook.com\/OftalmologiaINOF\/\" \/>\n<meta property=\"article:modified_time\" content=\"2024-03-28T12:37:09+00:00\" \/>\n<meta name=\"twitter:card\" content=\"summary_large_image\" \/>\n<meta name=\"twitter:label1\" content=\"Temps estimat de lectura\" \/>\n\t<meta name=\"twitter:data1\" content=\"7 minuts\" \/>\n<script type=\"application\/ld+json\" class=\"yoast-schema-graph\">{\"@context\":\"https:\/\/schema.org\",\"@graph\":[{\"@type\":\"WebPage\",\"@id\":\"https:\/\/inof.es\/ca\/politica-de-cookies\/\",\"url\":\"https:\/\/inof.es\/ca\/politica-de-cookies\/\",\"name\":\"Pol\u00edtica de cookies - Inof | Centro de investigaci\u00f3n y cirug\u00eda ocular\",\"isPartOf\":{\"@id\":\"https:\/\/inof.es\/ca\/#website\"},\"datePublished\":\"2017-09-27T16:54:32+00:00\",\"dateModified\":\"2024-03-28T12:37:09+00:00\",\"breadcrumb\":{\"@id\":\"https:\/\/inof.es\/ca\/politica-de-cookies\/#breadcrumb\"},\"inLanguage\":\"ca\",\"potentialAction\":[{\"@type\":\"ReadAction\",\"target\":[\"https:\/\/inof.es\/ca\/politica-de-cookies\/\"]}]},{\"@type\":\"BreadcrumbList\",\"@id\":\"https:\/\/inof.es\/ca\/politica-de-cookies\/#breadcrumb\",\"itemListElement\":[{\"@type\":\"ListItem\",\"position\":1,\"name\":\"Portada\",\"item\":\"https:\/\/inof.es\/ca\/\"},{\"@type\":\"ListItem\",\"position\":2,\"name\":\"Pol\u00edtica de cookies\"}]},{\"@type\":\"WebSite\",\"@id\":\"https:\/\/inof.es\/ca\/#website\",\"url\":\"https:\/\/inof.es\/ca\/\",\"name\":\"Centro Inof | Dra. Fdez-Agrafojo\",\"description\":\"Especialistas en estrabismo y oftalmolog\u00eda infantil\",\"publisher\":{\"@id\":\"https:\/\/inof.es\/ca\/#organization\"},\"potentialAction\":[{\"@type\":\"SearchAction\",\"target\":{\"@type\":\"EntryPoint\",\"urlTemplate\":\"https:\/\/inof.es\/ca\/?s={search_term_string}\"},\"query-input\":{\"@type\":\"PropertyValueSpecification\",\"valueRequired\":true,\"valueName\":\"search_term_string\"}}],\"inLanguage\":\"ca\"},{\"@type\":\"Organization\",\"@id\":\"https:\/\/inof.es\/ca\/#organization\",\"name\":\"Centro INOF de la Dra. Fdez-Agrafojo\",\"url\":\"https:\/\/inof.es\/ca\/\",\"logo\":{\"@type\":\"ImageObject\",\"inLanguage\":\"ca\",\"@id\":\"https:\/\/inof.es\/ca\/#\/schema\/logo\/image\/\",\"url\":\"https:\/\/inof.es\/wp-content\/uploads\/2018\/10\/logo-agrafojo.png\",\"contentUrl\":\"https:\/\/inof.es\/wp-content\/uploads\/2018\/10\/logo-agrafojo.png\",\"width\":721,\"height\":332,\"caption\":\"Centro INOF de la Dra. Fdez-Agrafojo\"},\"image\":{\"@id\":\"https:\/\/inof.es\/ca\/#\/schema\/logo\/image\/\"},\"sameAs\":[\"https:\/\/www.facebook.com\/OftalmologiaINOF\/\",\"https:\/\/www.instagram.com\/inof_agrafojo\/\",\"https:\/\/www.linkedin.com\/in\/dora-fern\u00e1ndez-agrafojo\/?ppe=1\",\"https:\/\/www.youtube.com\/channel\/UCOK86vawyDB209S0-i8dFDg\/playlists\"]}]}<\/script>\n<!-- \/ Yoast SEO plugin. -->","yoast_head_json":{"title":"Pol\u00edtica de cookies - Inof | Centro de investigaci\u00f3n y cirug\u00eda ocular","robots":{"index":"index","follow":"follow","max-snippet":"max-snippet:-1","max-image-preview":"max-image-preview:large","max-video-preview":"max-video-preview:-1"},"canonical":"https:\/\/inof.es\/ca\/politica-de-cookies\/","og_locale":"ca_ES","og_type":"article","og_title":"Pol\u00edtica de cookies - Inof | Centro de investigaci\u00f3n y cirug\u00eda ocular","og_description":"[vc_row][vc_column][vc_column_text]Una cookie \u00e9s un fitxer que es descarrega a l\u2019ordinador\/smartphone\/tablet de l\u2019usuari en accedir a determinades p\u00e0gines web per emmagatzemar i recuperar informaci\u00f3 sobre la navegaci\u00f3 que s\u2019efectua des d\u2019aquest equip, per\u00f2 no ens proporcionen informaci\u00f3 ni sobre el seu nom, ni sobre qualsevol altra dada de car\u00e0cter personal seva, constant \u00fanicament a efectes de&hellip;","og_url":"https:\/\/inof.es\/ca\/politica-de-cookies\/","og_site_name":"Inof | Centro de investigaci\u00f3n y cirug\u00eda ocular","article_publisher":"https:\/\/www.facebook.com\/OftalmologiaINOF\/","article_modified_time":"2024-03-28T12:37:09+00:00","twitter_card":"summary_large_image","twitter_misc":{"Temps estimat de lectura":"7 minuts"},"schema":{"@context":"https:\/\/schema.org","@graph":[{"@type":"WebPage","@id":"https:\/\/inof.es\/ca\/politica-de-cookies\/","url":"https:\/\/inof.es\/ca\/politica-de-cookies\/","name":"Pol\u00edtica de cookies - Inof | Centro de investigaci\u00f3n y cirug\u00eda ocular","isPartOf":{"@id":"https:\/\/inof.es\/ca\/#website"},"datePublished":"2017-09-27T16:54:32+00:00","dateModified":"2024-03-28T12:37:09+00:00","breadcrumb":{"@id":"https:\/\/inof.es\/ca\/politica-de-cookies\/#breadcrumb"},"inLanguage":"ca","potentialAction":[{"@type":"ReadAction","target":["https:\/\/inof.es\/ca\/politica-de-cookies\/"]}]},{"@type":"BreadcrumbList","@id":"https:\/\/inof.es\/ca\/politica-de-cookies\/#breadcrumb","itemListElement":[{"@type":"ListItem","position":1,"name":"Portada","item":"https:\/\/inof.es\/ca\/"},{"@type":"ListItem","position":2,"name":"Pol\u00edtica de cookies"}]},{"@type":"WebSite","@id":"https:\/\/inof.es\/ca\/#website","url":"https:\/\/inof.es\/ca\/","name":"Centro Inof | Dra. Fdez-Agrafojo","description":"Especialistas en estrabismo y oftalmolog\u00eda infantil","publisher":{"@id":"https:\/\/inof.es\/ca\/#organization"},"potentialAction":[{"@type":"SearchAction","target":{"@type":"EntryPoint","urlTemplate":"https:\/\/inof.es\/ca\/?s={search_term_string}"},"query-input":{"@type":"PropertyValueSpecification","valueRequired":true,"valueName":"search_term_string"}}],"inLanguage":"ca"},{"@type":"Organization","@id":"https:\/\/inof.es\/ca\/#organization","name":"Centro INOF de la Dra. Fdez-Agrafojo","url":"https:\/\/inof.es\/ca\/","logo":{"@type":"ImageObject","inLanguage":"ca","@id":"https:\/\/inof.es\/ca\/#\/schema\/logo\/image\/","url":"https:\/\/inof.es\/wp-content\/uploads\/2018\/10\/logo-agrafojo.png","contentUrl":"https:\/\/inof.es\/wp-content\/uploads\/2018\/10\/logo-agrafojo.png","width":721,"height":332,"caption":"Centro INOF de la Dra. Fdez-Agrafojo"},"image":{"@id":"https:\/\/inof.es\/ca\/#\/schema\/logo\/image\/"},"sameAs":["https:\/\/www.facebook.com\/OftalmologiaINOF\/","https:\/\/www.instagram.com\/inof_agrafojo\/","https:\/\/www.linkedin.com\/in\/dora-fern\u00e1ndez-agrafojo\/?ppe=1","https:\/\/www.youtube.com\/channel\/UCOK86vawyDB209S0-i8dFDg\/playlists"]}]}},"_links":{"self":[{"href":"https:\/\/inof.es\/ca\/wp-json\/wp\/v2\/pages\/1738","targetHints":{"allow":["GET"]}}],"collection":[{"href":"https:\/\/inof.es\/ca\/wp-json\/wp\/v2\/pages"}],"about":[{"href":"https:\/\/inof.es\/ca\/wp-json\/wp\/v2\/types\/page"}],"author":[{"embeddable":true,"href":"https:\/\/inof.es\/ca\/wp-json\/wp\/v2\/users\/1"}],"replies":[{"embeddable":true,"href":"https:\/\/inof.es\/ca\/wp-json\/wp\/v2\/comments?post=1738"}],"version-history":[{"count":6,"href":"https:\/\/inof.es\/ca\/wp-json\/wp\/v2\/pages\/1738\/revisions"}],"predecessor-version":[{"id":4929,"href":"https:\/\/inof.es\/ca\/wp-json\/wp\/v2\/pages\/1738\/revisions\/4929"}],"wp:attachment":[{"href":"https:\/\/inof.es\/ca\/wp-json\/wp\/v2\/media?parent=1738"}],"curies":[{"name":"wp","href":"https:\/\/api.w.org\/{rel}","templated":true}]}}