{"id":1732,"date":"2017-09-27T16:43:44","date_gmt":"2017-09-27T16:43:44","guid":{"rendered":"http:\/\/inof.es\/aviso-legal\/"},"modified":"2022-07-17T20:08:29","modified_gmt":"2022-07-17T20:08:29","slug":"avis-legal","status":"publish","type":"page","link":"https:\/\/inof.es\/ca\/avis-legal\/","title":{"rendered":"Av\u00eds legal"},"content":{"rendered":"<div class=\"wpb-content-wrapper\">[vc_row][vc_column][vc_column_text]<strong>DADES IDENTIFICATIVES<\/strong><\/p>\n<p>En compliment amb el deure d\u2019informaci\u00f3 recollit a l\u2019article 10 de la Llei 34\/2002, d\u201911 de juliol, de Serveis de la Societat de la Informaci\u00f3 i del Comer\u00e7 Electr\u00f2nic, a continuaci\u00f3 es faciliten les seg\u00fcents dades:<\/p>\n<p>El titular d\u2019aquesta website \u00e9s \u201cOPHTOS INSTITUT, S.L.\u201d, amb domicili a C\/Vilana 12, Despatx 156-157, 08022 de Barcelona, amb n\u00famero de NIF: B63133227, inscrita al Registre Mercantil de Barcelona al Volum 35399, Foli 187, Fulla B266408, Inscripci\u00f3 1\u00aa. Correu electr\u00f2nic de contacte <a href=\"mailto:dra.agrafojo@inof.es\" target=\"_blank\" rel=\"noopener\">dra.agrafojo@inof.es<\/a><\/p>\n<p>La informaci\u00f3 continguda a www.inof.es, constitueix un servei d\u2019informaci\u00f3 dels diversos serveis que ofereix \u201cOPHTOS INSTITUT, S.L.\u201d (des d\u2019ara \u201cOPHTOS\u201d) en l\u2019\u00e0mbit de l\u2019assist\u00e8ncia m\u00e8dica i oftalmol\u00f2gica i serveis relacionats.<\/p>\n<p><strong>ACCEPTACI\u00d3 DE LES CONDICIONS D\u2019\u00daS<\/strong><\/p>\n<p>L\u2019acc\u00e9s al Web www.inof.es implica l\u2019acceptaci\u00f3 de les condicions d\u2019\u00fas que en cada moment es trobin vigents en aquesta Web.<\/p>\n<p><strong>PROPIETAT INTEL\u00b7LECTUAL<\/strong><\/p>\n<p>El codi font, els dissenys gr\u00e0fics, les imatges, les fotografies, les animacions, el software, els textos, aix\u00ed com la informaci\u00f3 i els seus continguts que es recullen en www.inof.es estan protegits per la legislaci\u00f3 espanyola i la normativa de drets de propietat intel\u00b7lectual i industrial a favor de \u201cOPHTOS\u201d i no es permet la reproducci\u00f3, total o parcial, d\u2019aquesta Web, ni el seu tractament inform\u00e0tic, comunicaci\u00f3 p\u00fablica, distribuci\u00f3, difusi\u00f3, modificaci\u00f3, transformaci\u00f3 o descompilaci\u00f3, sense el perm\u00eds previ i per escrit del seu titular, \u201cOPHTOS\u201d de conformitat amb els articles 8 i 32 Llei de Propietat Intel\u00b7lectual.<\/p>\n<p>L\u2019usuari, \u00fanica i exclusivament podr\u00e0 utilitzar el material que aparegui en aquesta Web pel seu \u00fas personal i privat, quedant prohibida la seva utilitzaci\u00f3 amb finalitats comercials o per inc\u00f3rrer en activitats il\u00b7l\u00edcites. Tots els drets derivats de la propietat intel\u00b7lectual estan expressament reservats per \u201cOPHTOS\u201d.<\/p>\n<p>\u201cOPHTOS\u201d vetllar\u00e0 pel compliment de les anteriors condicions i pel correcte \u00fas dels continguts presentats en el seu portal, exercint totes les accions civils i penals que li corresponguin en el cas d\u2019infracci\u00f3 o incompliment d\u2019aquests drets per part de l\u2019usuari.<\/p>\n<p><strong>PROTECCI\u00d3 DE DADES DE CAR\u00c0CTER PERSONAL<\/strong><\/p>\n<p>L\u2019acc\u00e9s a la p\u00e0gina Web o la seva utilitzaci\u00f3 no implica una recollida de dades personals de l\u2019usuari per part de \u201cOPHTOS\u201d. No obstant, es comunica que, en el cas que \u201cOPHTOS\u201d sol\u00b7liciti dades personals, s\u2019informar\u00e0 degudament a l\u2019usuari conforme al qual s\u2019estableix en el Reglament General de Protecci\u00f3 de Dades i a altra normativa d\u2019aplicaci\u00f3 relativa a la protecci\u00f3 de dades.<\/p>\n<p>Les Dades Personals que recull \u201cOPHTOS\u201d en els diferents tipus de formularis, seran tractats amb la finalitat de donar resposta a la sol\u00b7licitud realitzada per l\u2019interessat, aix\u00ed com per al manteniment de la relaci\u00f3 que si s\u2019escau s\u2019estableixi, i la gesti\u00f3, administraci\u00f3, informaci\u00f3, prestaci\u00f3 i millora dels serveis que decideixi contractar.<\/p>\n<p>Per a una informaci\u00f3 m\u00e9s detallada quant a la Protecci\u00f3 de Dades, haur\u00e0 d\u2019accedir a la nostra <a href=\"https:\/\/inof.es\/ca\/politica-de-privacitat\/\">Pol\u00edtica de Privacitat<\/a>.<\/p>\n<p>\u201cOPHTOS\u201d ha pres les mesures de caire t\u00e8cniques i organitzatives necess\u00e0ries per garantir la seguretat de les dades i evitar la seva alteraci\u00f3, p\u00e8rdua, tractament o acc\u00e9s no autoritzat, tenint en compte l\u2019estat de la tecnologia, la naturalesa de les dades emmagatzemades i els riscos pels quals es troben exposats, ja provinguin de l\u2019acci\u00f3 humana o del mitj\u00e0 f\u00edsic o natural.<\/p>\n<p><strong>DADES EN XARXES SOCIALS<\/strong><\/p>\n<p>\u201cOPHTOS\u201d disposa de perfils en diferents xarxes socials, per tant hem d\u2019advertir a l\u2019usuari que totes aquelles dades que publiqui en aquests perfils seran vistos per tots aquells usuaris que interactu\u00efn o consultin amb aquests perfils, tinguin aquests o no el seu propi perfil a la xarxa social, ja que tots els perfils de \u201cOPHTOS\u201d s\u00f3n p\u00fablics. En conseq\u00fc\u00e8ncia, tota la informaci\u00f3 i continguts publicats per l\u2019usuari en els perfils de \u201cOPHTOS\u201d, ser\u00e0 objecte de comunicaci\u00f3 a la resta d\u2019usuaris per la mateixa naturalesa del servei. Li recomanem que consulti les Pol\u00edtiques de Privacitat de les xarxes socials abans d\u2019utilitzar aquests serveis.<\/p>\n<p>En el cas que l\u2019usuari envi\u00ef informaci\u00f3 de qualsevol tipus a \u201cOPHTOS\u201d, sobretot en el cas de dades de tercers, a trav\u00e9s de les xarxes socials, aquest declara i garanteix que est\u00e0 legitimat a enviar aquesta informaci\u00f3 i que no infringeix cap dret de propietat intel\u00b7lectual, de marca, de patent, secret comercial, o qualsevol altre dret de tercer, que la informaci\u00f3 no t\u00e9 car\u00e0cter confidencial i que no danya o of\u00e8n a tercers.<\/p>\n<p>\u201cOPHTOS\u201d nom\u00e9s es responsable i garanteix la confidencialitat, seguretat i tractament de les dades conforme la legislaci\u00f3 vigent, respecte a les dades recollides directament de l\u2019usuari, no tenint cap mena de responsabilitat respecte dels tractaments i posteriors usos que la xarxa social pogu\u00e9s efectuar.<\/p>\n<p><strong>LIMITACI\u00d3 DE LA RESPONSABILITAT<\/strong><\/p>\n<p>\u201cOPHTOS\u201d no es responsabilitza dels possibles danys o perjudicis que puguin succeir com a conseq\u00fc\u00e8ncia de l\u2019\u00fas dels continguts de la Web, sent d\u2019exclusiva responsabilitat de l\u2019usuari que accedeixi a aquests.<\/p>\n<p>En el mateix sentit, \u201cOPHTOS\u201d no es responsabilitza dels possibles perjudicis que es puguin derivar de l\u2019\u00fas d\u2019una versi\u00f3 no actualitzada o defectuosa del navegador, d\u2019interrupcions en la connexi\u00f3 que es produeixin durant la transmissi\u00f3 de dades, virus inform\u00e0tics, avaries o desconnexions en el funcionament del sistema telem\u00e0tic, de blocatges causats per defici\u00e8ncies o sobrec\u00e0rregues de l\u00ednies telef\u00f2niques, aix\u00ed com de danys provocats per terceres persones mitjan\u00e7ant intromissions no autoritzades.<\/p>\n<p>La Web de \u201cOPHTOS\u201d cont\u00e9 enlla\u00e7os a d\u2019altres p\u00e0gines Web que puguin resultar d\u2019inter\u00e8s pels usuaris. \u201cOPHTOS\u201d no assumeix cap responsabilitat sobre aquests enlla\u00e7os, no podent garantir-se el compliment de pol\u00edtiques de privacitat adequades, motiu pel qual l\u2019usuari accedeix al contingut de les referides p\u00e0gines Web en les condicions d\u2019\u00fas que es fixin en les mateixes i sota la seva exclusiva responsabilitat.<\/p>\n<p>\u201cOPHTOS\u201d no es fa responsable de l\u2019incompliment de qualsevol norma aplicable en la qual pugui inc\u00f3rrer l\u2019usuari en el seu acc\u00e9s al Web www.inof.es i\/o en l\u2019\u00fas de les informacions contingudes en ella.<\/p>\n<p>\u201cOPHTOS\u201d es reserva el dret a interrompre o denegar discrecionalment, en qualsevol moment i sense necessitat d\u2019av\u00eds previ, l\u2019acc\u00e9s de qualsevol usuari als continguts d\u2019acc\u00e9s restringit, quan concorrin algunes de les circumst\u00e0ncies descrites.<\/p>\n<p><strong>ENLLA\u00c7OS<\/strong><\/p>\n<p>Tots els enlla\u00e7os o links, hipertextual, framing o qualsevol altre tipus de connexi\u00f3 virtual a trav\u00e9s de xarxes de telecomunicaci\u00f3 des de qualsevol Web a la nostra p\u00e0gina Web, haur\u00e0 de ser sol\u00b7licitada i autoritzada pr\u00e8viament i per escrit per \u201cOPHTOS\u201d, i si no n\u2019hi ha, els enlla\u00e7os que s\u2019estableixin en aquesta Web, hauran de fer-se a la seva p\u00e0gina d\u2019inici.<\/p>\n<p>Els enlla\u00e7os que es realitzin a p\u00e0gines Web de tercers tenen \u00fanicament una finalitat orientativa, sent el seu objecte posar a disposici\u00f3 de l\u2019usuari altres fonts d\u2019informaci\u00f3 que poguessin ser del seu inter\u00e8s.<\/p>\n<p>\u201cOPHTOS\u201d procura revisar peri\u00f2dicament el contingut dels seus enlla\u00e7os. No obstant, \u00e9s impossible con\u00e8ixer en tot moment el contingut concret dels enlla\u00e7os proposats. Per aquest motiu sol\u00b7licitem la col\u00b7laboraci\u00f3 de qualsevol usuari que accedeixi als referits continguts en el sup\u00f2sit que aquests poguessin ser contraris a la legalitat vigent, moral o ordre p\u00fablic, informant-nos a trav\u00e9s del seg\u00fcent correu electr\u00f2nic <a href=\"mailto:dra.agrafojo@inof.es\" target=\"_blank\" rel=\"noopener\">dra.agrafojo@inof.es<\/a><\/p>\n<p><strong>RESPONSABILITAT<\/strong><\/p>\n<p>En definitiva, l\u2019usuari \u00e9s l\u2019\u00fanic responsable de l\u2019\u00fas que realitzi dels serveis, continguts, enlla\u00e7os (links) i hipertextos inclosos al Web www.inof.es.<\/p>\n<p><strong>POL\u00cdTICA DE PRIVACITAT<\/strong><\/p>\n<p>Les dades de car\u00e0cter personal assolides mitjan\u00e7ant els diferents formularis de registre estan subjectes pels terminis recollits en la nostra <a href=\"https:\/\/inof.es\/ca\/politica-de-privacitat\/\">Pol\u00edtica de Privacitat<\/a>.<\/p>\n<p><strong>RESERVA<\/strong><\/p>\n<p>\u201cOPHTOS\u201d es reserva la facultat a tota hora, sense necessitat d\u2019avis previ, d\u2019efectuar modificacions i actualitzacions de la informaci\u00f3 continguda a la seva Web o a la seva configuraci\u00f3 i presentaci\u00f3. Aix\u00ed mateix es reserva el dret a suspendre temporalment, i sense que sigui necessari previ av\u00eds, l\u2019accessibilitat a la Web per raons d\u2019una eventual necessitat i per efectuar operacions de manteniment, reparaci\u00f3 o millora.<\/p>\n<p>\u201cOPHTOS\u201d es reserva el dret a incloure o retirar de manera total o parcialment de la Web, qualsevol informaci\u00f3 a la seva exclusiva discreci\u00f3.<\/p>\n<p><strong>LLEI APLICABLE I JURISDICCI\u00d3<\/strong><\/p>\n<p>Per totes aquelles q\u00fcestions que puguin sorgir amb motiu d\u2019interpretaci\u00f3, execuci\u00f3 o eventual incompliment de les presents condicions d\u2019utilitzaci\u00f3, els usuaris, amb ren\u00fancia a la seva pr\u00f2pia jurisdicci\u00f3, i amb independ\u00e8ncia del lloc on sorgeixi qualsevol disputa, es sotmetran expressament a la compet\u00e8ncia i jurisdicci\u00f3 dels jutjats i tribunals de Barcelona.<\/p>\n<p>Les presents condicions es regiran, en tot cas, per la legislaci\u00f3 espanyola.<\/p>\n<p>OPHTOS INSTITUT, S.L.<br \/>\nTots els drets reservats[\/vc_column_text][\/vc_column][\/vc_row]\n<\/div>","protected":false},"excerpt":{"rendered":"<p>[vc_row][vc_column][vc_column_text]DADES IDENTIFICATIVES En compliment amb el deure d\u2019informaci\u00f3 recollit a l\u2019article 10 de la Llei 34\/2002, d\u201911 de juliol, de Serveis de la Societat de la Informaci\u00f3 i del Comer\u00e7 Electr\u00f2nic, a continuaci\u00f3 es faciliten les seg\u00fcents dades: El titular d\u2019aquesta website \u00e9s \u201cOPHTOS INSTITUT, S.L.\u201d, amb domicili a C\/Vilana 12, Despatx 156-157, 08022 de&hellip;<\/p>\n","protected":false},"author":1,"featured_media":0,"parent":0,"menu_order":0,"comment_status":"closed","ping_status":"closed","template":"","meta":{"_joinchat":[],"footnotes":""},"class_list":["post-1732","page","type-page","status-publish","hentry","entry","no-media"],"yoast_head":"<!-- This site is optimized with the Yoast SEO plugin v26.8 - https:\/\/yoast.com\/product\/yoast-seo-wordpress\/ -->\n<title>Av\u00eds legal - Inof | Centro de investigaci\u00f3n y cirug\u00eda ocular<\/title>\n<meta name=\"robots\" content=\"index, nofollow, max-snippet:-1, max-image-preview:large, max-video-preview:-1\" \/>\n<link rel=\"canonical\" href=\"https:\/\/inof.es\/ca\/avis-legal\/\" \/>\n<meta property=\"og:locale\" content=\"ca_ES\" \/>\n<meta property=\"og:type\" content=\"article\" \/>\n<meta property=\"og:title\" content=\"Av\u00eds legal - Inof | Centro de investigaci\u00f3n y cirug\u00eda ocular\" \/>\n<meta property=\"og:description\" content=\"[vc_row][vc_column][vc_column_text]DADES IDENTIFICATIVES En compliment amb el deure d\u2019informaci\u00f3 recollit a l\u2019article 10 de la Llei 34\/2002, d\u201911 de juliol, de Serveis de la Societat de la Informaci\u00f3 i del Comer\u00e7 Electr\u00f2nic, a continuaci\u00f3 es faciliten les seg\u00fcents dades: El titular d\u2019aquesta website \u00e9s \u201cOPHTOS INSTITUT, S.L.\u201d, amb domicili a C\/Vilana 12, Despatx 156-157, 08022 de&hellip;\" \/>\n<meta property=\"og:url\" content=\"https:\/\/inof.es\/ca\/avis-legal\/\" \/>\n<meta property=\"og:site_name\" content=\"Inof | Centro de investigaci\u00f3n y cirug\u00eda ocular\" \/>\n<meta property=\"article:publisher\" content=\"https:\/\/www.facebook.com\/OftalmologiaINOF\/\" \/>\n<meta property=\"article:modified_time\" content=\"2022-07-17T20:08:29+00:00\" \/>\n<meta name=\"twitter:card\" content=\"summary_large_image\" \/>\n<meta name=\"twitter:label1\" content=\"Temps estimat de lectura\" \/>\n\t<meta name=\"twitter:data1\" content=\"7 minuts\" \/>\n<script type=\"application\/ld+json\" class=\"yoast-schema-graph\">{\"@context\":\"https:\/\/schema.org\",\"@graph\":[{\"@type\":\"WebPage\",\"@id\":\"https:\/\/inof.es\/ca\/avis-legal\/\",\"url\":\"https:\/\/inof.es\/ca\/avis-legal\/\",\"name\":\"Av\u00eds legal - Inof | Centro de investigaci\u00f3n y cirug\u00eda ocular\",\"isPartOf\":{\"@id\":\"https:\/\/inof.es\/ca\/#website\"},\"datePublished\":\"2017-09-27T16:43:44+00:00\",\"dateModified\":\"2022-07-17T20:08:29+00:00\",\"breadcrumb\":{\"@id\":\"https:\/\/inof.es\/ca\/avis-legal\/#breadcrumb\"},\"inLanguage\":\"ca\",\"potentialAction\":[{\"@type\":\"ReadAction\",\"target\":[\"https:\/\/inof.es\/ca\/avis-legal\/\"]}]},{\"@type\":\"BreadcrumbList\",\"@id\":\"https:\/\/inof.es\/ca\/avis-legal\/#breadcrumb\",\"itemListElement\":[{\"@type\":\"ListItem\",\"position\":1,\"name\":\"Portada\",\"item\":\"https:\/\/inof.es\/ca\/\"},{\"@type\":\"ListItem\",\"position\":2,\"name\":\"Av\u00eds legal\"}]},{\"@type\":\"WebSite\",\"@id\":\"https:\/\/inof.es\/ca\/#website\",\"url\":\"https:\/\/inof.es\/ca\/\",\"name\":\"Centro Inof | Dra. Fdez-Agrafojo\",\"description\":\"Especialistas en estrabismo y oftalmolog\u00eda infantil\",\"publisher\":{\"@id\":\"https:\/\/inof.es\/ca\/#organization\"},\"potentialAction\":[{\"@type\":\"SearchAction\",\"target\":{\"@type\":\"EntryPoint\",\"urlTemplate\":\"https:\/\/inof.es\/ca\/?s={search_term_string}\"},\"query-input\":{\"@type\":\"PropertyValueSpecification\",\"valueRequired\":true,\"valueName\":\"search_term_string\"}}],\"inLanguage\":\"ca\"},{\"@type\":\"Organization\",\"@id\":\"https:\/\/inof.es\/ca\/#organization\",\"name\":\"Centro INOF de la Dra. Fdez-Agrafojo\",\"url\":\"https:\/\/inof.es\/ca\/\",\"logo\":{\"@type\":\"ImageObject\",\"inLanguage\":\"ca\",\"@id\":\"https:\/\/inof.es\/ca\/#\/schema\/logo\/image\/\",\"url\":\"https:\/\/inof.es\/wp-content\/uploads\/2018\/10\/logo-agrafojo.png\",\"contentUrl\":\"https:\/\/inof.es\/wp-content\/uploads\/2018\/10\/logo-agrafojo.png\",\"width\":721,\"height\":332,\"caption\":\"Centro INOF de la Dra. Fdez-Agrafojo\"},\"image\":{\"@id\":\"https:\/\/inof.es\/ca\/#\/schema\/logo\/image\/\"},\"sameAs\":[\"https:\/\/www.facebook.com\/OftalmologiaINOF\/\",\"https:\/\/www.instagram.com\/inof_agrafojo\/\",\"https:\/\/www.linkedin.com\/in\/dora-fern\u00e1ndez-agrafojo\/?ppe=1\",\"https:\/\/www.youtube.com\/channel\/UCOK86vawyDB209S0-i8dFDg\/playlists\"]}]}<\/script>\n<!-- \/ Yoast SEO plugin. -->","yoast_head_json":{"title":"Av\u00eds legal - Inof | Centro de investigaci\u00f3n y cirug\u00eda ocular","robots":{"index":"index","follow":"nofollow","max-snippet":"max-snippet:-1","max-image-preview":"max-image-preview:large","max-video-preview":"max-video-preview:-1"},"canonical":"https:\/\/inof.es\/ca\/avis-legal\/","og_locale":"ca_ES","og_type":"article","og_title":"Av\u00eds legal - Inof | Centro de investigaci\u00f3n y cirug\u00eda ocular","og_description":"[vc_row][vc_column][vc_column_text]DADES IDENTIFICATIVES En compliment amb el deure d\u2019informaci\u00f3 recollit a l\u2019article 10 de la Llei 34\/2002, d\u201911 de juliol, de Serveis de la Societat de la Informaci\u00f3 i del Comer\u00e7 Electr\u00f2nic, a continuaci\u00f3 es faciliten les seg\u00fcents dades: El titular d\u2019aquesta website \u00e9s \u201cOPHTOS INSTITUT, S.L.\u201d, amb domicili a C\/Vilana 12, Despatx 156-157, 08022 de&hellip;","og_url":"https:\/\/inof.es\/ca\/avis-legal\/","og_site_name":"Inof | Centro de investigaci\u00f3n y cirug\u00eda ocular","article_publisher":"https:\/\/www.facebook.com\/OftalmologiaINOF\/","article_modified_time":"2022-07-17T20:08:29+00:00","twitter_card":"summary_large_image","twitter_misc":{"Temps estimat de lectura":"7 minuts"},"schema":{"@context":"https:\/\/schema.org","@graph":[{"@type":"WebPage","@id":"https:\/\/inof.es\/ca\/avis-legal\/","url":"https:\/\/inof.es\/ca\/avis-legal\/","name":"Av\u00eds legal - Inof | Centro de investigaci\u00f3n y cirug\u00eda ocular","isPartOf":{"@id":"https:\/\/inof.es\/ca\/#website"},"datePublished":"2017-09-27T16:43:44+00:00","dateModified":"2022-07-17T20:08:29+00:00","breadcrumb":{"@id":"https:\/\/inof.es\/ca\/avis-legal\/#breadcrumb"},"inLanguage":"ca","potentialAction":[{"@type":"ReadAction","target":["https:\/\/inof.es\/ca\/avis-legal\/"]}]},{"@type":"BreadcrumbList","@id":"https:\/\/inof.es\/ca\/avis-legal\/#breadcrumb","itemListElement":[{"@type":"ListItem","position":1,"name":"Portada","item":"https:\/\/inof.es\/ca\/"},{"@type":"ListItem","position":2,"name":"Av\u00eds legal"}]},{"@type":"WebSite","@id":"https:\/\/inof.es\/ca\/#website","url":"https:\/\/inof.es\/ca\/","name":"Centro Inof | Dra. Fdez-Agrafojo","description":"Especialistas en estrabismo y oftalmolog\u00eda infantil","publisher":{"@id":"https:\/\/inof.es\/ca\/#organization"},"potentialAction":[{"@type":"SearchAction","target":{"@type":"EntryPoint","urlTemplate":"https:\/\/inof.es\/ca\/?s={search_term_string}"},"query-input":{"@type":"PropertyValueSpecification","valueRequired":true,"valueName":"search_term_string"}}],"inLanguage":"ca"},{"@type":"Organization","@id":"https:\/\/inof.es\/ca\/#organization","name":"Centro INOF de la Dra. Fdez-Agrafojo","url":"https:\/\/inof.es\/ca\/","logo":{"@type":"ImageObject","inLanguage":"ca","@id":"https:\/\/inof.es\/ca\/#\/schema\/logo\/image\/","url":"https:\/\/inof.es\/wp-content\/uploads\/2018\/10\/logo-agrafojo.png","contentUrl":"https:\/\/inof.es\/wp-content\/uploads\/2018\/10\/logo-agrafojo.png","width":721,"height":332,"caption":"Centro INOF de la Dra. Fdez-Agrafojo"},"image":{"@id":"https:\/\/inof.es\/ca\/#\/schema\/logo\/image\/"},"sameAs":["https:\/\/www.facebook.com\/OftalmologiaINOF\/","https:\/\/www.instagram.com\/inof_agrafojo\/","https:\/\/www.linkedin.com\/in\/dora-fern\u00e1ndez-agrafojo\/?ppe=1","https:\/\/www.youtube.com\/channel\/UCOK86vawyDB209S0-i8dFDg\/playlists"]}]}},"_links":{"self":[{"href":"https:\/\/inof.es\/ca\/wp-json\/wp\/v2\/pages\/1732","targetHints":{"allow":["GET"]}}],"collection":[{"href":"https:\/\/inof.es\/ca\/wp-json\/wp\/v2\/pages"}],"about":[{"href":"https:\/\/inof.es\/ca\/wp-json\/wp\/v2\/types\/page"}],"author":[{"embeddable":true,"href":"https:\/\/inof.es\/ca\/wp-json\/wp\/v2\/users\/1"}],"replies":[{"embeddable":true,"href":"https:\/\/inof.es\/ca\/wp-json\/wp\/v2\/comments?post=1732"}],"version-history":[{"count":6,"href":"https:\/\/inof.es\/ca\/wp-json\/wp\/v2\/pages\/1732\/revisions"}],"predecessor-version":[{"id":4486,"href":"https:\/\/inof.es\/ca\/wp-json\/wp\/v2\/pages\/1732\/revisions\/4486"}],"wp:attachment":[{"href":"https:\/\/inof.es\/ca\/wp-json\/wp\/v2\/media?parent=1732"}],"curies":[{"name":"wp","href":"https:\/\/api.w.org\/{rel}","templated":true}]}}