{"id":1699,"date":"2017-10-22T17:34:12","date_gmt":"2017-10-22T17:34:12","guid":{"rendered":"http:\/\/inof.es\/que-es-urgente\/"},"modified":"2022-07-17T20:04:47","modified_gmt":"2022-07-17T20:04:47","slug":"que-es-urgent","status":"publish","type":"page","link":"https:\/\/inof.es\/ca\/que-es-urgent\/","title":{"rendered":"Qu\u00e8 \u00e9s urgent?"},"content":{"rendered":"<div class=\"wpb-content-wrapper\">[vc_row full_width=&#8221;stretch_row&#8221; content_placement=&#8221;middle&#8221; parallax=&#8221;content-moving&#8221; wpex_bg_overlay=&#8221;color&#8221; css=&#8221;.vc_custom_1577996154974{background-image: url(https:\/\/inof.es\/wp-content\/uploads\/2017\/10\/que-es-urgente.jpg?id=967) !important;background-position: center;background-repeat: no-repeat !important;background-size: contain !important;}&#8221; min_height=&#8221;400&#8243; visibility=&#8221;hidden-phone&#8221; wpex_bg_overlay_color=&#8221;#000000&#8243;][vc_column width=&#8221;1\/2&#8243;][\/vc_column][vc_column width=&#8221;1\/2&#8243;][vc_empty_space height=&#8221;40px&#8221;]<style>.vcex-heading.vcex_69dc1a3d8dfd4{color:#ffffff;font-size:60px;font-family:'Titillium Web';font-weight:600;}@media (max-width:1024px){.vcex-heading.vcex_69dc1a3d8dfd4{font-size:50px;}}@media (max-width:959px){.vcex-heading.vcex_69dc1a3d8dfd4{font-size:50px;}}@media (max-width:767px){.vcex-heading.vcex_69dc1a3d8dfd4{font-size:40px;}}@media (max-width:479px){.vcex-heading.vcex_69dc1a3d8dfd4{font-size:40px;}}<\/style><div class=\"vcex-heading vcex-heading-plain vcex-module wpex-heading wpex-text-2xl wpex-text-right vcex_69dc1a3d8dfd4\"><span class=\"vcex-heading-inner wpex-inline-block\">QU\u00c8 \u00c9S URGENT?<\/span><\/div>[vc_empty_space height=&#8221;20px&#8221;][vc_column_text font_weight=&#8221;200&#8243;]\n<p style=\"text-align: right;\"><span style=\"font-size: 24px;\"><span class=\"white-text\">Determinats signes o s\u00edmptomes requereixen una valoraci\u00f3 oftalmol\u00f2gica urgent. No demori la visita amb el seu especialista si observa alguna anomalia.<\/span><br \/>\n<\/span><\/p>\n[\/vc_column_text][\/vc_column][\/vc_row][vc_row full_width=&#8221;stretch_row&#8221; parallax=&#8221;content-moving&#8221; css=&#8221;.vc_custom_1510525812637{background-position: center;background-repeat: no-repeat !important;background-size: contain !important;}&#8221; min_height=&#8221;500&#8243; visibility=&#8221;visible-phone&#8221;][vc_column width=&#8221;1\/2&#8243;][vc_empty_space height=&#8221;20px&#8221;][vc_single_image image=&#8221;1607&#8243;][\/vc_column][vc_column width=&#8221;1\/2&#8243;]<style>.vcex-heading.vcex_69dc1a3d902e8{color:#6b6b6b;font-size:40px;font-family:'Titillium Web';font-weight:200;}<\/style><div class=\"vcex-heading vcex-heading-plain vcex-module wpex-heading wpex-text-2xl wpex-text-center vcex_69dc1a3d902e8\"><span class=\"vcex-heading-inner wpex-inline-block\">QU\u00c8 \u00c9S URGENT?<\/span><\/div>[vc_empty_space height=&#8221;20px&#8221;][vc_column_text]\n<p style=\"text-align: center;\"><span style=\"font-size: 24px;\">Determinats signes o s\u00edmptomes requereixen una valoraci\u00f3 oftalmol\u00f2gica urgent. No demori la visita amb el seu especialista si observa alguna anomalia.<br \/>\n<\/span><\/p>\n[\/vc_column_text][\/vc_column][\/vc_row][vc_row][vc_column][vc_empty_space height=&#8221;50px&#8221;]<h2 class=\"vcex-heading vcex-heading-plain vcex-module wpex-heading wpex-text-2xl\"><span class=\"vcex-heading-inner wpex-inline-block\">Casos de consulta urgent<\/span><\/h2>[\/vc_column][\/vc_row][vc_row][vc_column width=&#8221;2\/3&#8243;][vc_tta_accordion shape=&#8221;square&#8221; gap=&#8221;10&#8243; c_icon=&#8221;triangle&#8221; active_section=&#8221;1&#8243;][vc_tta_section title=&#8221;Disminuci\u00f3 brusca de la visi\u00f3&#8221; tab_id=&#8221;1508697199200-45b74b55-de30&#8243;][vc_column_text]Causat per alteracions isqu\u00e8miques agudes a nivell del nervi \u00f2ptic (neuropatia \u00f2ptica isqu\u00e8mica anterior arter\u00edtica o no arter\u00edtica), o a nivell dels vasos interns de la retina (obstrucci\u00f3 de l&#8217;art\u00e8ria central de la retina), per hemorr\u00e0gies en el vitri (retinopatia diab\u00e8tica proliferativa o estrips de retina), o per un despreniment de retina que compromet la m\u00e0cula.[\/vc_column_text][\/vc_tta_section][vc_tta_section title=&#8221;Visi\u00f3 de l\u00ednies \u00abondulades o tortes\u00bb a la part central de la visi\u00f3&#8221; tab_id=&#8221;1508697199415-a07f80e5-f9a6&#8243;][vc_column_text]Indica una alteraci\u00f3 en la m\u00e0cula, que \u00e9s part central de la retina i que ens permet definir els detalls fins, llegir, recon\u00e8ixer cares o conduir. La principal causa \u00e9s la forma humida de la degeneraci\u00f3 macular associada a l&#8217;edat (DMAE) en persones de tercera edat o un altre tipus d&#8217;inflamaci\u00f3 de les capes retinianes en persones de menys edat (com ara una membrana neovascular macular en pacients amb alta miopia).[\/vc_column_text][\/vc_tta_section][vc_tta_section title=&#8221;Aparici\u00f3 sobtada de punts, taques o fils m\u00f2bils&#8221; tab_id=&#8221;1508697267776-baf9856d-26f6&#8243;][vc_column_text]Acompanyat en ocasions de visi\u00f3 de \u00abllums, llampecs o flaixos\u00bb: cal dilatar la pupil\u00b7la i valorar adequadament tota la retina. La major part de vegades est\u00e0 causat per una esllavissada posterior del vitri (DPV), que \u00e9s el gel que ocupa la part posterior de l&#8217;ull i que es troba en \u00edntim contacte amb la retina, sent un proc\u00e9s degeneratiu fisiol\u00f2gic; per\u00f2 conv\u00e9 descartar principalment un estrip de retina (que requereix tractament profil\u00e0ctic amb l\u00e0ser per evitar la seva progressi\u00f3 a un despreniment de retina) hemorr\u00e0gies o un desprendiment de retina ja establert.[\/vc_column_text][\/vc_tta_section][vc_tta_section title=&#8221;Taca fosca fixa en qualsevol part de la visi\u00f3 perif\u00e8rica i que pot empitjorar progressivament&#8221; tab_id=&#8221;1508697299620-423905cf-5122&#8243;][vc_column_text]Les principals causes s\u00f3n un despreniment de retina o alguna alteraci\u00f3 en les vies nervioses que condueixen la informaci\u00f3 des de l&#8217;ull fins al cervell.[\/vc_column_text][\/vc_tta_section][vc_tta_section title=&#8221;Ull vermell amb dolor&#8221; tab_id=&#8221;1508697328173-1d073f74-4021&#8243;][vc_column_text]Conv\u00e9 descartar lesions a la c\u00f2rnia (erosi\u00f3 corneal, cos estrany), infeccions (queratitis bacterianes, sobretot en portadors de lents de contacte), uve\u00eftis anterior (inflamaci\u00f3 de la part interna que s&#8217;encarrega de la irrigaci\u00f3 ocular) o per augments aguts de la pressi\u00f3 intraocular.[\/vc_column_text][\/vc_tta_section][vc_tta_section title=&#8221;Traumatisme ocular&#8221; tab_id=&#8221;1508697354627-8dcbeada-1690&#8243;][vc_column_text]Pot ocasionar alteracions pr\u00e0cticament en qualsevol estructura ocular, des de les parts m\u00e9s anteriors i externes (ferides penetrants en c\u00f2rnia i esclera) fins a les m\u00e9s internes i posteriors com la retina (estrips o despreniments de retina o hemorr\u00e0gies v\u00edtries) o el nervi \u00f2ptic (neuritis \u00f2ptica traum\u00e0tica o avulsions del nervi \u00f2ptic).[\/vc_column_text][\/vc_tta_section][vc_tta_section title=&#8221;Visi\u00f3 doble sobtada&#8221; tab_id=&#8221;1589713945750-8431efb8-c2f9&#8243;][vc_column_text]La visi\u00f3 doble sobtada \u00e9s causa d&#8217;urg\u00e8ncia, sobretot si va acompanyada de dolor o de caiguda de la parpella, ja que dins de les possibles causes es troben malalties que poden ser perilloses.[\/vc_column_text][\/vc_tta_section][\/vc_tta_accordion][\/vc_column][vc_column width=&#8221;1\/3&#8243;][vc_single_image image=&#8221;1567&#8243;][vc_empty_space height=&#8221;15px&#8221;][vc_column_text]Visi\u00f3 normal.[\/vc_column_text][vc_empty_space height=&#8221;15px&#8221;][vc_single_image image=&#8221;1569&#8243;][vc_empty_space height=&#8221;15px&#8221;][vc_column_text]La visi\u00f3 d&#8217;una taca fosca fixa en el seu camp de visi\u00f3 indica una possible patologia de retina o de les terminacions nervioses. \u00c9s urgent fer una consulta amb el seu especialista.[\/vc_column_text][\/vc_column][\/vc_row]\n<\/div>","protected":false},"excerpt":{"rendered":"<p>[vc_row full_width=&#8221;stretch_row&#8221; content_placement=&#8221;middle&#8221; parallax=&#8221;content-moving&#8221; wpex_bg_overlay=&#8221;color&#8221; css=&#8221;.vc_custom_1577996154974{background-image: url(https:\/\/inof.es\/wp-content\/uploads\/2017\/10\/que-es-urgente.jpg?id=967) !important;background-position: center;background-repeat: no-repeat !important;background-size: contain !important;}&#8221; min_height=&#8221;400&#8243; visibility=&#8221;hidden-phone&#8221; wpex_bg_overlay_color=&#8221;#000000&#8243;][vc_column width=&#8221;1\/2&#8243;][\/vc_column][vc_column width=&#8221;1\/2&#8243;][vc_empty_space height=&#8221;40px&#8221;][vc_empty_space height=&#8221;20px&#8221;][vc_column_text font_weight=&#8221;200&#8243;] Determinats signes o s\u00edmptomes requereixen una valoraci\u00f3 oftalmol\u00f2gica urgent. No demori la visita amb el seu especialista si observa alguna anomalia. [\/vc_column_text][\/vc_column][\/vc_row][vc_row full_width=&#8221;stretch_row&#8221; parallax=&#8221;content-moving&#8221; css=&#8221;.vc_custom_1510525812637{background-position: center;background-repeat: no-repeat !important;background-size: contain !important;}&#8221; min_height=&#8221;500&#8243; visibility=&#8221;visible-phone&#8221;][vc_column width=&#8221;1\/2&#8243;][vc_empty_space height=&#8221;20px&#8221;][vc_single_image&hellip;<\/p>\n","protected":false},"author":1,"featured_media":0,"parent":0,"menu_order":0,"comment_status":"closed","ping_status":"closed","template":"","meta":{"_joinchat":[],"footnotes":""},"class_list":["post-1699","page","type-page","status-publish","hentry","entry","no-media"],"yoast_head":"<!-- This site is optimized with the Yoast SEO plugin v26.8 - https:\/\/yoast.com\/product\/yoast-seo-wordpress\/ -->\n<title>Qu\u00e8 \u00e9s urgent? - Inof | Centro de investigaci\u00f3n y cirug\u00eda ocular<\/title>\n<meta name=\"description\" content=\"Qu\u00e8 requereix una consulta d&#039;oftalmologia urgent? La disminuci\u00f3 brusca de la visi\u00f3, veure l\u00ednies ondulades, punts, taques, entre d&#039;altres\" \/>\n<meta name=\"robots\" content=\"index, follow, max-snippet:-1, max-image-preview:large, max-video-preview:-1\" \/>\n<link rel=\"canonical\" href=\"https:\/\/inof.es\/ca\/que-es-urgent\/\" \/>\n<meta property=\"og:locale\" content=\"ca_ES\" \/>\n<meta property=\"og:type\" content=\"article\" \/>\n<meta property=\"og:title\" content=\"Qu\u00e8 \u00e9s urgent? - Inof | Centro de investigaci\u00f3n y cirug\u00eda ocular\" \/>\n<meta property=\"og:description\" content=\"Qu\u00e8 requereix una consulta d&#039;oftalmologia urgent? La disminuci\u00f3 brusca de la visi\u00f3, veure l\u00ednies ondulades, punts, taques, entre d&#039;altres\" \/>\n<meta property=\"og:url\" content=\"https:\/\/inof.es\/ca\/que-es-urgent\/\" \/>\n<meta property=\"og:site_name\" content=\"Inof | Centro de investigaci\u00f3n y cirug\u00eda ocular\" \/>\n<meta property=\"article:publisher\" content=\"https:\/\/www.facebook.com\/OftalmologiaINOF\/\" \/>\n<meta property=\"article:modified_time\" content=\"2022-07-17T20:04:47+00:00\" \/>\n<meta name=\"twitter:card\" content=\"summary_large_image\" \/>\n<meta name=\"twitter:label1\" content=\"Temps estimat de lectura\" \/>\n\t<meta name=\"twitter:data1\" content=\"5 minuts\" \/>\n<script type=\"application\/ld+json\" class=\"yoast-schema-graph\">{\"@context\":\"https:\/\/schema.org\",\"@graph\":[{\"@type\":\"WebPage\",\"@id\":\"https:\/\/inof.es\/ca\/que-es-urgent\/\",\"url\":\"https:\/\/inof.es\/ca\/que-es-urgent\/\",\"name\":\"Qu\u00e8 \u00e9s urgent? - Inof | Centro de investigaci\u00f3n y cirug\u00eda ocular\",\"isPartOf\":{\"@id\":\"https:\/\/inof.es\/ca\/#website\"},\"datePublished\":\"2017-10-22T17:34:12+00:00\",\"dateModified\":\"2022-07-17T20:04:47+00:00\",\"description\":\"Qu\u00e8 requereix una consulta d'oftalmologia urgent? La disminuci\u00f3 brusca de la visi\u00f3, veure l\u00ednies ondulades, punts, taques, entre d'altres\",\"breadcrumb\":{\"@id\":\"https:\/\/inof.es\/ca\/que-es-urgent\/#breadcrumb\"},\"inLanguage\":\"ca\",\"potentialAction\":[{\"@type\":\"ReadAction\",\"target\":[\"https:\/\/inof.es\/ca\/que-es-urgent\/\"]}]},{\"@type\":\"BreadcrumbList\",\"@id\":\"https:\/\/inof.es\/ca\/que-es-urgent\/#breadcrumb\",\"itemListElement\":[{\"@type\":\"ListItem\",\"position\":1,\"name\":\"Portada\",\"item\":\"https:\/\/inof.es\/ca\/\"},{\"@type\":\"ListItem\",\"position\":2,\"name\":\"Qu\u00e8 \u00e9s urgent?\"}]},{\"@type\":\"WebSite\",\"@id\":\"https:\/\/inof.es\/ca\/#website\",\"url\":\"https:\/\/inof.es\/ca\/\",\"name\":\"Centro Inof | Dra. Fdez-Agrafojo\",\"description\":\"Especialistas en estrabismo y oftalmolog\u00eda infantil\",\"publisher\":{\"@id\":\"https:\/\/inof.es\/ca\/#organization\"},\"potentialAction\":[{\"@type\":\"SearchAction\",\"target\":{\"@type\":\"EntryPoint\",\"urlTemplate\":\"https:\/\/inof.es\/ca\/?s={search_term_string}\"},\"query-input\":{\"@type\":\"PropertyValueSpecification\",\"valueRequired\":true,\"valueName\":\"search_term_string\"}}],\"inLanguage\":\"ca\"},{\"@type\":\"Organization\",\"@id\":\"https:\/\/inof.es\/ca\/#organization\",\"name\":\"Centro INOF de la Dra. Fdez-Agrafojo\",\"url\":\"https:\/\/inof.es\/ca\/\",\"logo\":{\"@type\":\"ImageObject\",\"inLanguage\":\"ca\",\"@id\":\"https:\/\/inof.es\/ca\/#\/schema\/logo\/image\/\",\"url\":\"https:\/\/inof.es\/wp-content\/uploads\/2018\/10\/logo-agrafojo.png\",\"contentUrl\":\"https:\/\/inof.es\/wp-content\/uploads\/2018\/10\/logo-agrafojo.png\",\"width\":721,\"height\":332,\"caption\":\"Centro INOF de la Dra. Fdez-Agrafojo\"},\"image\":{\"@id\":\"https:\/\/inof.es\/ca\/#\/schema\/logo\/image\/\"},\"sameAs\":[\"https:\/\/www.facebook.com\/OftalmologiaINOF\/\",\"https:\/\/www.instagram.com\/inof_agrafojo\/\",\"https:\/\/www.linkedin.com\/in\/dora-fern\u00e1ndez-agrafojo\/?ppe=1\",\"https:\/\/www.youtube.com\/channel\/UCOK86vawyDB209S0-i8dFDg\/playlists\"]}]}<\/script>\n<!-- \/ Yoast SEO plugin. -->","yoast_head_json":{"title":"Qu\u00e8 \u00e9s urgent? - Inof | Centro de investigaci\u00f3n y cirug\u00eda ocular","description":"Qu\u00e8 requereix una consulta d'oftalmologia urgent? La disminuci\u00f3 brusca de la visi\u00f3, veure l\u00ednies ondulades, punts, taques, entre d'altres","robots":{"index":"index","follow":"follow","max-snippet":"max-snippet:-1","max-image-preview":"max-image-preview:large","max-video-preview":"max-video-preview:-1"},"canonical":"https:\/\/inof.es\/ca\/que-es-urgent\/","og_locale":"ca_ES","og_type":"article","og_title":"Qu\u00e8 \u00e9s urgent? - Inof | Centro de investigaci\u00f3n y cirug\u00eda ocular","og_description":"Qu\u00e8 requereix una consulta d'oftalmologia urgent? La disminuci\u00f3 brusca de la visi\u00f3, veure l\u00ednies ondulades, punts, taques, entre d'altres","og_url":"https:\/\/inof.es\/ca\/que-es-urgent\/","og_site_name":"Inof | Centro de investigaci\u00f3n y cirug\u00eda ocular","article_publisher":"https:\/\/www.facebook.com\/OftalmologiaINOF\/","article_modified_time":"2022-07-17T20:04:47+00:00","twitter_card":"summary_large_image","twitter_misc":{"Temps estimat de lectura":"5 minuts"},"schema":{"@context":"https:\/\/schema.org","@graph":[{"@type":"WebPage","@id":"https:\/\/inof.es\/ca\/que-es-urgent\/","url":"https:\/\/inof.es\/ca\/que-es-urgent\/","name":"Qu\u00e8 \u00e9s urgent? - Inof | Centro de investigaci\u00f3n y cirug\u00eda ocular","isPartOf":{"@id":"https:\/\/inof.es\/ca\/#website"},"datePublished":"2017-10-22T17:34:12+00:00","dateModified":"2022-07-17T20:04:47+00:00","description":"Qu\u00e8 requereix una consulta d'oftalmologia urgent? La disminuci\u00f3 brusca de la visi\u00f3, veure l\u00ednies ondulades, punts, taques, entre d'altres","breadcrumb":{"@id":"https:\/\/inof.es\/ca\/que-es-urgent\/#breadcrumb"},"inLanguage":"ca","potentialAction":[{"@type":"ReadAction","target":["https:\/\/inof.es\/ca\/que-es-urgent\/"]}]},{"@type":"BreadcrumbList","@id":"https:\/\/inof.es\/ca\/que-es-urgent\/#breadcrumb","itemListElement":[{"@type":"ListItem","position":1,"name":"Portada","item":"https:\/\/inof.es\/ca\/"},{"@type":"ListItem","position":2,"name":"Qu\u00e8 \u00e9s urgent?"}]},{"@type":"WebSite","@id":"https:\/\/inof.es\/ca\/#website","url":"https:\/\/inof.es\/ca\/","name":"Centro Inof | Dra. Fdez-Agrafojo","description":"Especialistas en estrabismo y oftalmolog\u00eda infantil","publisher":{"@id":"https:\/\/inof.es\/ca\/#organization"},"potentialAction":[{"@type":"SearchAction","target":{"@type":"EntryPoint","urlTemplate":"https:\/\/inof.es\/ca\/?s={search_term_string}"},"query-input":{"@type":"PropertyValueSpecification","valueRequired":true,"valueName":"search_term_string"}}],"inLanguage":"ca"},{"@type":"Organization","@id":"https:\/\/inof.es\/ca\/#organization","name":"Centro INOF de la Dra. Fdez-Agrafojo","url":"https:\/\/inof.es\/ca\/","logo":{"@type":"ImageObject","inLanguage":"ca","@id":"https:\/\/inof.es\/ca\/#\/schema\/logo\/image\/","url":"https:\/\/inof.es\/wp-content\/uploads\/2018\/10\/logo-agrafojo.png","contentUrl":"https:\/\/inof.es\/wp-content\/uploads\/2018\/10\/logo-agrafojo.png","width":721,"height":332,"caption":"Centro INOF de la Dra. Fdez-Agrafojo"},"image":{"@id":"https:\/\/inof.es\/ca\/#\/schema\/logo\/image\/"},"sameAs":["https:\/\/www.facebook.com\/OftalmologiaINOF\/","https:\/\/www.instagram.com\/inof_agrafojo\/","https:\/\/www.linkedin.com\/in\/dora-fern\u00e1ndez-agrafojo\/?ppe=1","https:\/\/www.youtube.com\/channel\/UCOK86vawyDB209S0-i8dFDg\/playlists"]}]}},"_links":{"self":[{"href":"https:\/\/inof.es\/ca\/wp-json\/wp\/v2\/pages\/1699","targetHints":{"allow":["GET"]}}],"collection":[{"href":"https:\/\/inof.es\/ca\/wp-json\/wp\/v2\/pages"}],"about":[{"href":"https:\/\/inof.es\/ca\/wp-json\/wp\/v2\/types\/page"}],"author":[{"embeddable":true,"href":"https:\/\/inof.es\/ca\/wp-json\/wp\/v2\/users\/1"}],"replies":[{"embeddable":true,"href":"https:\/\/inof.es\/ca\/wp-json\/wp\/v2\/comments?post=1699"}],"version-history":[{"count":5,"href":"https:\/\/inof.es\/ca\/wp-json\/wp\/v2\/pages\/1699\/revisions"}],"predecessor-version":[{"id":3592,"href":"https:\/\/inof.es\/ca\/wp-json\/wp\/v2\/pages\/1699\/revisions\/3592"}],"wp:attachment":[{"href":"https:\/\/inof.es\/ca\/wp-json\/wp\/v2\/media?parent=1699"}],"curies":[{"name":"wp","href":"https:\/\/api.w.org\/{rel}","templated":true}]}}