{"id":1645,"date":"2017-10-18T11:52:22","date_gmt":"2017-10-18T11:52:22","guid":{"rendered":"http:\/\/inof.es\/cirugia-refractiva\/"},"modified":"2022-07-17T18:58:31","modified_gmt":"2022-07-17T18:58:31","slug":"cirurgia-refractiva","status":"publish","type":"page","link":"https:\/\/inof.es\/ca\/cirurgia-refractiva\/","title":{"rendered":"Cirurgia refractiva"},"content":{"rendered":"<div class=\"wpb-content-wrapper\">[vc_row full_width=&#8221;stretch_row&#8221; content_placement=&#8221;middle&#8221; parallax=&#8221;content-moving&#8221; wpex_bg_overlay=&#8221;color&#8221; css=&#8221;.vc_custom_1577965179924{background-image: url(https:\/\/inof.es\/wp-content\/uploads\/2019\/12\/tratamiento-cirugia-refractiva.jpg?id=3346) !important;background-position: center;background-repeat: no-repeat !important;background-size: cover !important;}&#8221; min_height=&#8221;400&#8243; visibility=&#8221;hidden-phone&#8221; wpex_bg_overlay_color=&#8221;#000000&#8243;][vc_column][vc_empty_space height=&#8221;40px&#8221;]<style>.vcex-heading.vcex_69dc1a3bd8ce9{color:#ffffff;font-size:60px;font-family:'Titillium Web';font-weight:600;}@media (max-width:1024px){.vcex-heading.vcex_69dc1a3bd8ce9{font-size:50px;}}@media (max-width:959px){.vcex-heading.vcex_69dc1a3bd8ce9{font-size:50px;}}@media (max-width:767px){.vcex-heading.vcex_69dc1a3bd8ce9{font-size:40px;}}@media (max-width:479px){.vcex-heading.vcex_69dc1a3bd8ce9{font-size:40px;}}<\/style><div class=\"vcex-heading vcex-heading-plain vcex-module wpex-heading wpex-text-2xl wpex-text-left vcex_69dc1a3bd8ce9\"><span class=\"vcex-heading-inner wpex-inline-block\">CIRURGIA REFRACTIVA<\/span><\/div>[vc_empty_space height=&#8221;20px&#8221;][vc_row_inner content_placement=&#8221;middle&#8221;][vc_column_inner width=&#8221;1\/2&#8243;][vc_column_text font_weight=&#8221;300&#8243;]<span style=\"font-size: 28px; color: #99ccff;\">Eliminem les ulleres perqu\u00e8 es torni a sentir lliure.<\/span>[\/vc_column_text]<div class=\"vcex-spacing wpex-w-100 wpex-clear\" style=\"height:40px;\"><\/div><style>.vcex-button.vcex_69dc1a3bdaac3{background:#5884ca;color:#ffffff!important;padding-inline:20px;font-size:18px;font-weight:600;}.vcex-button.vcex_69dc1a3bdaac3:hover{background:#1c5ec9!important;}.vcex-button.vcex_69dc1a3bdaac3 .theme-button-icon-left{padding-inline-end:20px;}<\/style><div class=\"theme-button-wrap theme-button-block-wrap wpex-block wpex-clear wpex-clr\"><a href=\"tel:933933156\" class=\"vcex-button theme-button align-left block vcex_69dc1a3bdaac3\"><span class=\"vcex-button-inner theme-button-inner wpex-flex wpex-flex-wrap wpex-items-center wpex-justify-center\"><span class=\"vcex-button-icon vcex-icon-wrap theme-button-icon-left\"><span class=\"wpex-icon\" aria-hidden=\"true\"><svg xmlns=\"http:\/\/www.w3.org\/2000\/svg\" viewBox=\"0 0 512 512\"><path d=\"M164.9 24.6c-7.7-18.6-28-28.5-47.4-23.2l-88 24C12.1 30.2 0 46 0 64C0 311.4 200.6 512 448 512c18 0 33.8-12.1 38.6-29.5l24-88c5.3-19.4-4.6-39.7-23.2-47.4l-96-40c-16.3-6.8-35.2-2.1-46.3 11.6L304.7 368C234.3 334.7 177.3 277.7 144 207.3L193.3 167c13.7-11.2 18.4-30 11.6-46.3l-40-96z\"\/><\/svg><\/span><\/span>Demani cita pr\u00e8via 933 933 156<\/span><\/a><\/div> [\/vc_column_inner][vc_column_inner width=&#8221;1\/2&#8243;][\/vc_column_inner][\/vc_row_inner][\/vc_column][\/vc_row][vc_row full_width=&#8221;stretch_row&#8221; parallax=&#8221;content-moving&#8221; css=&#8221;.vc_custom_1510528691688{background-position: 0 0;background-repeat: no-repeat !important;}&#8221; visibility=&#8221;hidden-phone&#8221;][vc_column][vc_empty_space height=&#8221;20px&#8221;][\/vc_column][\/vc_row][vc_row visibility=&#8221;visible-phone&#8221;][vc_column][vc_empty_space height=&#8221;20px&#8221;]<style>.vcex-heading.vcex_69dc1a3bdb22b{color:#6b6b6b;font-size:40px;font-family:'Titillium Web';font-weight:200;}<\/style><div class=\"vcex-heading vcex-heading-plain vcex-module wpex-heading wpex-text-2xl wpex-text-center vcex_69dc1a3bdb22b\"><span class=\"vcex-heading-inner wpex-inline-block\">ESPECIALITATS<\/span><\/div>[vc_empty_space height=&#8221;20px&#8221;]<style>.vcex-heading.vcex_69dc1a3bdb7ed{color:#ffffff;}<\/style><h2 class=\"vcex-heading vcex-heading-plain vcex-module wpex-heading wpex-text-2xl vc_custom_1523275094446 vcex_69dc1a3bdb7ed\"><span class=\"vcex-heading-inner wpex-inline-block\">Cirurgia refractiva<\/span><\/h2>[\/vc_column][\/vc_row][vc_row][vc_column width=&#8221;5\/6&#8243;][vc_tta_tabs shape=&#8221;square&#8221; spacing=&#8221;15&#8243; gap=&#8221;15&#8243; alignment=&#8221;center&#8221; active_section=&#8221;1&#8243; css=&#8221;.vc_custom_1508256027653{border-top-width: 1px !important;border-right-width: 1px !important;border-bottom-width: 1px !important;border-left-width: 1px !important;border-left-color: #cccccc !important;border-right-color: #cccccc !important;border-top-color: #cccccc !important;border-bottom-color: #cccccc !important;}&#8221;][vc_tta_section title=&#8221;Qu\u00e8 es?&#8221; tab_id=&#8221;1508251362686-4ac9fce9-13f73419-8c6b&#8221;]<div class=\"vcex-spacing wpex-w-100 wpex-clear\"><\/div>[vc_row_inner][vc_column_inner width=&#8221;1\/2&#8243;]<h3 class=\"vcex-heading vcex-heading-plain vcex-module wpex-heading wpex-text-2xl\"><span class=\"vcex-heading-inner wpex-inline-block\">Qu\u00e8 \u00e9s la cirurgia refractiva?<\/span><\/h3><div class=\"vcex-spacing wpex-w-100 wpex-clear\"><\/div>[vc_column_text]La cirurgia refractiva agrupa una s\u00e8rie de t\u00e8cniques quir\u00fargiques oculars amb l&#8217;objectiu de eliminar el defecte refractiu de l&#8217;ull, \u00e9s a dir eliminar la necessitat d&#8217;ulleres.<\/p>\n<p>Depenent de l&#8217;edat, del defecte refractiu i de les caracter\u00edstiques de l&#8217;ull s&#8217;aconsella un tipus d&#8217;intervenci\u00f3 o una altra. A vegades no \u00e9s possible realitzar un tipus de cirurgia concret per no posar en perill la salut ocular.[\/vc_column_text][\/vc_column_inner][vc_column_inner width=&#8221;1\/2&#8243;]<div class=\"vcex-spacing wpex-w-100 wpex-clear\" style=\"height:15px;\"><\/div>[vc_video link=&#8221;https:\/\/youtu.be\/FlFw_odTjrk&#8221;]<div class=\"vcex-spacing wpex-w-100 wpex-clear\" style=\"height:15px;\"><\/div>[vc_column_text]Cirurgia refractiva amb l\u00e0ser de femtosegon.[\/vc_column_text][\/vc_column_inner][\/vc_row_inner][\/vc_tta_section][vc_tta_section title=&#8221;Tipus&#8221; tab_id=&#8221;1508256790280-6cca5488-e3c63419-8c6b&#8221;]<div class=\"vcex-spacing wpex-w-100 wpex-clear\"><\/div>[vc_row_inner][vc_column_inner width=&#8221;2\/3&#8243;]<h3 class=\"vcex-heading vcex-heading-plain vcex-module wpex-heading wpex-text-2xl\"><span class=\"vcex-heading-inner wpex-inline-block\">Tipus de cirurgia refractiva<\/span><\/h3><div class=\"vcex-spacing wpex-w-100 wpex-clear\"><\/div>[vc_column_text]<strong>LASIK<\/strong><\/p>\n<p>El l\u00e0ser actua modelant la c\u00f2rnia per corregir les di\u00f2ptries per la calor aplicada amb l\u00e0ser sobre el teixit corneal on impacta. Pr\u00e8viament, es crea una l\u00e0mina superficial de la c\u00f2rnia similar a un full de llibre anomenada flap, d&#8217;unes 100 a 120 micres de gruix. Un cop creada, s&#8217;aixeca, s&#8217;aplica el l\u00e0ser exc\u00edmer i es torna a col\u00b7locar. La recuperaci\u00f3 \u00e9s molt r\u00e0pida perqu\u00e8 amb prou feines queda ferida.<\/p>\n<p>El flap es pot realitzar:<\/p>\n<ul>\n<li>Mitjan\u00e7ant un microqueratom mec\u00e0nic (fulla). \u00c9s la forma cl\u00e0ssica, tot i que cada vegada es fa servir menys en pro del femtosegon.<\/li>\n<li>Mitjan\u00e7ant un l\u00e0ser de Femtosegon. Amb el l\u00e0ser de femtosegon el cirurgi\u00e0 s&#8217;assegura que talla un flap del gruix planificat, d&#8217;una manera m\u00e9s precisa.<\/li>\n<\/ul>\n<p><strong>PRK<\/strong><\/p>\n<p>El l\u00e0ser actua directament sobre la c\u00f2rnia, \u00e9s a dir, no es realitza flap. La recuperaci\u00f3 \u00e9s m\u00e9s lenta perqu\u00e8 ha de cicatritzar una zona m\u00e9s extensa de la c\u00f2rnia, per\u00f2 est\u00e0 indicada en alguns casos (c\u00f2rnies primes, possibilitat alta de traumatismes oculars).<\/p>\n<p><strong>Lent f\u00e0quica<\/strong><\/p>\n<p>Es col\u00b7loca una lent entre l&#8217;iris i el cristal\u00b7l\u00ed. S&#8217;utilitza quan la intervenci\u00f3 amb l\u00e0ser est\u00e0 contraindicada; per exemple quan el pacient t\u00e9 massa miopia.<\/p>\n<p><strong>Extracci\u00f3 del cristal\u00b7l\u00ed transparent<\/strong><\/p>\n<p>\u00c9s una cirurgia semblant a l&#8217;extracci\u00f3 de cataractes. Normalment s&#8217;implanta lent intraocular multifocal, per veure en totes les dist\u00e0ncies. Se sol recomanar per alta graduaci\u00f3 i impossibilitat de cirurgia amb lent f\u00e0quica, o altres motius.[\/vc_column_text][\/vc_column_inner][vc_column_inner width=&#8221;1\/3&#8243;]<div class=\"vcex-spacing wpex-w-100 wpex-clear\" style=\"height:50px;\"><\/div>[vc_single_image image=&#8221;1118&#8243; onclick=&#8221;img_link_large&#8221;][\/vc_column_inner][\/vc_row_inner][\/vc_tta_section][\/vc_tta_tabs][\/vc_column][vc_column visibility=&#8221;visible-desktop&#8221; width=&#8221;1\/6&#8243;][vc_column_text color=&#8221;#ffffff&#8221; font_weight=&#8221;500&#8243; css=&#8221;.vc_custom_1577965462551{padding-top: 10px !important;padding-right: 10px !important;padding-bottom: 10px !important;padding-left: 10px !important;background-color: #5884ca !important;}&#8221;]\n<p style=\"text-align: center;\"><span class=\"white-text\" style=\"font-size: 14px;\">ALTRES ESPECIALITATS<\/span><\/p>\n[\/vc_column_text]<div class=\"vcex-spacing wpex-w-100 wpex-clear\" style=\"height:15px;\"><\/div><style>.vcex-navbar.vcex_69dc1a3bdd47b a.vcex-navbar-link{color:#5884ca;background:#eaeaea;}.vcex-navbar.vcex_69dc1a3bdd47b a.vcex-navbar-link:is(:hover,.active){color:#ffffff;background:#5884ca;}.vcex-navbar.vcex_69dc1a3bdd47b{font-size:14px;}<\/style><nav class=\"vcex-navbar vcex-navbar--expanded vcex-module vcex_69dc1a3bdd47b\"><div class=\"vcex-navbar-inner wpex-clr\"><a href=\"https:\/\/inof.es\/estrabismo-infantil-y-de-adultos\/\" class=\"vcex-navbar-link vcex-navbar-link--663 wpex-block wpex-float-left wpex-mb-5 theme-button clean expanded local-scroll wpex-text-1em has-bg-hover\"><span class=\"vcex-navbar-link-text\">ESTRABISMO<\/span><\/a><a href=\"https:\/\/inof.es\/diagnostico-y-tratamiento-de-la-ambliopia\/\" class=\"vcex-navbar-link vcex-navbar-link--666 wpex-block wpex-float-left wpex-mb-5 theme-button clean expanded local-scroll wpex-text-1em has-bg-hover\"><span class=\"vcex-navbar-link-text\">AMBLIOP\u00cdA<\/span><\/a><a href=\"https:\/\/inof.es\/diagnostico-y-tratamiento-de-la-diplopia\/\" class=\"vcex-navbar-link vcex-navbar-link--4019 wpex-block wpex-float-left wpex-mb-5 theme-button clean expanded local-scroll wpex-text-1em has-bg-hover\"><span class=\"vcex-navbar-link-text\">DIPLOP\u00cdA<\/span><\/a><a href=\"https:\/\/inof.es\/diagnostico-y-tratamiento-de-las-cataratas\/\" class=\"vcex-navbar-link vcex-navbar-link--696 wpex-block wpex-float-left wpex-mb-5 theme-button clean expanded local-scroll wpex-text-1em has-bg-hover\"><span class=\"vcex-navbar-link-text\">CATARATAS<\/span><\/a><a href=\"https:\/\/inof.es\/cirugia-refractiva\/\" class=\"vcex-navbar-link vcex-navbar-link--705 wpex-block wpex-float-left wpex-mb-5 theme-button clean expanded local-scroll wpex-text-1em has-bg-hover\"><span class=\"vcex-navbar-link-text\">CIRUG\u00cdA REFRACTIVA<\/span><\/a><a href=\"https:\/\/inof.es\/estetica-ocular\/\" class=\"vcex-navbar-link vcex-navbar-link--3130 wpex-block wpex-float-left wpex-mb-5 theme-button clean expanded local-scroll wpex-text-1em has-bg-hover\"><span class=\"vcex-navbar-link-text\">EST\u00c9TICA OCULAR<\/span><\/a><a href=\"https:\/\/inof.es\/diagnostico-y-tratamiento-del-glaucoma\/\" class=\"vcex-navbar-link vcex-navbar-link--716 wpex-block wpex-float-left wpex-mb-5 theme-button clean expanded local-scroll wpex-text-1em has-bg-hover\"><span class=\"vcex-navbar-link-text\">GLAUCOMA<\/span><\/a><a href=\"https:\/\/inof.es\/neurooftalmologia\/\" class=\"vcex-navbar-link vcex-navbar-link--745 wpex-block wpex-float-left wpex-mb-5 theme-button clean expanded local-scroll wpex-text-1em has-bg-hover\"><span class=\"vcex-navbar-link-text\">NEURO OFTALMOLG\u00cdA<\/span><\/a><a href=\"https:\/\/inof.es\/diagnostico-y-tratamiento-de-enfermedades-de-la-retina\/\" class=\"vcex-navbar-link vcex-navbar-link--753 wpex-block wpex-float-left wpex-mb-5 theme-button clean expanded local-scroll wpex-text-1em has-bg-hover\"><span class=\"vcex-navbar-link-text\">RETINA<\/span><\/a><a href=\"https:\/\/inof.es\/tratamienots-de-la-superficie-ocular\/\" class=\"vcex-navbar-link vcex-navbar-link--778 wpex-block wpex-float-left wpex-mb-5 theme-button clean expanded local-scroll wpex-text-1em has-bg-hover\"><span class=\"vcex-navbar-link-text\">SUPERFICIE OCULAR<\/span><\/a><a href=\"https:\/\/inof.es\/parpados-orbita-y-vias-lagrimales\/\" class=\"vcex-navbar-link vcex-navbar-link--795 wpex-block wpex-float-left wpex-mb-5 theme-button clean expanded local-scroll wpex-text-1em has-bg-hover\"><span class=\"vcex-navbar-link-text\">P\u00c1RPADOS, \u00d3RBITA Y V\u00cdAS LAGRIMALES<\/span><\/a><a href=\"https:\/\/inof.es\/optometria-clinica\/\" class=\"vcex-navbar-link vcex-navbar-link--808 wpex-block wpex-float-left wpex-mb-5 theme-button clean expanded local-scroll wpex-text-1em has-bg-hover\"><span class=\"vcex-navbar-link-text\">OPTOMETR\u00cdA CL\u00cdNICA<\/span><\/a><\/div><\/nav>[\/vc_column][\/vc_row][vc_row][vc_column]<style>.vcex-heading.vcex_69dc1a3be88f9{color:#ffffff;}<\/style><h2 class=\"vcex-heading vcex-heading-plain vcex-module wpex-heading wpex-text-2xl vc_custom_1523275274323 vcex_69dc1a3be88f9\"><span class=\"vcex-heading-inner wpex-inline-block\">Preguntes freq\u00fcents<\/span><\/h2>[\/vc_column][\/vc_row][vc_row][vc_column][vc_tta_accordion shape=&#8221;square&#8221; gap=&#8221;10&#8243; c_icon=&#8221;triangle&#8221; active_section=&#8221;1&#8243;][vc_tta_section title=&#8221;Quan puc operar-me de miopia \/ hipermetropia?&#8221; tab_id=&#8221;1508266816826-246aed61-1e013419-8c6b&#8221;][vc_column_text]Per poder tractar els defectes de refracci\u00f3 de l&#8217;ull (miopia, hipermetropia i astigmatisme) cal que la graduaci\u00f3 estigui estable i aix\u00f2 sol passar des de l&#8217;adolesc\u00e8ncia als vint anys, segons el cas.[\/vc_column_text][\/vc_tta_section][vc_tta_section title=&#8221;La cirurgia fa mal? Em far\u00e0 mal l&#8217;ull despr\u00e9s de la intervenci\u00f3?&#8221; tab_id=&#8221;1508266862409-d10de19a-04ab3419-8c6b&#8221;][vc_column_text]La cirurgia refractiva es realitza sota anest\u00e8sia local t\u00f2pica (gotes) per la qual cosa durant la intervenci\u00f3 no sentir\u00e0 dolor. Passats uns dies pot ser que noti mol\u00e8sties (m\u00e9s si es fa PRK) per\u00f2 el dolor \u00e9s poc habitual.[\/vc_column_text][\/vc_tta_section][vc_tta_section title=&#8221;Qu\u00e8 passa si moc l&#8217;ull mentre em apliquen el l\u00e0ser?&#8221; tab_id=&#8221;1508266907907-dd75489a-43473419-8c6b&#8221;][vc_column_text]Un dispositiu de seguretat anomenat <em>eye-tracker<\/em> compensa els moviments involuntaris de l&#8217;ull, fent un seguiment de la posici\u00f3 del mateix a intervals de pocs mil\u00b7lisegons i ajustant la direcci\u00f3 del l\u00e0ser en cada moment. Si es mou massa l&#8217;ull, el sistema de seguretat det\u00e9 els polsos del tot.[\/vc_column_text][\/vc_tta_section][vc_tta_section title=&#8221;Quins riscos t\u00e9 la intervenci\u00f3 amb cirurgia refractiva?&#8221; tab_id=&#8221;1508266969929-a76dd542-fc503419-8c6b&#8221;][vc_column_text]Tot i representar un percentatge baix, poden apar\u00e8ixer complicacions. La m\u00e9s comuna \u00e9s la sensaci\u00f3 d&#8217;ull sec (que es pal\u00b7lia amb ll\u00e0grima artificial) i halos al voltant de les llums (que desapareixen passats uns dies en la majoria de casos). Molt menys freq\u00fcent per\u00f2 m\u00e9s important \u00e9s una infecci\u00f3, que normalment t\u00e9 tractament i no sol deixar seq\u00fceles. Sempre es prenen el m\u00e0xim de precaucions per evitar infeccions.[\/vc_column_text][\/vc_tta_section][vc_tta_section title=&#8221;Quins beneficis t\u00e9 operar-se amb cirurgia refractiva?&#8221; tab_id=&#8221;1508267030903-3f559c00-cbbe3419-8c6b&#8221;][vc_column_text]\n<ul>\n<li>Independ\u00e8ncia d&#8217;ulleres i lents de contacte.<\/li>\n<li>Comoditat i llibertat en el dia a dia i quan es pr\u00e0ctica esport.<\/li>\n<li>Cirurgia r\u00e0pida i segura amb una m\u00ednima intervenci\u00f3.<\/li>\n<li>No requereix hospitalitzaci\u00f3; els seus resultats s\u00f3n immediats.<\/li>\n<li>Confort i comoditat.<\/li>\n<li>Millora la seva qualitat de vida.<\/li>\n<li>Evita patologies per l&#8217;\u00fas prolongat de les L.C.<\/li>\n<li>Beneficis est\u00e8tics.<\/li>\n<\/ul>\n[\/vc_column_text][\/vc_tta_section][\/vc_tta_accordion][\/vc_column][\/vc_row]\n<\/div>","protected":false},"excerpt":{"rendered":"<p>[vc_row full_width=&#8221;stretch_row&#8221; content_placement=&#8221;middle&#8221; parallax=&#8221;content-moving&#8221; wpex_bg_overlay=&#8221;color&#8221; css=&#8221;.vc_custom_1577965179924{background-image: url(https:\/\/inof.es\/wp-content\/uploads\/2019\/12\/tratamiento-cirugia-refractiva.jpg?id=3346) !important;background-position: center;background-repeat: no-repeat !important;background-size: cover !important;}&#8221; min_height=&#8221;400&#8243; visibility=&#8221;hidden-phone&#8221; wpex_bg_overlay_color=&#8221;#000000&#8243;][vc_column][vc_empty_space height=&#8221;40px&#8221;][vc_empty_space height=&#8221;20px&#8221;][vc_row_inner content_placement=&#8221;middle&#8221;][vc_column_inner width=&#8221;1\/2&#8243;][vc_column_text font_weight=&#8221;300&#8243;]Eliminem les ulleres perqu\u00e8 es torni a sentir lliure.[\/vc_column_text][\/vc_column_inner][vc_column_inner width=&#8221;1\/2&#8243;][\/vc_column_inner][\/vc_row_inner][\/vc_column][\/vc_row][vc_row full_width=&#8221;stretch_row&#8221; parallax=&#8221;content-moving&#8221; css=&#8221;.vc_custom_1510528691688{background-position: 0 0;background-repeat: no-repeat !important;}&#8221; visibility=&#8221;hidden-phone&#8221;][vc_column][vc_empty_space height=&#8221;20px&#8221;][\/vc_column][\/vc_row][vc_row visibility=&#8221;visible-phone&#8221;][vc_column][vc_empty_space height=&#8221;20px&#8221;][vc_empty_space height=&#8221;20px&#8221;][\/vc_column][\/vc_row][vc_row][vc_column width=&#8221;5\/6&#8243;][vc_tta_tabs shape=&#8221;square&#8221; spacing=&#8221;15&#8243; gap=&#8221;15&#8243; alignment=&#8221;center&#8221; active_section=&#8221;1&#8243; css=&#8221;.vc_custom_1508256027653{border-top-width: 1px !important;border-right-width: 1px !important;border-bottom-width: 1px !important;border-left-width:&hellip;<\/p>\n","protected":false},"author":1,"featured_media":0,"parent":0,"menu_order":0,"comment_status":"closed","ping_status":"closed","template":"","meta":{"_joinchat":[],"footnotes":""},"class_list":["post-1645","page","type-page","status-publish","hentry","entry","no-media"],"yoast_head":"<!-- This site is optimized with the Yoast SEO plugin v26.8 - https:\/\/yoast.com\/product\/yoast-seo-wordpress\/ -->\n<title>Cirurgia refractiva - Inof | Centro de investigaci\u00f3n y cirug\u00eda ocular<\/title>\n<meta name=\"description\" content=\"Cirurgia refractiva: eliminem la necessitat de portar ulleres perqu\u00e8 se senti m\u00e9s lliure. Tota la informaci\u00f3 sobre qu\u00e8 \u00e9s i els tipus.\" \/>\n<meta name=\"robots\" content=\"index, follow, max-snippet:-1, max-image-preview:large, max-video-preview:-1\" \/>\n<link rel=\"canonical\" href=\"https:\/\/inof.es\/ca\/cirurgia-refractiva\/\" \/>\n<meta property=\"og:locale\" content=\"ca_ES\" \/>\n<meta property=\"og:type\" content=\"article\" \/>\n<meta property=\"og:title\" content=\"Cirurgia refractiva - Inof | Centro de investigaci\u00f3n y cirug\u00eda ocular\" \/>\n<meta property=\"og:description\" content=\"Cirurgia refractiva: eliminem la necessitat de portar ulleres perqu\u00e8 se senti m\u00e9s lliure. Tota la informaci\u00f3 sobre qu\u00e8 \u00e9s i els tipus.\" \/>\n<meta property=\"og:url\" content=\"https:\/\/inof.es\/ca\/cirurgia-refractiva\/\" \/>\n<meta property=\"og:site_name\" content=\"Inof | Centro de investigaci\u00f3n y cirug\u00eda ocular\" \/>\n<meta property=\"article:publisher\" content=\"https:\/\/www.facebook.com\/OftalmologiaINOF\/\" \/>\n<meta property=\"article:modified_time\" content=\"2022-07-17T18:58:31+00:00\" \/>\n<meta name=\"twitter:card\" content=\"summary_large_image\" \/>\n<meta name=\"twitter:label1\" content=\"Temps estimat de lectura\" \/>\n\t<meta name=\"twitter:data1\" content=\"7 minuts\" \/>\n<script type=\"application\/ld+json\" class=\"yoast-schema-graph\">{\"@context\":\"https:\/\/schema.org\",\"@graph\":[{\"@type\":\"WebPage\",\"@id\":\"https:\/\/inof.es\/ca\/cirurgia-refractiva\/\",\"url\":\"https:\/\/inof.es\/ca\/cirurgia-refractiva\/\",\"name\":\"Cirurgia refractiva - Inof | Centro de investigaci\u00f3n y cirug\u00eda ocular\",\"isPartOf\":{\"@id\":\"https:\/\/inof.es\/ca\/#website\"},\"datePublished\":\"2017-10-18T11:52:22+00:00\",\"dateModified\":\"2022-07-17T18:58:31+00:00\",\"description\":\"Cirurgia refractiva: eliminem la necessitat de portar ulleres perqu\u00e8 se senti m\u00e9s lliure. Tota la informaci\u00f3 sobre qu\u00e8 \u00e9s i els tipus.\",\"breadcrumb\":{\"@id\":\"https:\/\/inof.es\/ca\/cirurgia-refractiva\/#breadcrumb\"},\"inLanguage\":\"ca\",\"potentialAction\":[{\"@type\":\"ReadAction\",\"target\":[\"https:\/\/inof.es\/ca\/cirurgia-refractiva\/\"]}]},{\"@type\":\"BreadcrumbList\",\"@id\":\"https:\/\/inof.es\/ca\/cirurgia-refractiva\/#breadcrumb\",\"itemListElement\":[{\"@type\":\"ListItem\",\"position\":1,\"name\":\"Portada\",\"item\":\"https:\/\/inof.es\/ca\/\"},{\"@type\":\"ListItem\",\"position\":2,\"name\":\"Cirurgia refractiva\"}]},{\"@type\":\"WebSite\",\"@id\":\"https:\/\/inof.es\/ca\/#website\",\"url\":\"https:\/\/inof.es\/ca\/\",\"name\":\"Centro Inof | Dra. Fdez-Agrafojo\",\"description\":\"Especialistas en estrabismo y oftalmolog\u00eda infantil\",\"publisher\":{\"@id\":\"https:\/\/inof.es\/ca\/#organization\"},\"potentialAction\":[{\"@type\":\"SearchAction\",\"target\":{\"@type\":\"EntryPoint\",\"urlTemplate\":\"https:\/\/inof.es\/ca\/?s={search_term_string}\"},\"query-input\":{\"@type\":\"PropertyValueSpecification\",\"valueRequired\":true,\"valueName\":\"search_term_string\"}}],\"inLanguage\":\"ca\"},{\"@type\":\"Organization\",\"@id\":\"https:\/\/inof.es\/ca\/#organization\",\"name\":\"Centro INOF de la Dra. Fdez-Agrafojo\",\"url\":\"https:\/\/inof.es\/ca\/\",\"logo\":{\"@type\":\"ImageObject\",\"inLanguage\":\"ca\",\"@id\":\"https:\/\/inof.es\/ca\/#\/schema\/logo\/image\/\",\"url\":\"https:\/\/inof.es\/wp-content\/uploads\/2018\/10\/logo-agrafojo.png\",\"contentUrl\":\"https:\/\/inof.es\/wp-content\/uploads\/2018\/10\/logo-agrafojo.png\",\"width\":721,\"height\":332,\"caption\":\"Centro INOF de la Dra. Fdez-Agrafojo\"},\"image\":{\"@id\":\"https:\/\/inof.es\/ca\/#\/schema\/logo\/image\/\"},\"sameAs\":[\"https:\/\/www.facebook.com\/OftalmologiaINOF\/\",\"https:\/\/www.instagram.com\/inof_agrafojo\/\",\"https:\/\/www.linkedin.com\/in\/dora-fern\u00e1ndez-agrafojo\/?ppe=1\",\"https:\/\/www.youtube.com\/channel\/UCOK86vawyDB209S0-i8dFDg\/playlists\"]}]}<\/script>\n<!-- \/ Yoast SEO plugin. -->","yoast_head_json":{"title":"Cirurgia refractiva - Inof | Centro de investigaci\u00f3n y cirug\u00eda ocular","description":"Cirurgia refractiva: eliminem la necessitat de portar ulleres perqu\u00e8 se senti m\u00e9s lliure. Tota la informaci\u00f3 sobre qu\u00e8 \u00e9s i els tipus.","robots":{"index":"index","follow":"follow","max-snippet":"max-snippet:-1","max-image-preview":"max-image-preview:large","max-video-preview":"max-video-preview:-1"},"canonical":"https:\/\/inof.es\/ca\/cirurgia-refractiva\/","og_locale":"ca_ES","og_type":"article","og_title":"Cirurgia refractiva - Inof | Centro de investigaci\u00f3n y cirug\u00eda ocular","og_description":"Cirurgia refractiva: eliminem la necessitat de portar ulleres perqu\u00e8 se senti m\u00e9s lliure. Tota la informaci\u00f3 sobre qu\u00e8 \u00e9s i els tipus.","og_url":"https:\/\/inof.es\/ca\/cirurgia-refractiva\/","og_site_name":"Inof | Centro de investigaci\u00f3n y cirug\u00eda ocular","article_publisher":"https:\/\/www.facebook.com\/OftalmologiaINOF\/","article_modified_time":"2022-07-17T18:58:31+00:00","twitter_card":"summary_large_image","twitter_misc":{"Temps estimat de lectura":"7 minuts"},"schema":{"@context":"https:\/\/schema.org","@graph":[{"@type":"WebPage","@id":"https:\/\/inof.es\/ca\/cirurgia-refractiva\/","url":"https:\/\/inof.es\/ca\/cirurgia-refractiva\/","name":"Cirurgia refractiva - Inof | Centro de investigaci\u00f3n y cirug\u00eda ocular","isPartOf":{"@id":"https:\/\/inof.es\/ca\/#website"},"datePublished":"2017-10-18T11:52:22+00:00","dateModified":"2022-07-17T18:58:31+00:00","description":"Cirurgia refractiva: eliminem la necessitat de portar ulleres perqu\u00e8 se senti m\u00e9s lliure. Tota la informaci\u00f3 sobre qu\u00e8 \u00e9s i els tipus.","breadcrumb":{"@id":"https:\/\/inof.es\/ca\/cirurgia-refractiva\/#breadcrumb"},"inLanguage":"ca","potentialAction":[{"@type":"ReadAction","target":["https:\/\/inof.es\/ca\/cirurgia-refractiva\/"]}]},{"@type":"BreadcrumbList","@id":"https:\/\/inof.es\/ca\/cirurgia-refractiva\/#breadcrumb","itemListElement":[{"@type":"ListItem","position":1,"name":"Portada","item":"https:\/\/inof.es\/ca\/"},{"@type":"ListItem","position":2,"name":"Cirurgia refractiva"}]},{"@type":"WebSite","@id":"https:\/\/inof.es\/ca\/#website","url":"https:\/\/inof.es\/ca\/","name":"Centro Inof | Dra. Fdez-Agrafojo","description":"Especialistas en estrabismo y oftalmolog\u00eda infantil","publisher":{"@id":"https:\/\/inof.es\/ca\/#organization"},"potentialAction":[{"@type":"SearchAction","target":{"@type":"EntryPoint","urlTemplate":"https:\/\/inof.es\/ca\/?s={search_term_string}"},"query-input":{"@type":"PropertyValueSpecification","valueRequired":true,"valueName":"search_term_string"}}],"inLanguage":"ca"},{"@type":"Organization","@id":"https:\/\/inof.es\/ca\/#organization","name":"Centro INOF de la Dra. Fdez-Agrafojo","url":"https:\/\/inof.es\/ca\/","logo":{"@type":"ImageObject","inLanguage":"ca","@id":"https:\/\/inof.es\/ca\/#\/schema\/logo\/image\/","url":"https:\/\/inof.es\/wp-content\/uploads\/2018\/10\/logo-agrafojo.png","contentUrl":"https:\/\/inof.es\/wp-content\/uploads\/2018\/10\/logo-agrafojo.png","width":721,"height":332,"caption":"Centro INOF de la Dra. Fdez-Agrafojo"},"image":{"@id":"https:\/\/inof.es\/ca\/#\/schema\/logo\/image\/"},"sameAs":["https:\/\/www.facebook.com\/OftalmologiaINOF\/","https:\/\/www.instagram.com\/inof_agrafojo\/","https:\/\/www.linkedin.com\/in\/dora-fern\u00e1ndez-agrafojo\/?ppe=1","https:\/\/www.youtube.com\/channel\/UCOK86vawyDB209S0-i8dFDg\/playlists"]}]}},"_links":{"self":[{"href":"https:\/\/inof.es\/ca\/wp-json\/wp\/v2\/pages\/1645","targetHints":{"allow":["GET"]}}],"collection":[{"href":"https:\/\/inof.es\/ca\/wp-json\/wp\/v2\/pages"}],"about":[{"href":"https:\/\/inof.es\/ca\/wp-json\/wp\/v2\/types\/page"}],"author":[{"embeddable":true,"href":"https:\/\/inof.es\/ca\/wp-json\/wp\/v2\/users\/1"}],"replies":[{"embeddable":true,"href":"https:\/\/inof.es\/ca\/wp-json\/wp\/v2\/comments?post=1645"}],"version-history":[{"count":5,"href":"https:\/\/inof.es\/ca\/wp-json\/wp\/v2\/pages\/1645\/revisions"}],"predecessor-version":[{"id":3428,"href":"https:\/\/inof.es\/ca\/wp-json\/wp\/v2\/pages\/1645\/revisions\/3428"}],"wp:attachment":[{"href":"https:\/\/inof.es\/ca\/wp-json\/wp\/v2\/media?parent=1645"}],"curies":[{"name":"wp","href":"https:\/\/api.w.org\/{rel}","templated":true}]}}