{"id":1289,"date":"2017-08-11T10:02:36","date_gmt":"2017-08-11T10:02:36","guid":{"rendered":"http:\/\/inof.es\/mutuas\/"},"modified":"2024-05-22T19:37:42","modified_gmt":"2024-05-22T19:37:42","slug":"companyies-asseguradores-i-telemedicina","status":"publish","type":"page","link":"https:\/\/inof.es\/ca\/companyies-asseguradores-i-telemedicina\/","title":{"rendered":"M\u00fatues"},"content":{"rendered":"<div class=\"wpb-content-wrapper\">[vc_row full_width=&#8221;stretch_row&#8221; content_placement=&#8221;middle&#8221; parallax=&#8221;content-moving&#8221; wpex_bg_overlay=&#8221;color&#8221; css=&#8221;.vc_custom_1577992903616{background-image: url(https:\/\/inof.es\/wp-content\/uploads\/2017\/08\/mutuas-inof.jpg?id=631) !important;background-position: center;background-repeat: no-repeat !important;background-size: contain !important;}&#8221; min_height=&#8221;400&#8243; visibility=&#8221;hidden-phone&#8221; wpex_bg_overlay_color=&#8221;#000000&#8243;][vc_column width=&#8221;1\/3&#8243;][\/vc_column][vc_column width=&#8221;1\/3&#8243;][\/vc_column][vc_column width=&#8221;1\/3&#8243;][vc_empty_space height=&#8221;40px&#8221;]<style>.vcex-heading.vcex_69dc69ed1176e{color:#ffffff;font-size:60px;font-family:'Titillium Web';font-weight:600;}@media (max-width:1024px){.vcex-heading.vcex_69dc69ed1176e{font-size:50px;}}@media (max-width:959px){.vcex-heading.vcex_69dc69ed1176e{font-size:50px;}}@media (max-width:767px){.vcex-heading.vcex_69dc69ed1176e{font-size:40px;}}@media (max-width:479px){.vcex-heading.vcex_69dc69ed1176e{font-size:40px;}}<\/style><div class=\"vcex-heading vcex-heading-plain vcex-module wpex-heading wpex-text-2xl wpex-text-right vcex_69dc69ed1176e\"><span class=\"vcex-heading-inner wpex-inline-block\">M\u00daTUES<\/span><\/div>[vc_empty_space height=&#8221;20px&#8221;][vc_column_text css=&#8221;&#8221; font_weight=&#8221;200&#8243;]\n<p style=\"text-align: right;\"><span class=\"white-text\" style=\"color: #808080; font-size: 24px;\"><span style=\"color: #ffffff;\">L&#8217;Institut de Recerca i Cirurgia Ocular INOF t\u00e9 acords amb les principals companyies asseguradores del nostre pa\u00eds.<\/span><br \/>\n<\/span><\/p>\n[\/vc_column_text][\/vc_column][\/vc_row][vc_row full_width=&#8221;stretch_row&#8221; content_placement=&#8221;top&#8221; parallax=&#8221;content-moving&#8221; css=&#8221;.vc_custom_1510519547100{background-position: center;background-repeat: no-repeat !important;background-size: contain !important;}&#8221; min_height=&#8221;500&#8243; visibility=&#8221;visible-phone&#8221;][vc_column width=&#8221;1\/2&#8243;][vc_empty_space height=&#8221;20px&#8221;][vc_single_image image=&#8221;1470&#8243; alignment=&#8221;center&#8221;][\/vc_column][vc_column width=&#8221;1\/2&#8243;][vc_empty_space height=&#8221;20px&#8221;]<style>.vcex-heading.vcex_69dc69ed16542{color:#6b6b6b;font-size:40px;font-family:'Titillium Web';font-weight:200;}<\/style><div class=\"vcex-heading vcex-heading-plain vcex-module wpex-heading wpex-text-2xl wpex-text-center vcex_69dc69ed16542\"><span class=\"vcex-heading-inner wpex-inline-block\">M\u00daTUES<\/span><\/div>[vc_empty_space height=&#8221;20px&#8221;][vc_column_text]\n<p style=\"text-align: center;\"><span style=\"color: #808080; font-size: 24px;\">L&#8217;Institut de Recerca i Cirurgia Ocular INOF t\u00e9 acords amb les principals companyies asseguradores del nostre pa\u00eds.<\/span><\/p>\n[\/vc_column_text][\/vc_column][\/vc_row][vc_row full_width=&#8221;stretch_row&#8221; parallax=&#8221;content-moving&#8221; css=&#8221;.vc_custom_1502533630922{background-position: center;background-repeat: no-repeat;background-size: contain !important;}&#8221;][vc_column][vc_empty_space height=&#8221;50px&#8221;][vc_column_text]\n<p style=\"text-align: center;\"><span style=\"font-size: 21px;\">L&#8217;Institut INOF treballa amb les principals m\u00fatues i companyies asseguradores del nostre pa\u00eds perqu\u00e8 els pacients disposin de tota mena de serveis oftalmol\u00f2gics, des de la primera consulta, revisions, proves diagn\u00f2stiques i test de visi\u00f3 fins a les intervencions quir\u00fargiques.<\/span><\/p>\n<p style=\"text-align: center;\"><span style=\"font-size: 21px;\"><strong>Consulti la cobertura de la seva p\u00f2lissa amb la seva companyia.<\/strong><\/span><\/p>\n[\/vc_column_text]<div class=\"vcex-spacing wpex-w-100 wpex-clear\"><\/div>[vc_tta_accordion style=&#8221;modern&#8221; shape=&#8221;square&#8221; color=&#8221;blue&#8221; c_align=&#8221;center&#8221; active_section=&#8221;5&#8243; collapsible_all=&#8221;true&#8221;][vc_tta_section title=&#8221;Servei de telemedicina de DKV&#8221; tab_id=&#8221;servei-de-telemedicina-de-dkv&#8221;][vc_column_text]Informem a tots els assegurats de DKV que l&#8217;Institut INOF de la Dra. Fdez-Agrafojo ja disposa del servei de telemedicina de DKV.<\/p>\n<p>Amb aquest servei es pot:<\/p>\n<ul>\n<li>Reservar cites online<\/li>\n<li>Realitzar v\u00eddeo-consultes amb els nostres oftalm\u00f2legs<\/li>\n<li>Resodre dubtes<\/li>\n<li>Enviar i guardar imatges i documents m\u00e9dics<\/li>\n<\/ul>\n<p>Podeu accedir a aquest servei a trav\u00e9s de l&#8217;App VULL CUIDAR-ME M\u00c9S.<\/p>\n<p>Per a m\u00e9s informaci\u00f3, consulteu la <a href=\"https:\/\/dkvsalud.com\/sites\/default\/files\/guia-de-uso-app-quiero-cuidarme-mas.pdf\" target=\"_blank\" rel=\"noopener noreferrer\"><span style=\"color: #ff0000;\"><strong>GUIA D&#8217;\u00daS<\/strong><\/span><\/a>[\/vc_column_text][vc_row_inner][vc_column_inner width=&#8221;1\/2&#8243;]<div class=\"vcex-spacing wpex-w-100 wpex-clear\"><\/div><div class=\"theme-button-wrap textcenter wpex-clr\"><a href=\"https:\/\/play.google.com\/store\/apps\/details?id=com.dkvservicios.quierocuidarmemas&#038;hl=es&#038;gl=US\" class=\"vcex-button theme-button align-center inline\" target=\"_blank\" rel=\"noopener noreferrer\"><span class=\"vcex-button-inner theme-button-inner wpex-flex wpex-flex-wrap wpex-items-center wpex-justify-center\">DESCARREGAR APP PER A ANDROID<\/span><\/a><\/div> [\/vc_column_inner][vc_column_inner width=&#8221;1\/2&#8243;]<div class=\"vcex-spacing wpex-w-100 wpex-clear\"><\/div><div class=\"theme-button-wrap textcenter wpex-clr\"><a href=\"https:\/\/apps.apple.com\/es\/app\/dkv-quiero-cuidarme-m%C3%A1s\/id1388213553\" class=\"vcex-button theme-button align-center inline\" target=\"_blank\" rel=\"noopener noreferrer\"><span class=\"vcex-button-inner theme-button-inner wpex-flex wpex-flex-wrap wpex-items-center wpex-justify-center\">DESCARREGAR APP PER A APPLE (iOS)<\/span><\/a><\/div> [\/vc_column_inner][\/vc_row_inner][\/vc_tta_section][\/vc_tta_accordion][\/vc_column][\/vc_row][vc_row][vc_column][vc_empty_space height=&#8221;50px&#8221;]<div class=\"vcex-image-grid-wrap\"><div class=\"vcex-module vcex-image-grid grid-style-default wpex-row wpex-clr\"><div class=\"id-1299 vcex-image-grid-entry vcex-grid-item wpex-text-center span_1_of_5 span_1_of_3_tl span_1_of_3_tp span_1_of_3_pl span_1_of_3_pp col col-1\"><figure class=\"vcex-image-grid-entry-figure wpex-last-mb-0 wpex-clr\"><div class=\"vcex-image-grid-entry-img entry-media wpex-relative wpex-mb-20\"><img loading=\"lazy\" class=\"wpex-align-middle\" decoding=\"async\" src=\"https:\/\/inof.es\/wp-content\/uploads\/2017\/08\/assistencia-sanitaria.png\" alt=\"\" width=\"227\" height=\"87\"><\/div><\/figure><\/div><div class=\"id-1293 vcex-image-grid-entry vcex-grid-item wpex-text-center span_1_of_5 span_1_of_3_tl span_1_of_3_tp span_1_of_3_pl span_1_of_3_pp col col-2\"><figure class=\"vcex-image-grid-entry-figure wpex-last-mb-0 wpex-clr\"><div class=\"vcex-image-grid-entry-img entry-media wpex-relative wpex-mb-20\"><img loading=\"lazy\" class=\"wpex-align-middle\" decoding=\"async\" src=\"https:\/\/inof.es\/wp-content\/uploads\/2017\/08\/aegon-salud.png\" alt=\"\" width=\"227\" height=\"87\"><\/div><\/figure><\/div><div class=\"id-1296 vcex-image-grid-entry vcex-grid-item wpex-text-center span_1_of_5 span_1_of_3_tl span_1_of_3_tp span_1_of_3_pl span_1_of_3_pp col col-3\"><figure class=\"vcex-image-grid-entry-figure wpex-last-mb-0 wpex-clr\"><div class=\"vcex-image-grid-entry-img entry-media wpex-relative wpex-mb-20\"><img loading=\"lazy\" class=\"wpex-align-middle\" decoding=\"async\" src=\"https:\/\/inof.es\/wp-content\/uploads\/2017\/08\/agrupacio-mutua.png\" alt=\"\" width=\"227\" height=\"87\"><\/div><\/figure><\/div><div class=\"id-1302 vcex-image-grid-entry vcex-grid-item wpex-text-center span_1_of_5 span_1_of_3_tl span_1_of_3_tp span_1_of_3_pl span_1_of_3_pp col col-4\"><figure class=\"vcex-image-grid-entry-figure wpex-last-mb-0 wpex-clr\"><div class=\"vcex-image-grid-entry-img entry-media wpex-relative wpex-mb-20\"><img loading=\"lazy\" class=\"wpex-align-middle\" decoding=\"async\" src=\"https:\/\/inof.es\/wp-content\/uploads\/2017\/08\/axa-salud.png\" alt=\"\" width=\"227\" height=\"87\"><\/div><\/figure><\/div><div class=\"id-1305 vcex-image-grid-entry vcex-grid-item wpex-text-center span_1_of_5 span_1_of_3_tl span_1_of_3_tp span_1_of_3_pl span_1_of_3_pp col col-5\"><figure class=\"vcex-image-grid-entry-figure wpex-last-mb-0 wpex-clr\"><div class=\"vcex-image-grid-entry-img entry-media wpex-relative wpex-mb-20\"><img loading=\"lazy\" class=\"wpex-align-middle\" decoding=\"async\" src=\"https:\/\/inof.es\/wp-content\/uploads\/2017\/08\/cosalud-seguros.png\" alt=\"\" width=\"227\" height=\"87\"><\/div><\/figure><\/div><div class=\"id-1308 vcex-image-grid-entry vcex-grid-item wpex-text-center span_1_of_5 span_1_of_3_tl span_1_of_3_tp span_1_of_3_pl span_1_of_3_pp col col-1\"><figure class=\"vcex-image-grid-entry-figure wpex-last-mb-0 wpex-clr\"><div class=\"vcex-image-grid-entry-img entry-media wpex-relative wpex-mb-20\"><img loading=\"lazy\" class=\"wpex-align-middle\" decoding=\"async\" src=\"https:\/\/inof.es\/wp-content\/uploads\/2017\/08\/dkv-seguros.png\" alt=\"\" width=\"227\" height=\"87\"><\/div><\/figure><\/div><div class=\"id-1311 vcex-image-grid-entry vcex-grid-item wpex-text-center span_1_of_5 span_1_of_3_tl span_1_of_3_tp span_1_of_3_pl span_1_of_3_pp col col-2\"><figure class=\"vcex-image-grid-entry-figure wpex-last-mb-0 wpex-clr\"><div class=\"vcex-image-grid-entry-img entry-media wpex-relative wpex-mb-20\"><img loading=\"lazy\" class=\"wpex-align-middle\" decoding=\"async\" src=\"https:\/\/inof.es\/wp-content\/uploads\/2017\/08\/generali-seguros.png\" alt=\"\" width=\"227\" height=\"87\"><\/div><\/figure><\/div><div class=\"id-1314 vcex-image-grid-entry vcex-grid-item wpex-text-center span_1_of_5 span_1_of_3_tl span_1_of_3_tp span_1_of_3_pl span_1_of_3_pp col col-3\"><figure class=\"vcex-image-grid-entry-figure wpex-last-mb-0 wpex-clr\"><div class=\"vcex-image-grid-entry-img entry-media wpex-relative wpex-mb-20\"><img loading=\"lazy\" class=\"wpex-align-middle\" decoding=\"async\" src=\"https:\/\/inof.es\/wp-content\/uploads\/2017\/08\/hermandad-arquitectos.png\" alt=\"\" width=\"227\" height=\"87\"><\/div><\/figure><\/div><div class=\"id-1317 vcex-image-grid-entry vcex-grid-item wpex-text-center span_1_of_5 span_1_of_3_tl span_1_of_3_tp span_1_of_3_pl span_1_of_3_pp col col-4\"><figure class=\"vcex-image-grid-entry-figure wpex-last-mb-0 wpex-clr\"><div class=\"vcex-image-grid-entry-img entry-media wpex-relative wpex-mb-20\"><img loading=\"lazy\" class=\"wpex-align-middle\" decoding=\"async\" src=\"https:\/\/inof.es\/wp-content\/uploads\/2017\/08\/medifiatc-seguros.png\" alt=\"\" width=\"227\" height=\"87\"><\/div><\/figure><\/div><div class=\"id-1320 vcex-image-grid-entry vcex-grid-item wpex-text-center span_1_of_5 span_1_of_3_tl span_1_of_3_tp span_1_of_3_pl span_1_of_3_pp col col-5\"><figure class=\"vcex-image-grid-entry-figure wpex-last-mb-0 wpex-clr\"><div class=\"vcex-image-grid-entry-img entry-media wpex-relative wpex-mb-20\"><img loading=\"lazy\" class=\"wpex-align-middle\" decoding=\"async\" src=\"https:\/\/inof.es\/wp-content\/uploads\/2017\/08\/mutua-gral-catalunya.png\" alt=\"\" width=\"227\" height=\"87\"><\/div><\/figure><\/div><div class=\"id-1323 vcex-image-grid-entry vcex-grid-item wpex-text-center span_1_of_5 span_1_of_3_tl span_1_of_3_tp span_1_of_3_pl span_1_of_3_pp col col-1\"><figure class=\"vcex-image-grid-entry-figure wpex-last-mb-0 wpex-clr\"><div class=\"vcex-image-grid-entry-img entry-media wpex-relative wpex-mb-20\"><img loading=\"lazy\" class=\"wpex-align-middle\" decoding=\"async\" src=\"https:\/\/inof.es\/wp-content\/uploads\/2017\/08\/segur-caixa-adeslas.png\" alt=\"\" width=\"227\" height=\"87\"><\/div><\/figure><\/div><div class=\"id-1326 vcex-image-grid-entry vcex-grid-item wpex-text-center span_1_of_5 span_1_of_3_tl span_1_of_3_tp span_1_of_3_pl span_1_of_3_pp col col-2\"><figure class=\"vcex-image-grid-entry-figure wpex-last-mb-0 wpex-clr\"><div class=\"vcex-image-grid-entry-img entry-media wpex-relative wpex-mb-20\"><img loading=\"lazy\" class=\"wpex-align-middle\" decoding=\"async\" src=\"https:\/\/inof.es\/wp-content\/uploads\/2017\/08\/seguros-caser.png\" alt=\"\" width=\"227\" height=\"87\"><\/div><\/figure><\/div><div class=\"id-1329 vcex-image-grid-entry vcex-grid-item wpex-text-center span_1_of_5 span_1_of_3_tl span_1_of_3_tp span_1_of_3_pl span_1_of_3_pp col col-3\"><figure class=\"vcex-image-grid-entry-figure wpex-last-mb-0 wpex-clr\"><div class=\"vcex-image-grid-entry-img entry-media wpex-relative wpex-mb-20\"><img loading=\"lazy\" class=\"wpex-align-middle\" decoding=\"async\" src=\"https:\/\/inof.es\/wp-content\/uploads\/2017\/08\/seguros-cigna.png\" alt=\"\" width=\"227\" height=\"87\"><\/div><\/figure><\/div><div class=\"id-1332 vcex-image-grid-entry vcex-grid-item wpex-text-center span_1_of_5 span_1_of_3_tl span_1_of_3_tp span_1_of_3_pl span_1_of_3_pp col col-4\"><figure class=\"vcex-image-grid-entry-figure wpex-last-mb-0 wpex-clr\"><div class=\"vcex-image-grid-entry-img entry-media wpex-relative wpex-mb-20\"><img loading=\"lazy\" class=\"wpex-align-middle\" decoding=\"async\" src=\"https:\/\/inof.es\/wp-content\/uploads\/2017\/08\/seguros-plus-ultra.png\" alt=\"\" width=\"227\" height=\"87\"><\/div><\/figure><\/div><\/div><\/div>[\/vc_column][\/vc_row]\n<\/div>","protected":false},"excerpt":{"rendered":"<p>[vc_row full_width=&#8221;stretch_row&#8221; content_placement=&#8221;middle&#8221; parallax=&#8221;content-moving&#8221; wpex_bg_overlay=&#8221;color&#8221; css=&#8221;.vc_custom_1577992903616{background-image: url(https:\/\/inof.es\/wp-content\/uploads\/2017\/08\/mutuas-inof.jpg?id=631) !important;background-position: center;background-repeat: no-repeat !important;background-size: contain !important;}&#8221; min_height=&#8221;400&#8243; visibility=&#8221;hidden-phone&#8221; wpex_bg_overlay_color=&#8221;#000000&#8243;][vc_column width=&#8221;1\/3&#8243;][\/vc_column][vc_column width=&#8221;1\/3&#8243;][\/vc_column][vc_column width=&#8221;1\/3&#8243;][vc_empty_space height=&#8221;40px&#8221;][vc_empty_space height=&#8221;20px&#8221;][vc_column_text css=&#8221;&#8221; font_weight=&#8221;200&#8243;] L&#8217;Institut de Recerca i Cirurgia Ocular INOF t\u00e9 acords amb les principals companyies asseguradores del nostre pa\u00eds. [\/vc_column_text][\/vc_column][\/vc_row][vc_row full_width=&#8221;stretch_row&#8221; content_placement=&#8221;top&#8221; parallax=&#8221;content-moving&#8221; css=&#8221;.vc_custom_1510519547100{background-position: center;background-repeat: no-repeat !important;background-size: contain !important;}&#8221; min_height=&#8221;500&#8243; visibility=&#8221;visible-phone&#8221;][vc_column width=&#8221;1\/2&#8243;][vc_empty_space height=&#8221;20px&#8221;][vc_single_image image=&#8221;1470&#8243;&hellip;<\/p>\n","protected":false},"author":1,"featured_media":0,"parent":0,"menu_order":0,"comment_status":"closed","ping_status":"closed","template":"","meta":{"_joinchat":[],"footnotes":""},"class_list":["post-1289","page","type-page","status-publish","hentry","entry","no-media"],"yoast_head":"<!-- This site is optimized with the Yoast SEO plugin v26.8 - https:\/\/yoast.com\/product\/yoast-seo-wordpress\/ -->\n<title>M\u00fatues - Inof | Centro de investigaci\u00f3n y cirug\u00eda ocular<\/title>\n<meta name=\"description\" content=\"L&#039;Institut INOF de la Dra. Fdez-Agrafojo treballa amb les principals companyies asseguradores del nostre pa\u00eds. Tamb\u00e9 ofereix telemedicina\" \/>\n<meta name=\"robots\" content=\"index, follow, max-snippet:-1, max-image-preview:large, max-video-preview:-1\" \/>\n<link rel=\"canonical\" href=\"https:\/\/inof.es\/ca\/companyies-asseguradores-i-telemedicina\/\" \/>\n<meta property=\"og:locale\" content=\"ca_ES\" \/>\n<meta property=\"og:type\" content=\"article\" \/>\n<meta property=\"og:title\" content=\"M\u00fatues - Inof | Centro de investigaci\u00f3n y cirug\u00eda ocular\" \/>\n<meta property=\"og:description\" content=\"L&#039;Institut INOF de la Dra. Fdez-Agrafojo treballa amb les principals companyies asseguradores del nostre pa\u00eds. Tamb\u00e9 ofereix telemedicina\" \/>\n<meta property=\"og:url\" content=\"https:\/\/inof.es\/ca\/companyies-asseguradores-i-telemedicina\/\" \/>\n<meta property=\"og:site_name\" content=\"Inof | Centro de investigaci\u00f3n y cirug\u00eda ocular\" \/>\n<meta property=\"article:publisher\" content=\"https:\/\/www.facebook.com\/OftalmologiaINOF\/\" \/>\n<meta property=\"article:modified_time\" content=\"2024-05-22T19:37:42+00:00\" \/>\n<meta name=\"twitter:card\" content=\"summary_large_image\" \/>\n<meta name=\"twitter:label1\" content=\"Temps estimat de lectura\" \/>\n\t<meta name=\"twitter:data1\" content=\"3 minuts\" \/>\n<script type=\"application\/ld+json\" class=\"yoast-schema-graph\">{\"@context\":\"https:\/\/schema.org\",\"@graph\":[{\"@type\":\"WebPage\",\"@id\":\"https:\/\/inof.es\/ca\/companyies-asseguradores-i-telemedicina\/\",\"url\":\"https:\/\/inof.es\/ca\/companyies-asseguradores-i-telemedicina\/\",\"name\":\"M\u00fatues - Inof | Centro de investigaci\u00f3n y cirug\u00eda ocular\",\"isPartOf\":{\"@id\":\"https:\/\/inof.es\/ca\/#website\"},\"datePublished\":\"2017-08-11T10:02:36+00:00\",\"dateModified\":\"2024-05-22T19:37:42+00:00\",\"description\":\"L'Institut INOF de la Dra. Fdez-Agrafojo treballa amb les principals companyies asseguradores del nostre pa\u00eds. Tamb\u00e9 ofereix telemedicina\",\"breadcrumb\":{\"@id\":\"https:\/\/inof.es\/ca\/companyies-asseguradores-i-telemedicina\/#breadcrumb\"},\"inLanguage\":\"ca\",\"potentialAction\":[{\"@type\":\"ReadAction\",\"target\":[\"https:\/\/inof.es\/ca\/companyies-asseguradores-i-telemedicina\/\"]}]},{\"@type\":\"BreadcrumbList\",\"@id\":\"https:\/\/inof.es\/ca\/companyies-asseguradores-i-telemedicina\/#breadcrumb\",\"itemListElement\":[{\"@type\":\"ListItem\",\"position\":1,\"name\":\"Portada\",\"item\":\"https:\/\/inof.es\/ca\/\"},{\"@type\":\"ListItem\",\"position\":2,\"name\":\"M\u00fatues\"}]},{\"@type\":\"WebSite\",\"@id\":\"https:\/\/inof.es\/ca\/#website\",\"url\":\"https:\/\/inof.es\/ca\/\",\"name\":\"Centro Inof | Dra. Fdez-Agrafojo\",\"description\":\"Especialistas en estrabismo y oftalmolog\u00eda infantil\",\"publisher\":{\"@id\":\"https:\/\/inof.es\/ca\/#organization\"},\"potentialAction\":[{\"@type\":\"SearchAction\",\"target\":{\"@type\":\"EntryPoint\",\"urlTemplate\":\"https:\/\/inof.es\/ca\/?s={search_term_string}\"},\"query-input\":{\"@type\":\"PropertyValueSpecification\",\"valueRequired\":true,\"valueName\":\"search_term_string\"}}],\"inLanguage\":\"ca\"},{\"@type\":\"Organization\",\"@id\":\"https:\/\/inof.es\/ca\/#organization\",\"name\":\"Centro INOF de la Dra. Fdez-Agrafojo\",\"url\":\"https:\/\/inof.es\/ca\/\",\"logo\":{\"@type\":\"ImageObject\",\"inLanguage\":\"ca\",\"@id\":\"https:\/\/inof.es\/ca\/#\/schema\/logo\/image\/\",\"url\":\"https:\/\/inof.es\/wp-content\/uploads\/2018\/10\/logo-agrafojo.png\",\"contentUrl\":\"https:\/\/inof.es\/wp-content\/uploads\/2018\/10\/logo-agrafojo.png\",\"width\":721,\"height\":332,\"caption\":\"Centro INOF de la Dra. Fdez-Agrafojo\"},\"image\":{\"@id\":\"https:\/\/inof.es\/ca\/#\/schema\/logo\/image\/\"},\"sameAs\":[\"https:\/\/www.facebook.com\/OftalmologiaINOF\/\",\"https:\/\/www.instagram.com\/inof_agrafojo\/\",\"https:\/\/www.linkedin.com\/in\/dora-fern\u00e1ndez-agrafojo\/?ppe=1\",\"https:\/\/www.youtube.com\/channel\/UCOK86vawyDB209S0-i8dFDg\/playlists\"]}]}<\/script>\n<!-- \/ Yoast SEO plugin. -->","yoast_head_json":{"title":"M\u00fatues - Inof | Centro de investigaci\u00f3n y cirug\u00eda ocular","description":"L'Institut INOF de la Dra. Fdez-Agrafojo treballa amb les principals companyies asseguradores del nostre pa\u00eds. Tamb\u00e9 ofereix telemedicina","robots":{"index":"index","follow":"follow","max-snippet":"max-snippet:-1","max-image-preview":"max-image-preview:large","max-video-preview":"max-video-preview:-1"},"canonical":"https:\/\/inof.es\/ca\/companyies-asseguradores-i-telemedicina\/","og_locale":"ca_ES","og_type":"article","og_title":"M\u00fatues - Inof | Centro de investigaci\u00f3n y cirug\u00eda ocular","og_description":"L'Institut INOF de la Dra. Fdez-Agrafojo treballa amb les principals companyies asseguradores del nostre pa\u00eds. Tamb\u00e9 ofereix telemedicina","og_url":"https:\/\/inof.es\/ca\/companyies-asseguradores-i-telemedicina\/","og_site_name":"Inof | Centro de investigaci\u00f3n y cirug\u00eda ocular","article_publisher":"https:\/\/www.facebook.com\/OftalmologiaINOF\/","article_modified_time":"2024-05-22T19:37:42+00:00","twitter_card":"summary_large_image","twitter_misc":{"Temps estimat de lectura":"3 minuts"},"schema":{"@context":"https:\/\/schema.org","@graph":[{"@type":"WebPage","@id":"https:\/\/inof.es\/ca\/companyies-asseguradores-i-telemedicina\/","url":"https:\/\/inof.es\/ca\/companyies-asseguradores-i-telemedicina\/","name":"M\u00fatues - Inof | Centro de investigaci\u00f3n y cirug\u00eda ocular","isPartOf":{"@id":"https:\/\/inof.es\/ca\/#website"},"datePublished":"2017-08-11T10:02:36+00:00","dateModified":"2024-05-22T19:37:42+00:00","description":"L'Institut INOF de la Dra. Fdez-Agrafojo treballa amb les principals companyies asseguradores del nostre pa\u00eds. Tamb\u00e9 ofereix telemedicina","breadcrumb":{"@id":"https:\/\/inof.es\/ca\/companyies-asseguradores-i-telemedicina\/#breadcrumb"},"inLanguage":"ca","potentialAction":[{"@type":"ReadAction","target":["https:\/\/inof.es\/ca\/companyies-asseguradores-i-telemedicina\/"]}]},{"@type":"BreadcrumbList","@id":"https:\/\/inof.es\/ca\/companyies-asseguradores-i-telemedicina\/#breadcrumb","itemListElement":[{"@type":"ListItem","position":1,"name":"Portada","item":"https:\/\/inof.es\/ca\/"},{"@type":"ListItem","position":2,"name":"M\u00fatues"}]},{"@type":"WebSite","@id":"https:\/\/inof.es\/ca\/#website","url":"https:\/\/inof.es\/ca\/","name":"Centro Inof | Dra. Fdez-Agrafojo","description":"Especialistas en estrabismo y oftalmolog\u00eda infantil","publisher":{"@id":"https:\/\/inof.es\/ca\/#organization"},"potentialAction":[{"@type":"SearchAction","target":{"@type":"EntryPoint","urlTemplate":"https:\/\/inof.es\/ca\/?s={search_term_string}"},"query-input":{"@type":"PropertyValueSpecification","valueRequired":true,"valueName":"search_term_string"}}],"inLanguage":"ca"},{"@type":"Organization","@id":"https:\/\/inof.es\/ca\/#organization","name":"Centro INOF de la Dra. Fdez-Agrafojo","url":"https:\/\/inof.es\/ca\/","logo":{"@type":"ImageObject","inLanguage":"ca","@id":"https:\/\/inof.es\/ca\/#\/schema\/logo\/image\/","url":"https:\/\/inof.es\/wp-content\/uploads\/2018\/10\/logo-agrafojo.png","contentUrl":"https:\/\/inof.es\/wp-content\/uploads\/2018\/10\/logo-agrafojo.png","width":721,"height":332,"caption":"Centro INOF de la Dra. Fdez-Agrafojo"},"image":{"@id":"https:\/\/inof.es\/ca\/#\/schema\/logo\/image\/"},"sameAs":["https:\/\/www.facebook.com\/OftalmologiaINOF\/","https:\/\/www.instagram.com\/inof_agrafojo\/","https:\/\/www.linkedin.com\/in\/dora-fern\u00e1ndez-agrafojo\/?ppe=1","https:\/\/www.youtube.com\/channel\/UCOK86vawyDB209S0-i8dFDg\/playlists"]}]}},"_links":{"self":[{"href":"https:\/\/inof.es\/ca\/wp-json\/wp\/v2\/pages\/1289","targetHints":{"allow":["GET"]}}],"collection":[{"href":"https:\/\/inof.es\/ca\/wp-json\/wp\/v2\/pages"}],"about":[{"href":"https:\/\/inof.es\/ca\/wp-json\/wp\/v2\/types\/page"}],"author":[{"embeddable":true,"href":"https:\/\/inof.es\/ca\/wp-json\/wp\/v2\/users\/1"}],"replies":[{"embeddable":true,"href":"https:\/\/inof.es\/ca\/wp-json\/wp\/v2\/comments?post=1289"}],"version-history":[{"count":8,"href":"https:\/\/inof.es\/ca\/wp-json\/wp\/v2\/pages\/1289\/revisions"}],"predecessor-version":[{"id":4993,"href":"https:\/\/inof.es\/ca\/wp-json\/wp\/v2\/pages\/1289\/revisions\/4993"}],"wp:attachment":[{"href":"https:\/\/inof.es\/ca\/wp-json\/wp\/v2\/media?parent=1289"}],"curies":[{"name":"wp","href":"https:\/\/api.w.org\/{rel}","templated":true}]}}