{"id":1142,"date":"2017-08-13T13:28:23","date_gmt":"2017-08-13T13:28:23","guid":{"rendered":"http:\/\/inof.es\/dr-max-rondon\/"},"modified":"2022-07-17T20:30:36","modified_gmt":"2022-07-17T20:30:36","slug":"dr-max-rondon","status":"publish","type":"page","link":"https:\/\/inof.es\/ca\/dr-max-rondon\/","title":{"rendered":"Dr. Max Rond\u00f3n"},"content":{"rendered":"<div class=\"wpb-content-wrapper\">[vc_row full_width=&#8221;stretch_row&#8221; min_height=&#8221;400&#8243; css=&#8221;.vc_custom_1508239772064{background-image: url(https:\/\/inof.es\/wp-content\/uploads\/2017\/08\/profesionales-de-inof.jpg?id=610) !important;background-position: center !important;background-repeat: no-repeat !important;background-size: cover !important;}&#8221; visibility=&#8221;visible-desktop&#8221;][vc_column][\/vc_column][\/vc_row][vc_row][vc_column][vc_empty_space height=&#8221;50px&#8221;]<h2 class=\"vcex-heading vcex-heading-plain vcex-module wpex-heading wpex-text-2xl\"><span class=\"vcex-heading-inner wpex-inline-block\">Dr. Max Rond\u00f3n<\/span><\/h2>[\/vc_column][\/vc_row][vc_row full_width=&#8221;stretch_row&#8221; column_spacing=&#8221;50&#8243;][vc_column width=&#8221;1\/4&#8243;][vc_single_image image=&#8221;1231&#8243; alignment=&#8221;left&#8221;][vc_empty_space height=&#8221;30px&#8221;][vc_column_text]Metge Cirurgi\u00e0 per la Universitat Cat\u00f2lica Santa Maria d&#8217;Arequipa, Per\u00fa, 2007.<\/p>\n<p>Especialista en Oftalmologia per l&#8217;Hospital General Universitari Gregorio Mara\u00f1\u00f3n, 2010-2014.[\/vc_column_text][\/vc_column][vc_column width=&#8221;3\/4&#8243;][vc_column_text]<strong>Especialitat<\/strong><\/p>\n<p><em>Metge oftalm\u00f2leg especialista en Cirurgia Pl\u00e0stica Oft\u00e0lmica i Orbit\u00e0ria.<\/em><\/p>\n<p>&nbsp;<\/p>\n<p><strong>Traject\u00f2ria professional<\/strong><\/p>\n<p>M\u00e0ster en Cirurgia Pl\u00e0stica Oft\u00e0lmica i Orbit\u00e0ria per l&#8217;Institut de Microcirurgia Ocular (IMO), Barcelona, \u200b\u200b2014-2015.<\/p>\n<p>Metge adjunt de l&#8217;Hospital Universitari de Lle\u00f3, de novembre 2015 gener 2016.<\/p>\n<p>Metge adjunt de la secci\u00f3 de Cirurgia Pl\u00e0stica Oft\u00e0lmica del servei d&#8217;Oftalmologia de l&#8217;Hospital Bisbe Polanco de Terol, de febrer el 2016 a febrer 2017.<\/p>\n<p>Col\u00b7laborador del centre de la Dra. Fern\u00e1ndez-Agrafojo al Centre M\u00e8dic Teknon des mar\u00e7 2017.<\/p>\n<p>&nbsp;<\/p>\n<p><strong>Pertinen\u00e7a a societats professionals<\/strong><\/p>\n<ul>\n<li>Membre de la Societat Espanyola de Cirurgia Pl\u00e0stica Ocular i Orbit\u00e0ria (SECPOO).<\/li>\n<\/ul>\n[\/vc_column_text][\/vc_column][\/vc_row][vc_row][vc_column]<style>.vcex-button.vcex_69dfbfa162cfb{background:#ffad1e;color:#ffffff!important;width:200px;}.vcex-button.vcex_69dfbfa162cfb:hover{background:#ffc651!important;color:#757575!important;}<\/style><div class=\"theme-button-wrap textcenter theme-button-block-wrap wpex-block wpex-clear wpex-clr\"><a href=\"https:\/\/inof.es\/ca\/el-nostre-equip\/\" class=\"vcex-button theme-button medium align-center block wpex-flex-shrink-0 vcex_69dfbfa162cfb\"><span class=\"vcex-button-inner theme-button-inner wpex-flex wpex-flex-wrap wpex-items-center wpex-justify-center\"><span class=\"vcex-button-icon vcex-icon-wrap theme-button-icon-left\"><span aria-hidden=\"true\" class=\"typcn typcn-arrow-left-thick\"><\/span><\/span>Tornar<\/span><\/a><\/div> [\/vc_column][\/vc_row]\n<\/div>","protected":false},"excerpt":{"rendered":"<p>[vc_row full_width=&#8221;stretch_row&#8221; min_height=&#8221;400&#8243; css=&#8221;.vc_custom_1508239772064{background-image: url(https:\/\/inof.es\/wp-content\/uploads\/2017\/08\/profesionales-de-inof.jpg?id=610) !important;background-position: center !important;background-repeat: no-repeat !important;background-size: cover !important;}&#8221; visibility=&#8221;visible-desktop&#8221;][vc_column][\/vc_column][\/vc_row][vc_row][vc_column][vc_empty_space height=&#8221;50px&#8221;][\/vc_column][\/vc_row][vc_row full_width=&#8221;stretch_row&#8221; column_spacing=&#8221;50&#8243;][vc_column width=&#8221;1\/4&#8243;][vc_single_image image=&#8221;1231&#8243; alignment=&#8221;left&#8221;][vc_empty_space height=&#8221;30px&#8221;][vc_column_text]Metge Cirurgi\u00e0 per la Universitat Cat\u00f2lica Santa Maria d&#8217;Arequipa, Per\u00fa, 2007. Especialista en Oftalmologia per l&#8217;Hospital General Universitari Gregorio Mara\u00f1\u00f3n, 2010-2014.[\/vc_column_text][\/vc_column][vc_column width=&#8221;3\/4&#8243;][vc_column_text]Especialitat Metge oftalm\u00f2leg especialista en Cirurgia Pl\u00e0stica Oft\u00e0lmica i Orbit\u00e0ria. &nbsp; Traject\u00f2ria professional M\u00e0ster en&hellip;<\/p>\n","protected":false},"author":1,"featured_media":0,"parent":0,"menu_order":0,"comment_status":"closed","ping_status":"closed","template":"","meta":{"_joinchat":[],"footnotes":""},"class_list":["post-1142","page","type-page","status-publish","hentry","entry","no-media"],"yoast_head":"<!-- This site is optimized with the Yoast SEO plugin v26.8 - https:\/\/yoast.com\/product\/yoast-seo-wordpress\/ -->\n<title>Dr. Max Rond\u00f3n - Inof | Centro de investigaci\u00f3n y cirug\u00eda ocular<\/title>\n<meta name=\"description\" content=\"Dr. Max Rond\u00f3n. Metge oftalm\u00f2leg especialista en Cirurgia Pl\u00e0stica Oft\u00e0lmica i Orbit\u00e0ria. Equip de l&#039;Institut INOF de la Dra. Fdez-Agrafojo\" \/>\n<meta name=\"robots\" content=\"index, follow, max-snippet:-1, max-image-preview:large, max-video-preview:-1\" \/>\n<link rel=\"canonical\" href=\"https:\/\/inof.es\/ca\/dr-max-rondon\/\" \/>\n<meta property=\"og:locale\" content=\"ca_ES\" \/>\n<meta property=\"og:type\" content=\"article\" \/>\n<meta property=\"og:title\" content=\"Dr. Max Rond\u00f3n - Inof | Centro de investigaci\u00f3n y cirug\u00eda ocular\" \/>\n<meta property=\"og:description\" content=\"Dr. Max Rond\u00f3n. Metge oftalm\u00f2leg especialista en Cirurgia Pl\u00e0stica Oft\u00e0lmica i Orbit\u00e0ria. Equip de l&#039;Institut INOF de la Dra. Fdez-Agrafojo\" \/>\n<meta property=\"og:url\" content=\"https:\/\/inof.es\/ca\/dr-max-rondon\/\" \/>\n<meta property=\"og:site_name\" content=\"Inof | Centro de investigaci\u00f3n y cirug\u00eda ocular\" \/>\n<meta property=\"article:publisher\" content=\"https:\/\/www.facebook.com\/OftalmologiaINOF\/\" \/>\n<meta property=\"article:modified_time\" content=\"2022-07-17T20:30:36+00:00\" \/>\n<meta name=\"twitter:card\" content=\"summary_large_image\" \/>\n<meta name=\"twitter:label1\" content=\"Temps estimat de lectura\" \/>\n\t<meta name=\"twitter:data1\" content=\"1 minut\" \/>\n<script type=\"application\/ld+json\" class=\"yoast-schema-graph\">{\"@context\":\"https:\/\/schema.org\",\"@graph\":[{\"@type\":\"WebPage\",\"@id\":\"https:\/\/inof.es\/ca\/dr-max-rondon\/\",\"url\":\"https:\/\/inof.es\/ca\/dr-max-rondon\/\",\"name\":\"Dr. Max Rond\u00f3n - Inof | Centro de investigaci\u00f3n y cirug\u00eda ocular\",\"isPartOf\":{\"@id\":\"https:\/\/inof.es\/ca\/#website\"},\"datePublished\":\"2017-08-13T13:28:23+00:00\",\"dateModified\":\"2022-07-17T20:30:36+00:00\",\"description\":\"Dr. Max Rond\u00f3n. Metge oftalm\u00f2leg especialista en Cirurgia Pl\u00e0stica Oft\u00e0lmica i Orbit\u00e0ria. Equip de l'Institut INOF de la Dra. Fdez-Agrafojo\",\"breadcrumb\":{\"@id\":\"https:\/\/inof.es\/ca\/dr-max-rondon\/#breadcrumb\"},\"inLanguage\":\"ca\",\"potentialAction\":[{\"@type\":\"ReadAction\",\"target\":[\"https:\/\/inof.es\/ca\/dr-max-rondon\/\"]}]},{\"@type\":\"BreadcrumbList\",\"@id\":\"https:\/\/inof.es\/ca\/dr-max-rondon\/#breadcrumb\",\"itemListElement\":[{\"@type\":\"ListItem\",\"position\":1,\"name\":\"Portada\",\"item\":\"https:\/\/inof.es\/ca\/\"},{\"@type\":\"ListItem\",\"position\":2,\"name\":\"Dr. Max Rond\u00f3n\"}]},{\"@type\":\"WebSite\",\"@id\":\"https:\/\/inof.es\/ca\/#website\",\"url\":\"https:\/\/inof.es\/ca\/\",\"name\":\"Centro Inof | Dra. Fdez-Agrafojo\",\"description\":\"Especialistas en estrabismo y oftalmolog\u00eda infantil\",\"publisher\":{\"@id\":\"https:\/\/inof.es\/ca\/#organization\"},\"potentialAction\":[{\"@type\":\"SearchAction\",\"target\":{\"@type\":\"EntryPoint\",\"urlTemplate\":\"https:\/\/inof.es\/ca\/?s={search_term_string}\"},\"query-input\":{\"@type\":\"PropertyValueSpecification\",\"valueRequired\":true,\"valueName\":\"search_term_string\"}}],\"inLanguage\":\"ca\"},{\"@type\":\"Organization\",\"@id\":\"https:\/\/inof.es\/ca\/#organization\",\"name\":\"Centro INOF de la Dra. Fdez-Agrafojo\",\"url\":\"https:\/\/inof.es\/ca\/\",\"logo\":{\"@type\":\"ImageObject\",\"inLanguage\":\"ca\",\"@id\":\"https:\/\/inof.es\/ca\/#\/schema\/logo\/image\/\",\"url\":\"https:\/\/inof.es\/wp-content\/uploads\/2018\/10\/logo-agrafojo.png\",\"contentUrl\":\"https:\/\/inof.es\/wp-content\/uploads\/2018\/10\/logo-agrafojo.png\",\"width\":721,\"height\":332,\"caption\":\"Centro INOF de la Dra. Fdez-Agrafojo\"},\"image\":{\"@id\":\"https:\/\/inof.es\/ca\/#\/schema\/logo\/image\/\"},\"sameAs\":[\"https:\/\/www.facebook.com\/OftalmologiaINOF\/\",\"https:\/\/www.instagram.com\/inof_agrafojo\/\",\"https:\/\/www.linkedin.com\/in\/dora-fern\u00e1ndez-agrafojo\/?ppe=1\",\"https:\/\/www.youtube.com\/channel\/UCOK86vawyDB209S0-i8dFDg\/playlists\"]}]}<\/script>\n<!-- \/ Yoast SEO plugin. -->","yoast_head_json":{"title":"Dr. Max Rond\u00f3n - Inof | Centro de investigaci\u00f3n y cirug\u00eda ocular","description":"Dr. Max Rond\u00f3n. Metge oftalm\u00f2leg especialista en Cirurgia Pl\u00e0stica Oft\u00e0lmica i Orbit\u00e0ria. Equip de l'Institut INOF de la Dra. Fdez-Agrafojo","robots":{"index":"index","follow":"follow","max-snippet":"max-snippet:-1","max-image-preview":"max-image-preview:large","max-video-preview":"max-video-preview:-1"},"canonical":"https:\/\/inof.es\/ca\/dr-max-rondon\/","og_locale":"ca_ES","og_type":"article","og_title":"Dr. Max Rond\u00f3n - Inof | Centro de investigaci\u00f3n y cirug\u00eda ocular","og_description":"Dr. Max Rond\u00f3n. Metge oftalm\u00f2leg especialista en Cirurgia Pl\u00e0stica Oft\u00e0lmica i Orbit\u00e0ria. Equip de l'Institut INOF de la Dra. Fdez-Agrafojo","og_url":"https:\/\/inof.es\/ca\/dr-max-rondon\/","og_site_name":"Inof | Centro de investigaci\u00f3n y cirug\u00eda ocular","article_publisher":"https:\/\/www.facebook.com\/OftalmologiaINOF\/","article_modified_time":"2022-07-17T20:30:36+00:00","twitter_card":"summary_large_image","twitter_misc":{"Temps estimat de lectura":"1 minut"},"schema":{"@context":"https:\/\/schema.org","@graph":[{"@type":"WebPage","@id":"https:\/\/inof.es\/ca\/dr-max-rondon\/","url":"https:\/\/inof.es\/ca\/dr-max-rondon\/","name":"Dr. Max Rond\u00f3n - Inof | Centro de investigaci\u00f3n y cirug\u00eda ocular","isPartOf":{"@id":"https:\/\/inof.es\/ca\/#website"},"datePublished":"2017-08-13T13:28:23+00:00","dateModified":"2022-07-17T20:30:36+00:00","description":"Dr. Max Rond\u00f3n. Metge oftalm\u00f2leg especialista en Cirurgia Pl\u00e0stica Oft\u00e0lmica i Orbit\u00e0ria. Equip de l'Institut INOF de la Dra. Fdez-Agrafojo","breadcrumb":{"@id":"https:\/\/inof.es\/ca\/dr-max-rondon\/#breadcrumb"},"inLanguage":"ca","potentialAction":[{"@type":"ReadAction","target":["https:\/\/inof.es\/ca\/dr-max-rondon\/"]}]},{"@type":"BreadcrumbList","@id":"https:\/\/inof.es\/ca\/dr-max-rondon\/#breadcrumb","itemListElement":[{"@type":"ListItem","position":1,"name":"Portada","item":"https:\/\/inof.es\/ca\/"},{"@type":"ListItem","position":2,"name":"Dr. Max Rond\u00f3n"}]},{"@type":"WebSite","@id":"https:\/\/inof.es\/ca\/#website","url":"https:\/\/inof.es\/ca\/","name":"Centro Inof | Dra. Fdez-Agrafojo","description":"Especialistas en estrabismo y oftalmolog\u00eda infantil","publisher":{"@id":"https:\/\/inof.es\/ca\/#organization"},"potentialAction":[{"@type":"SearchAction","target":{"@type":"EntryPoint","urlTemplate":"https:\/\/inof.es\/ca\/?s={search_term_string}"},"query-input":{"@type":"PropertyValueSpecification","valueRequired":true,"valueName":"search_term_string"}}],"inLanguage":"ca"},{"@type":"Organization","@id":"https:\/\/inof.es\/ca\/#organization","name":"Centro INOF de la Dra. Fdez-Agrafojo","url":"https:\/\/inof.es\/ca\/","logo":{"@type":"ImageObject","inLanguage":"ca","@id":"https:\/\/inof.es\/ca\/#\/schema\/logo\/image\/","url":"https:\/\/inof.es\/wp-content\/uploads\/2018\/10\/logo-agrafojo.png","contentUrl":"https:\/\/inof.es\/wp-content\/uploads\/2018\/10\/logo-agrafojo.png","width":721,"height":332,"caption":"Centro INOF de la Dra. Fdez-Agrafojo"},"image":{"@id":"https:\/\/inof.es\/ca\/#\/schema\/logo\/image\/"},"sameAs":["https:\/\/www.facebook.com\/OftalmologiaINOF\/","https:\/\/www.instagram.com\/inof_agrafojo\/","https:\/\/www.linkedin.com\/in\/dora-fern\u00e1ndez-agrafojo\/?ppe=1","https:\/\/www.youtube.com\/channel\/UCOK86vawyDB209S0-i8dFDg\/playlists"]}]}},"_links":{"self":[{"href":"https:\/\/inof.es\/ca\/wp-json\/wp\/v2\/pages\/1142","targetHints":{"allow":["GET"]}}],"collection":[{"href":"https:\/\/inof.es\/ca\/wp-json\/wp\/v2\/pages"}],"about":[{"href":"https:\/\/inof.es\/ca\/wp-json\/wp\/v2\/types\/page"}],"author":[{"embeddable":true,"href":"https:\/\/inof.es\/ca\/wp-json\/wp\/v2\/users\/1"}],"replies":[{"embeddable":true,"href":"https:\/\/inof.es\/ca\/wp-json\/wp\/v2\/comments?post=1142"}],"version-history":[{"count":6,"href":"https:\/\/inof.es\/ca\/wp-json\/wp\/v2\/pages\/1142\/revisions"}],"predecessor-version":[{"id":1234,"href":"https:\/\/inof.es\/ca\/wp-json\/wp\/v2\/pages\/1142\/revisions\/1234"}],"wp:attachment":[{"href":"https:\/\/inof.es\/ca\/wp-json\/wp\/v2\/media?parent=1142"}],"curies":[{"name":"wp","href":"https:\/\/api.w.org\/{rel}","templated":true}]}}