{"id":1128,"date":"2017-08-12T18:58:59","date_gmt":"2017-08-12T18:58:59","guid":{"rendered":"http:\/\/inof.es\/dra-d-fernandez-agrafojo\/"},"modified":"2022-07-17T20:41:23","modified_gmt":"2022-07-17T20:41:23","slug":"dra-d-fernandez-agrafojo","status":"publish","type":"page","link":"https:\/\/inof.es\/ca\/dra-d-fernandez-agrafojo\/","title":{"rendered":"Dra. D. Fern\u00e1ndez-Agrafojo"},"content":{"rendered":"<div class=\"wpb-content-wrapper\">[vc_row full_width=&#8221;stretch_row&#8221; min_height=&#8221;400&#8243; css=&#8221;.vc_custom_1508240050493{background-image: url(https:\/\/inof.es\/wp-content\/uploads\/2017\/08\/profesionales-de-inof.jpg?id=610) !important;background-position: center !important;background-repeat: no-repeat !important;background-size: cover !important;}&#8221; visibility=&#8221;visible-desktop&#8221;][vc_column][\/vc_column][\/vc_row][vc_row][vc_column][vc_empty_space height=&#8221;50px&#8221;]<h2 class=\"vcex-heading vcex-heading-plain vcex-module wpex-heading wpex-text-2xl\"><span class=\"vcex-heading-inner wpex-inline-block\">Dra. Dora Fern\u00e1ndez-Agrafojo<\/span><\/h2>[\/vc_column][\/vc_row][vc_row full_width=&#8221;stretch_row&#8221; column_spacing=&#8221;50&#8243;][vc_column width=&#8221;1\/2&#8243;][vc_single_image image=&#8221;1251&#8243; alignment=&#8221;left&#8221;][vc_empty_space height=&#8221;30px&#8221;][vc_column_text]Llicenciada en Medicina i Cirurgia per la Universitat de Santiago de Compostel\u00b7la en 1984. Es va especialitzar en Oftalmologia en l&#8217;Hospital Cl\u00ednic de Barcelona y es va doctorar per la Universitat de Barcelona en 1992. El tema de la seva tesi doctoral \u00abCirurgia de l&#8217;Estrabisme Divergent\u00bb, per la qual va obtenir un excel\u00b7lent <em>cum laude<\/em>, va ser una baula important en l&#8217;inici de la seva carrera professional, centrada en la cirurgia estrabol\u00f3gica, tant infantil com d&#8217;adults.<\/p>\n<p><a href=\"http:\/\/www.fernandezagrafojo.com\" target=\"_blank\" rel=\"noopener noreferrer\">Web Dra. Fern\u00e1ndez-Agrafojo<\/a>[\/vc_column_text][vc_empty_space height=&#8221;30px&#8221;]<style>.vcex-social-links.vcex_69dc2de11bcb9{font-size:20px;}<\/style><div class=\"vcex-social-links vcex-module wpex-flex wpex-flex-wrap wpex-social-btns vcex-social-btns wpex-items-center wpex-gap-5 wpex-last-mr-0 vcex_69dc2de11bcb9\"><a href=\"https:\/\/www.linkedin.com\/in\/dora-fern%C3%A1ndez-agrafojo\/?ppe=1\" class=\"vcex-social-links__item wpex-social-btn wpex-social-btn-flat wpex-social-bg wpex-linkedin\" target=\"_blank\" rel=\"noopener noreferrer\"><span class=\"vcex-social-links__icon wpex-icon\" aria-hidden=\"true\"><svg xmlns=\"http:\/\/www.w3.org\/2000\/svg\" viewBox=\"0 0 448 512\"><path d=\"M100.3 448H7.4V148.9h92.9zM53.8 108.1C24.1 108.1 0 83.5 0 53.8a53.8 53.8 0 0 1 107.6 0c0 29.7-24.1 54.3-53.8 54.3zM447.9 448h-92.7V302.4c0-34.7-.7-79.2-48.3-79.2-48.3 0-55.7 37.7-55.7 76.7V448h-92.8V148.9h89.1v40.8h1.3c12.4-23.5 42.7-48.3 87.9-48.3 94 0 111.3 61.9 111.3 142.3V448z\"\/><\/svg><\/span><span class=\"screen-reader-text\">LinkedIn<\/span><\/a><a href=\"https:\/\/www.facebook.com\/dora.fernandez.agrafojo?hc_ref=PAGES_TIMELINE\" class=\"vcex-social-links__item wpex-social-btn wpex-social-btn-flat wpex-social-bg wpex-facebook\" target=\"_blank\" rel=\"noopener noreferrer\"><span class=\"vcex-social-links__icon wpex-icon\" aria-hidden=\"true\"><svg xmlns=\"http:\/\/www.w3.org\/2000\/svg\" viewBox=\"0 0 512 512\"><path d=\"M512 256C512 114.6 397.4 0 256 0S0 114.6 0 256C0 376 82.7 476.8 194.2 504.5V334.2H141.4V256h52.8V222.3c0-87.1 39.4-127.5 125-127.5c16.2 0 44.2 3.2 55.7 6.4V172c-6-.6-16.5-1-29.6-1c-42 0-58.2 15.9-58.2 57.2V256h83.6l-14.4 78.2H287V510.1C413.8 494.8 512 386.9 512 256h0z\"\/><\/svg><\/span><span class=\"screen-reader-text\">Facebook<\/span><\/a><\/div>[\/vc_column][vc_column width=&#8221;1\/2&#8243;][vc_column_text]<strong>Especialitat<\/strong><\/p>\n<p><em>Especialista en Oftalmologia infantil i Estrabologia.<\/em><\/p>\n<p>&nbsp;<\/p>\n<p><strong>Directora d&#8217;INOF<\/strong><\/p>\n<p>En l&#8217;actualitat dirigeix \u200b\u200bel Centre d&#8217;Investigaci\u00f3 i Cirurgia Ocular INOF, des d&#8217;on s&#8217;ofereix un servei integral per a la prevenci\u00f3, diagn\u00f2stic i tractament de les malalties oculars.<\/p>\n<p>&nbsp;<\/p>\n<p><strong>Societats professionals<\/strong><\/p>\n<ul>\n<li>Membre de la Societat Catalana d\u2019Oftalmologia<\/li>\n<li>Membre de la Societat Espanyola d&#8217;Estrabologia<\/li>\n<li>Membre de la Societat Europea d&#8217;Estrabologia<\/li>\n<li>Membre de la International Strabismological Association (ISA)<\/li>\n<li>Membre numerari de la Fundaci\u00f3 Acad\u00e8mia de Ci\u00e8ncies M\u00e8diques<\/li>\n<li>Membre del Consell Llatinoameric\u00e0 d&#8217;Estrabisme (CLADE)<\/li>\n<li>Membre de la Junta facultativa del Centre M\u00e8dic Teknon des d\u2019octubre del 2014<\/li>\n<li>Membre del consell de redacci\u00f3 en el LEOP<\/li>\n<\/ul>\n<p>&nbsp;<\/p>\n<p><strong>Perfil personal<\/strong><\/p>\n<p>Treballadora incansable, amant de la seva professi\u00f3. La publicaci\u00f3 d&#8217;articles i comunicacions en revistes especialitzades aix\u00ed com la seva participaci\u00f3 en cursos i congressos de primer nivell, tant nacional com internacional, s\u00f3n una constant en la seva traject\u00f2ria professional.[\/vc_column_text][\/vc_column][\/vc_row][vc_row][vc_column]<style>.vcex-button.vcex_69dc2de11e61b{background:#ffad1e;color:#ffffff!important;width:200px;}.vcex-button.vcex_69dc2de11e61b:hover{background:#ffc651!important;color:#757575!important;}<\/style><div class=\"theme-button-wrap textcenter theme-button-block-wrap wpex-block wpex-clear wpex-clr\"><a href=\"https:\/\/inof.es\/ca\/el-nostre-equip\/\" class=\"vcex-button theme-button medium align-center block wpex-flex-shrink-0 vcex_69dc2de11e61b\"><span class=\"vcex-button-inner theme-button-inner wpex-flex wpex-flex-wrap wpex-items-center wpex-justify-center\"><span class=\"vcex-button-icon vcex-icon-wrap theme-button-icon-left\"><span aria-hidden=\"true\" class=\"typcn typcn-arrow-left-thick\"><\/span><\/span>Tornar<\/span><\/a><\/div> [\/vc_column][\/vc_row]\n<\/div>","protected":false},"excerpt":{"rendered":"<p>[vc_row full_width=&#8221;stretch_row&#8221; min_height=&#8221;400&#8243; css=&#8221;.vc_custom_1508240050493{background-image: url(https:\/\/inof.es\/wp-content\/uploads\/2017\/08\/profesionales-de-inof.jpg?id=610) !important;background-position: center !important;background-repeat: no-repeat !important;background-size: cover !important;}&#8221; visibility=&#8221;visible-desktop&#8221;][vc_column][\/vc_column][\/vc_row][vc_row][vc_column][vc_empty_space height=&#8221;50px&#8221;][\/vc_column][\/vc_row][vc_row full_width=&#8221;stretch_row&#8221; column_spacing=&#8221;50&#8243;][vc_column width=&#8221;1\/2&#8243;][vc_single_image image=&#8221;1251&#8243; alignment=&#8221;left&#8221;][vc_empty_space height=&#8221;30px&#8221;][vc_column_text]Llicenciada en Medicina i Cirurgia per la Universitat de Santiago de Compostel\u00b7la en 1984. Es va especialitzar en Oftalmologia en l&#8217;Hospital Cl\u00ednic de Barcelona y es va doctorar per la Universitat de Barcelona en 1992. El&hellip;<\/p>\n","protected":false},"author":1,"featured_media":0,"parent":0,"menu_order":0,"comment_status":"closed","ping_status":"closed","template":"","meta":{"_joinchat":[],"footnotes":""},"class_list":["post-1128","page","type-page","status-publish","hentry","entry","no-media"],"yoast_head":"<!-- This site is optimized with the Yoast SEO plugin v26.8 - https:\/\/yoast.com\/product\/yoast-seo-wordpress\/ -->\n<title>Dra. D. Fern\u00e1ndez-Agrafojo<\/title>\n<meta name=\"description\" content=\"Dra. D. Fdez-Agrafojo. Especialista en Oftalmologia infantil i Estrabologia. Directora de l&#039;Institut oftalmol\u00f2gic INOF.\" \/>\n<meta name=\"robots\" content=\"index, follow, max-snippet:-1, max-image-preview:large, max-video-preview:-1\" \/>\n<link rel=\"canonical\" href=\"https:\/\/inof.es\/ca\/dra-d-fernandez-agrafojo\/\" \/>\n<meta property=\"og:locale\" content=\"ca_ES\" \/>\n<meta property=\"og:type\" content=\"article\" \/>\n<meta property=\"og:title\" content=\"Dra. D. Fern\u00e1ndez-Agrafojo\" \/>\n<meta property=\"og:description\" content=\"Dra. D. Fdez-Agrafojo. Especialista en Oftalmologia infantil i Estrabologia. Directora de l&#039;Institut oftalmol\u00f2gic INOF.\" \/>\n<meta property=\"og:url\" content=\"https:\/\/inof.es\/ca\/dra-d-fernandez-agrafojo\/\" \/>\n<meta property=\"og:site_name\" content=\"Inof | Centro de investigaci\u00f3n y cirug\u00eda ocular\" \/>\n<meta property=\"article:publisher\" content=\"https:\/\/www.facebook.com\/OftalmologiaINOF\/\" \/>\n<meta property=\"article:modified_time\" content=\"2022-07-17T20:41:23+00:00\" \/>\n<meta name=\"twitter:card\" content=\"summary_large_image\" \/>\n<meta name=\"twitter:label1\" content=\"Temps estimat de lectura\" \/>\n\t<meta name=\"twitter:data1\" content=\"2 minuts\" \/>\n<script type=\"application\/ld+json\" class=\"yoast-schema-graph\">{\"@context\":\"https:\/\/schema.org\",\"@graph\":[{\"@type\":\"WebPage\",\"@id\":\"https:\/\/inof.es\/ca\/dra-d-fernandez-agrafojo\/\",\"url\":\"https:\/\/inof.es\/ca\/dra-d-fernandez-agrafojo\/\",\"name\":\"Dra. D. Fern\u00e1ndez-Agrafojo\",\"isPartOf\":{\"@id\":\"https:\/\/inof.es\/ca\/#website\"},\"datePublished\":\"2017-08-12T18:58:59+00:00\",\"dateModified\":\"2022-07-17T20:41:23+00:00\",\"description\":\"Dra. D. Fdez-Agrafojo. Especialista en Oftalmologia infantil i Estrabologia. Directora de l'Institut oftalmol\u00f2gic INOF.\",\"breadcrumb\":{\"@id\":\"https:\/\/inof.es\/ca\/dra-d-fernandez-agrafojo\/#breadcrumb\"},\"inLanguage\":\"ca\",\"potentialAction\":[{\"@type\":\"ReadAction\",\"target\":[\"https:\/\/inof.es\/ca\/dra-d-fernandez-agrafojo\/\"]}]},{\"@type\":\"BreadcrumbList\",\"@id\":\"https:\/\/inof.es\/ca\/dra-d-fernandez-agrafojo\/#breadcrumb\",\"itemListElement\":[{\"@type\":\"ListItem\",\"position\":1,\"name\":\"Portada\",\"item\":\"https:\/\/inof.es\/ca\/\"},{\"@type\":\"ListItem\",\"position\":2,\"name\":\"Dra. D. Fern\u00e1ndez-Agrafojo\"}]},{\"@type\":\"WebSite\",\"@id\":\"https:\/\/inof.es\/ca\/#website\",\"url\":\"https:\/\/inof.es\/ca\/\",\"name\":\"Centro Inof | Dra. Fdez-Agrafojo\",\"description\":\"Especialistas en estrabismo y oftalmolog\u00eda infantil\",\"publisher\":{\"@id\":\"https:\/\/inof.es\/ca\/#organization\"},\"potentialAction\":[{\"@type\":\"SearchAction\",\"target\":{\"@type\":\"EntryPoint\",\"urlTemplate\":\"https:\/\/inof.es\/ca\/?s={search_term_string}\"},\"query-input\":{\"@type\":\"PropertyValueSpecification\",\"valueRequired\":true,\"valueName\":\"search_term_string\"}}],\"inLanguage\":\"ca\"},{\"@type\":\"Organization\",\"@id\":\"https:\/\/inof.es\/ca\/#organization\",\"name\":\"Centro INOF de la Dra. Fdez-Agrafojo\",\"url\":\"https:\/\/inof.es\/ca\/\",\"logo\":{\"@type\":\"ImageObject\",\"inLanguage\":\"ca\",\"@id\":\"https:\/\/inof.es\/ca\/#\/schema\/logo\/image\/\",\"url\":\"https:\/\/inof.es\/wp-content\/uploads\/2018\/10\/logo-agrafojo.png\",\"contentUrl\":\"https:\/\/inof.es\/wp-content\/uploads\/2018\/10\/logo-agrafojo.png\",\"width\":721,\"height\":332,\"caption\":\"Centro INOF de la Dra. Fdez-Agrafojo\"},\"image\":{\"@id\":\"https:\/\/inof.es\/ca\/#\/schema\/logo\/image\/\"},\"sameAs\":[\"https:\/\/www.facebook.com\/OftalmologiaINOF\/\",\"https:\/\/www.instagram.com\/inof_agrafojo\/\",\"https:\/\/www.linkedin.com\/in\/dora-fern\u00e1ndez-agrafojo\/?ppe=1\",\"https:\/\/www.youtube.com\/channel\/UCOK86vawyDB209S0-i8dFDg\/playlists\"]}]}<\/script>\n<!-- \/ Yoast SEO plugin. -->","yoast_head_json":{"title":"Dra. D. Fern\u00e1ndez-Agrafojo","description":"Dra. D. Fdez-Agrafojo. Especialista en Oftalmologia infantil i Estrabologia. Directora de l'Institut oftalmol\u00f2gic INOF.","robots":{"index":"index","follow":"follow","max-snippet":"max-snippet:-1","max-image-preview":"max-image-preview:large","max-video-preview":"max-video-preview:-1"},"canonical":"https:\/\/inof.es\/ca\/dra-d-fernandez-agrafojo\/","og_locale":"ca_ES","og_type":"article","og_title":"Dra. D. Fern\u00e1ndez-Agrafojo","og_description":"Dra. D. Fdez-Agrafojo. Especialista en Oftalmologia infantil i Estrabologia. Directora de l'Institut oftalmol\u00f2gic INOF.","og_url":"https:\/\/inof.es\/ca\/dra-d-fernandez-agrafojo\/","og_site_name":"Inof | Centro de investigaci\u00f3n y cirug\u00eda ocular","article_publisher":"https:\/\/www.facebook.com\/OftalmologiaINOF\/","article_modified_time":"2022-07-17T20:41:23+00:00","twitter_card":"summary_large_image","twitter_misc":{"Temps estimat de lectura":"2 minuts"},"schema":{"@context":"https:\/\/schema.org","@graph":[{"@type":"WebPage","@id":"https:\/\/inof.es\/ca\/dra-d-fernandez-agrafojo\/","url":"https:\/\/inof.es\/ca\/dra-d-fernandez-agrafojo\/","name":"Dra. D. Fern\u00e1ndez-Agrafojo","isPartOf":{"@id":"https:\/\/inof.es\/ca\/#website"},"datePublished":"2017-08-12T18:58:59+00:00","dateModified":"2022-07-17T20:41:23+00:00","description":"Dra. D. Fdez-Agrafojo. Especialista en Oftalmologia infantil i Estrabologia. Directora de l'Institut oftalmol\u00f2gic INOF.","breadcrumb":{"@id":"https:\/\/inof.es\/ca\/dra-d-fernandez-agrafojo\/#breadcrumb"},"inLanguage":"ca","potentialAction":[{"@type":"ReadAction","target":["https:\/\/inof.es\/ca\/dra-d-fernandez-agrafojo\/"]}]},{"@type":"BreadcrumbList","@id":"https:\/\/inof.es\/ca\/dra-d-fernandez-agrafojo\/#breadcrumb","itemListElement":[{"@type":"ListItem","position":1,"name":"Portada","item":"https:\/\/inof.es\/ca\/"},{"@type":"ListItem","position":2,"name":"Dra. D. Fern\u00e1ndez-Agrafojo"}]},{"@type":"WebSite","@id":"https:\/\/inof.es\/ca\/#website","url":"https:\/\/inof.es\/ca\/","name":"Centro Inof | Dra. Fdez-Agrafojo","description":"Especialistas en estrabismo y oftalmolog\u00eda infantil","publisher":{"@id":"https:\/\/inof.es\/ca\/#organization"},"potentialAction":[{"@type":"SearchAction","target":{"@type":"EntryPoint","urlTemplate":"https:\/\/inof.es\/ca\/?s={search_term_string}"},"query-input":{"@type":"PropertyValueSpecification","valueRequired":true,"valueName":"search_term_string"}}],"inLanguage":"ca"},{"@type":"Organization","@id":"https:\/\/inof.es\/ca\/#organization","name":"Centro INOF de la Dra. Fdez-Agrafojo","url":"https:\/\/inof.es\/ca\/","logo":{"@type":"ImageObject","inLanguage":"ca","@id":"https:\/\/inof.es\/ca\/#\/schema\/logo\/image\/","url":"https:\/\/inof.es\/wp-content\/uploads\/2018\/10\/logo-agrafojo.png","contentUrl":"https:\/\/inof.es\/wp-content\/uploads\/2018\/10\/logo-agrafojo.png","width":721,"height":332,"caption":"Centro INOF de la Dra. Fdez-Agrafojo"},"image":{"@id":"https:\/\/inof.es\/ca\/#\/schema\/logo\/image\/"},"sameAs":["https:\/\/www.facebook.com\/OftalmologiaINOF\/","https:\/\/www.instagram.com\/inof_agrafojo\/","https:\/\/www.linkedin.com\/in\/dora-fern\u00e1ndez-agrafojo\/?ppe=1","https:\/\/www.youtube.com\/channel\/UCOK86vawyDB209S0-i8dFDg\/playlists"]}]}},"_links":{"self":[{"href":"https:\/\/inof.es\/ca\/wp-json\/wp\/v2\/pages\/1128","targetHints":{"allow":["GET"]}}],"collection":[{"href":"https:\/\/inof.es\/ca\/wp-json\/wp\/v2\/pages"}],"about":[{"href":"https:\/\/inof.es\/ca\/wp-json\/wp\/v2\/types\/page"}],"author":[{"embeddable":true,"href":"https:\/\/inof.es\/ca\/wp-json\/wp\/v2\/users\/1"}],"replies":[{"embeddable":true,"href":"https:\/\/inof.es\/ca\/wp-json\/wp\/v2\/comments?post=1128"}],"version-history":[{"count":9,"href":"https:\/\/inof.es\/ca\/wp-json\/wp\/v2\/pages\/1128\/revisions"}],"predecessor-version":[{"id":4148,"href":"https:\/\/inof.es\/ca\/wp-json\/wp\/v2\/pages\/1128\/revisions\/4148"}],"wp:attachment":[{"href":"https:\/\/inof.es\/ca\/wp-json\/wp\/v2\/media?parent=1128"}],"curies":[{"name":"wp","href":"https:\/\/api.w.org\/{rel}","templated":true}]}}