{"id":1124,"date":"2017-08-11T09:55:14","date_gmt":"2017-08-11T09:55:14","guid":{"rendered":"http:\/\/inof.es\/nuestro-equipo\/"},"modified":"2026-01-26T13:12:53","modified_gmt":"2026-01-26T13:12:53","slug":"equip-d-inof","status":"publish","type":"page","link":"https:\/\/inof.es\/ca\/equip-d-inof\/","title":{"rendered":"El nostre equip"},"content":{"rendered":"<div class=\"wpb-content-wrapper\">[vc_row full_width=&#8221;stretch_row&#8221; content_placement=&#8221;middle&#8221; parallax=&#8221;content-moving&#8221; wpex_bg_overlay=&#8221;color&#8221; css=&#8221;.vc_custom_1577992482613{background-image: url(https:\/\/inof.es\/wp-content\/uploads\/2017\/08\/equipo-de-inof.jpg?id=602) !important;background-position: center;background-repeat: no-repeat;background-size: contain !important;}&#8221; min_height=&#8221;400&#8243; visibility=&#8221;hidden-phone&#8221; wpex_bg_overlay_color=&#8221;#000000&#8243;][vc_column width=&#8221;1\/2&#8243;][\/vc_column][vc_column width=&#8221;1\/2&#8243;][vc_empty_space height=&#8221;40px&#8221;]<style>.vcex-heading.vcex_69dc05a4524b7{color:#ffffff;font-size:60px;font-family:'Titillium Web';font-weight:600;}@media (max-width:1024px){.vcex-heading.vcex_69dc05a4524b7{font-size:50px;}}@media (max-width:959px){.vcex-heading.vcex_69dc05a4524b7{font-size:50px;}}@media (max-width:767px){.vcex-heading.vcex_69dc05a4524b7{font-size:40px;}}@media (max-width:479px){.vcex-heading.vcex_69dc05a4524b7{font-size:40px;}}<\/style><div class=\"vcex-heading vcex-heading-plain vcex-module wpex-heading wpex-text-2xl wpex-text-right vcex_69dc05a4524b7\"><span class=\"vcex-heading-inner wpex-inline-block\">EL NOSTRE EQUIP<\/span><\/div>[vc_empty_space height=&#8221;20px&#8221;][vc_column_text css=&#8221;.vc_custom_1716406533706{padding-left: 20px !important;}&#8221; font_weight=&#8221;200&#8243;]\n<p style=\"text-align: right;\"><span class=\"white-text\" style=\"font-size: 24px; color: #808080;\"><span style=\"color: #ffffff;\">Ens preocupem no nom\u00e9s per la qualitat de la medicina sin\u00f3 tamb\u00e9 pel tracte hum\u00e0 amb el pacient perqu\u00e8 \u00e9s molt important per a la seva recuperaci\u00f3<\/span>.<\/span><\/p>\n[\/vc_column_text][\/vc_column][\/vc_row][vc_row full_width=&#8221;stretch_row&#8221; content_placement=&#8221;top&#8221; parallax=&#8221;content-moving&#8221; css=&#8221;.vc_custom_1510516542383{background-position: center;background-repeat: no-repeat;background-size: contain !important;}&#8221; min_height=&#8221;500&#8243; visibility=&#8221;visible-phone&#8221;][vc_column width=&#8221;1\/2&#8243;][vc_empty_space height=&#8221;20px&#8221;][vc_single_image image=&#8221;1456&#8243; alignment=&#8221;center&#8221;][\/vc_column][vc_column width=&#8221;1\/2&#8243;]<style>.vcex-heading.vcex_69dc05a453c28{color:#6b6b6b;font-size:40px;font-family:'Titillium Web';font-weight:200;}<\/style><div class=\"vcex-heading vcex-heading-plain vcex-module wpex-heading wpex-text-2xl wpex-text-center vcex_69dc05a453c28\"><span class=\"vcex-heading-inner wpex-inline-block\">EL NOSTRE EQUIP<\/span><\/div>[vc_empty_space height=&#8221;20px&#8221;][vc_column_text css=&#8221;.vc_custom_1528135054668{padding-left: 20px !important;}&#8221;]\n<p style=\"text-align: center;\"><span style=\"font-size: 24px; color: #808080;\">Ens preocupem no nom\u00e9s per la qualitat de la medicina sin\u00f3 tamb\u00e9 pel tracte hum\u00e0 amb el pacient perqu\u00e8 \u00e9s molt important per a la seva recuperaci\u00f3.<\/span><\/p>\n<p style=\"text-align: center;\"><span style=\"color: #808080; font-size: 24px;\">\u00a0<\/span><\/p>\n<p style=\"text-align: left;\"><span style=\"color: #808080; font-size: 24px;\">\u00a0<\/span><\/p>\n[\/vc_column_text][\/vc_column][\/vc_row][vc_row full_width=&#8221;stretch_row&#8221; visibility=&#8221;hidden-phone&#8221;][vc_column][vc_empty_space height=&#8221;30px&#8221;][\/vc_column][\/vc_row][vc_row full_width=&#8221;stretch_row&#8221;][vc_column][vc_column_text]\n<p style=\"text-align: center;\"><span style=\"font-size: 21px;\">A m\u00e9s de ser <strong>experts en diagn\u00f2stic i tractament de estrabismes i oftalmologia infantil<\/strong>, l&#8217;equip de INOF abasta altres especialitats oftalmol\u00f2giques com cirurgia refractiva, cirurgia de cataractes, cirurgia de parpelles, tractament del glaucoma, patologies de la retina, patologies de c\u00f2rnia&#8230;, comptant amb especialistes en retina, en c\u00f2rnia i conjuntiva, parpelles i \u00f2rbita, neuro-oftalmologia i optometria cl\u00ednica.<\/span><\/p>\n[\/vc_column_text][\/vc_column][\/vc_row][vc_row full_width=&#8221;stretch_row&#8221; visibility=&#8221;hidden-phone&#8221;][vc_column width=&#8221;1\/2&#8243;][vc_column_text]\n<blockquote>\n<h3>Apostem per assolir l&#8217;excel\u00b7l\u00e8ncia mitjan\u00e7ant el treball rigor\u00f3s, la professionalitat i la necess\u00e0ria dosi de passi\u00f3.<\/h3>\n<\/blockquote>\n[\/vc_column_text][\/vc_column][vc_column width=&#8221;1\/2&#8243;][vc_empty_space height=&#8221;30px&#8221;][vc_single_image image=&#8221;1376&#8243; add_caption=&#8221;yes&#8221; alignment=&#8221;center&#8221; img_caption=&#8221;DRA. FERN\u00c1NDEZ-AGRAFOJO&#8221;][\/vc_column][\/vc_row][vc_row full_width=&#8221;stretch_row&#8221; visibility=&#8221;visible-phone&#8221;][vc_column width=&#8221;1\/2&#8243;][vc_empty_space height=&#8221;30px&#8221;][vc_single_image image=&#8221;1376&#8243; add_caption=&#8221;yes&#8221; alignment=&#8221;center&#8221; img_caption=&#8221;DRA. FERN\u00c1NDEZ-AGRAFOJO&#8221;][\/vc_column][vc_column width=&#8221;1\/2&#8243;][vc_column_text]\n<blockquote><p>Apostem per assolir l&#8217;excel\u00b7l\u00e8ncia mitjan\u00e7ant el treball rigor\u00f3s, la professionalitat i la necess\u00e0ria dosi de passi\u00f3.<\/p><\/blockquote>\n[\/vc_column_text][\/vc_column][\/vc_row][vc_row full_width=&#8221;stretch_row&#8221; css=&#8221;.vc_custom_1528737672895{background-color: #eaeaea !important;}&#8221;][vc_column][vc_empty_space height=&#8221;50px&#8221;]<h2 class=\"vcex-heading vcex-heading-plain vcex-module wpex-heading wpex-text-2xl wpex-text-left\"><span class=\"vcex-heading-inner wpex-inline-block\">METGES ESPECIALISTES<\/span><\/h2>[vc_empty_space height=&#8221;20px&#8221;][vc_row_inner][vc_column_inner width=&#8221;1\/4&#8243;][vc_single_image image=&#8221;1247&#8243; alignment=&#8221;center&#8221; onclick=&#8221;custom_link&#8221; img_hover=&#8221;grow&#8221; link=&#8221;http:\/\/www.inof.es\/ca\/dra-d-fernandez-agrafojo\/&#8221;][vc_column_text css=&#8221;.vc_custom_1616499453990{padding-top: 15px !important;}&#8221;]\n<p style=\"text-align: center;\"><span style=\"font-size: 18px; color: #808080;\"><strong>Dra. Fern\u00e1ndez-Agrafojo<\/strong><\/span><br \/>\n<em>Especialista en Oftalmologia pedi\u00e0trica i Estrabisme infantil i d&#8217;adults<br \/>\n<\/em>[\/vc_column_text][\/vc_column_inner][vc_column_inner width=&#8221;1\/4&#8243;][vc_single_image image=&#8221;1231&#8243; alignment=&#8221;center&#8221; onclick=&#8221;custom_link&#8221; img_hover=&#8221;grow&#8221; link=&#8221;http:\/\/www.inof.es\/ca\/dr-max-rondon\/&#8221;][vc_column_text css=&#8221;.vc_custom_1616499505358{padding-top: 15px !important;}&#8221;]\n<p style=\"text-align: center;\"><span style=\"font-size: 18px;\"><strong><span style=\"color: #808080;\">Dr. Max Rond\u00f3n<\/span><\/strong><\/span><br \/>\n<em>Especialista en Cirurgia Oculopl\u00e0stica i Orbit\u00e0ria<br \/>\n<\/em>[\/vc_column_text][\/vc_column_inner][vc_column_inner width=&#8221;1\/4&#8243;][vc_single_image image=&#8221;1235&#8243; alignment=&#8221;center&#8221; onclick=&#8221;custom_link&#8221; img_hover=&#8221;grow&#8221; link=&#8221;http:\/\/www.inof.es\/ca\/dr-xavier-nunez\/&#8221;][vc_column_text css=&#8221;.vc_custom_1616499471685{padding-top: 15px !important;}&#8221;]\n<p style=\"text-align: center;\"><span style=\"font-size: 18px;\"><strong><span style=\"color: #808080;\">Dr. Xavier N\u00fa\u00f1ez<\/span><\/strong><\/span><br \/>\n<em>Especialista en Glaucoma<\/em>[\/vc_column_text][\/vc_column_inner][vc_column_inner width=&#8221;1\/4&#8243;][vc_single_image image=&#8221;4892&#8243; alignment=&#8221;center&#8221; onclick=&#8221;custom_link&#8221; img_hover=&#8221;grow&#8221; link=&#8221;https:\/\/inof.es\/ca\/dr-joan-giralt\/&#8221;][vc_column_text css=&#8221;.vc_custom_1708974424223{padding-top: 15px !important;}&#8221;]\n<p style=\"text-align: center;\"><span style=\"font-size: 18px; color: #808080;\"><strong>Dr. Joan Giralt<\/strong><\/span><br \/>\n<em>Especialista en Cirurgia de cataractes, malalties de retina i vitri i DMA<\/em><\/p>\n[\/vc_column_text][\/vc_column_inner][\/vc_row_inner][vc_row_inner][vc_column_inner width=&#8221;1\/4&#8243;][vc_single_image image=&#8221;4713&#8243; alignment=&#8221;center&#8221; onclick=&#8221;custom_link&#8221; img_hover=&#8221;grow&#8221; link=&#8221;https:\/\/inof.es\/ca\/dra-silvia-aleman\/&#8221;][vc_column_text css=&#8221;.vc_custom_1708969738293{padding-top: 15px !important;}&#8221;]\n<p style=\"text-align: center;\"><span style=\"font-size: 18px; color: #808080;\"><strong>Dra. Silvia Alem\u00e1n<\/strong><\/span><br \/>\n<em>Especialista en Oftalmologia Pedi\u00e0trica i Estrabisme<br \/>\n<\/em><\/p>\n[\/vc_column_text][\/vc_column_inner][vc_column_inner width=&#8221;1\/4&#8243;][vc_single_image image=&#8221;4744&#8243; alignment=&#8221;center&#8221; onclick=&#8221;custom_link&#8221; img_hover=&#8221;grow&#8221; link=&#8221;https:\/\/inof.es\/ca\/dra-angeles-bort\/&#8221;][vc_column_text css=&#8221;.vc_custom_1697041173823{padding-top: 15px !important;}&#8221;]\n<p style=\"text-align: center;\"><span style=\"font-size: 18px; color: #808080;\"><strong>Dra. \u00c0ngels Bort<\/strong><\/span><br \/>\n<em>Especialista en Neurooftalmologia<br \/>\n<\/em><\/p>\n[\/vc_column_text][\/vc_column_inner][vc_column_inner width=&#8221;1\/4&#8243;][\/vc_column_inner][vc_column_inner width=&#8221;1\/4&#8243;][\/vc_column_inner][\/vc_row_inner][\/vc_column][\/vc_row][vc_row full_width=&#8221;stretch_row&#8221; disable_element=&#8221;yes&#8221;][vc_column][vc_empty_space height=&#8221;50px&#8221;]<h2 class=\"vcex-heading vcex-heading-plain vcex-module wpex-heading wpex-text-2xl wpex-text-left\"><span class=\"vcex-heading-inner wpex-inline-block\">OPTOMETRISTA<\/span><\/h2>[vc_empty_space height=&#8221;20px&#8221;][vc_row_inner][vc_column_inner width=&#8221;1\/4&#8243;][vc_single_image image=&#8221;1259&#8243; alignment=&#8221;center&#8221; onclick=&#8221;custom_link&#8221; img_hover=&#8221;grow&#8221; link=&#8221;https:\/\/inof.es\/ca\/hari-morales\/&#8221;][vc_column_text css=&#8221;.vc_custom_1528736689846{padding-top: 15px !important;}&#8221;]\n<p style=\"text-align: center;\"><span style=\"color: #808080; font-size: 18px;\"><strong>Sr. Hari Morales<\/strong><\/span><br \/>\n<em>Optometrista<\/em>[\/vc_column_text][\/vc_column_inner][vc_column_inner width=&#8221;1\/4&#8243;][\/vc_column_inner][vc_column_inner width=&#8221;1\/4&#8243;][\/vc_column_inner][vc_column_inner width=&#8221;1\/4&#8243;][\/vc_column_inner][\/vc_row_inner][\/vc_column][\/vc_row][vc_row full_width=&#8221;stretch_row&#8221; disable_element=&#8221;yes&#8221; css=&#8221;.vc_custom_1759832893768{background-color: #f2f2f2 !important;}&#8221;][vc_column][vc_empty_space height=&#8221;30px&#8221;]<h2 class=\"vcex-heading vcex-heading-plain vcex-module wpex-heading wpex-text-2xl wpex-text-left\"><span class=\"vcex-heading-inner wpex-inline-block\">ADMINISTRACI\u00d3<\/span><\/h2>[vc_empty_space height=&#8221;20px&#8221;][vc_row_inner][vc_column_inner width=&#8221;1\/4&#8243;][vc_single_image image=&#8221;1278&#8243; alignment=&#8221;center&#8221; onclick=&#8221;custom_link&#8221; img_hover=&#8221;grow&#8221; link=&#8221;https:\/\/inof.es\/ca\/conxi-ibanez\/&#8221;][vc_column_text css=&#8221;.vc_custom_1708975114599{padding-top: 15px !important;}&#8221;]\n<p style=\"text-align: center;\"><span style=\"font-size: 18px; color: #808080;\"><strong>Sra. Conxi Ib\u00e1\u00f1ez<\/strong><\/span><br \/>\n<em>Atenci\u00f3 al pacient<br \/>\n<\/em><\/p>\n[\/vc_column_text][\/vc_column_inner][vc_column_inner width=&#8221;1\/4&#8243;][vc_single_image image=&#8221;4718&#8243; alignment=&#8221;center&#8221; onclick=&#8221;custom_link&#8221; img_hover=&#8221;grow&#8221; link=&#8221;https:\/\/inof.es\/ca\/sra-begona-casanovas\/&#8221;][vc_column_text css=&#8221;.vc_custom_1708969957598{padding-top: 15px !important;}&#8221;]\n<p style=\"text-align: center;\"><span style=\"font-size: 18px; color: #808080;\"><strong>Sra. Bego\u00f1a Casanovas<\/strong><\/span><br \/>\n<em>Dep. Administraci\u00f3<br \/>\n<\/em><\/p>\n[\/vc_column_text][\/vc_column_inner][vc_column_inner width=&#8221;1\/4&#8243;][vc_single_image image=&#8221;4728&#8243; alignment=&#8221;center&#8221; onclick=&#8221;custom_link&#8221; img_hover=&#8221;grow&#8221; link=&#8221;https:\/\/inof.es\/ca\/sra-melisa-oechsle\/&#8221;][vc_column_text css=&#8221;.vc_custom_1708970221872{padding-top: 15px !important;}&#8221;]\n<p style=\"text-align: center;\"><span style=\"font-size: 18px; color: #808080;\"><strong>Sra. Melisa Oechsle<\/strong><\/span><br \/>\n<em>Dep. Administraci\u00f3<br \/>\n<\/em><\/p>\n[\/vc_column_text][\/vc_column_inner][vc_column_inner width=&#8221;1\/4&#8243;][\/vc_column_inner][\/vc_row_inner][\/vc_column][\/vc_row]\n<\/div>","protected":false},"excerpt":{"rendered":"<p>[vc_row full_width=&#8221;stretch_row&#8221; content_placement=&#8221;middle&#8221; parallax=&#8221;content-moving&#8221; wpex_bg_overlay=&#8221;color&#8221; css=&#8221;.vc_custom_1577992482613{background-image: url(https:\/\/inof.es\/wp-content\/uploads\/2017\/08\/equipo-de-inof.jpg?id=602) !important;background-position: center;background-repeat: no-repeat;background-size: contain !important;}&#8221; min_height=&#8221;400&#8243; visibility=&#8221;hidden-phone&#8221; wpex_bg_overlay_color=&#8221;#000000&#8243;][vc_column width=&#8221;1\/2&#8243;][\/vc_column][vc_column width=&#8221;1\/2&#8243;][vc_empty_space height=&#8221;40px&#8221;][vc_empty_space height=&#8221;20px&#8221;][vc_column_text css=&#8221;.vc_custom_1716406533706{padding-left: 20px !important;}&#8221; font_weight=&#8221;200&#8243;] Ens preocupem no nom\u00e9s per la qualitat de la medicina sin\u00f3 tamb\u00e9 pel tracte hum\u00e0 amb el pacient perqu\u00e8 \u00e9s molt important per a la seva recuperaci\u00f3. [\/vc_column_text][\/vc_column][\/vc_row][vc_row full_width=&#8221;stretch_row&#8221; content_placement=&#8221;top&#8221; parallax=&#8221;content-moving&#8221; css=&#8221;.vc_custom_1510516542383{background-position:&hellip;<\/p>\n","protected":false},"author":1,"featured_media":0,"parent":0,"menu_order":0,"comment_status":"closed","ping_status":"closed","template":"","meta":{"_joinchat":[],"footnotes":""},"class_list":["post-1124","page","type-page","status-publish","hentry","entry","no-media"],"yoast_head":"<!-- This site is optimized with the Yoast SEO plugin v26.8 - https:\/\/yoast.com\/product\/yoast-seo-wordpress\/ -->\n<title>El nostre equip - Inof | Centro de investigaci\u00f3n y cirug\u00eda ocular<\/title>\n<meta name=\"description\" content=\"L&#039;equip d&#039;INOF \u00e9s expert en estrabismes i oftalmologia infantil, en cirurgia refractiva, de cataractes, de parpelles, glaucoma, retina i m\u00e9s.\" \/>\n<meta name=\"robots\" content=\"index, follow, max-snippet:-1, max-image-preview:large, max-video-preview:-1\" \/>\n<link rel=\"canonical\" href=\"https:\/\/inof.es\/ca\/equip-d-inof\/\" \/>\n<meta property=\"og:locale\" content=\"ca_ES\" \/>\n<meta property=\"og:type\" content=\"article\" \/>\n<meta property=\"og:title\" content=\"El nostre equip - Inof | Centro de investigaci\u00f3n y cirug\u00eda ocular\" \/>\n<meta property=\"og:description\" content=\"L&#039;equip d&#039;INOF \u00e9s expert en estrabismes i oftalmologia infantil, en cirurgia refractiva, de cataractes, de parpelles, glaucoma, retina i m\u00e9s.\" \/>\n<meta property=\"og:url\" content=\"https:\/\/inof.es\/ca\/equip-d-inof\/\" \/>\n<meta property=\"og:site_name\" content=\"Inof | Centro de investigaci\u00f3n y cirug\u00eda ocular\" \/>\n<meta property=\"article:publisher\" content=\"https:\/\/www.facebook.com\/OftalmologiaINOF\/\" \/>\n<meta property=\"article:modified_time\" content=\"2026-01-26T13:12:53+00:00\" \/>\n<meta name=\"twitter:card\" content=\"summary_large_image\" \/>\n<meta name=\"twitter:label1\" content=\"Temps estimat de lectura\" \/>\n\t<meta name=\"twitter:data1\" content=\"6 minuts\" \/>\n<script type=\"application\/ld+json\" class=\"yoast-schema-graph\">{\"@context\":\"https:\/\/schema.org\",\"@graph\":[{\"@type\":\"WebPage\",\"@id\":\"https:\/\/inof.es\/ca\/equip-d-inof\/\",\"url\":\"https:\/\/inof.es\/ca\/equip-d-inof\/\",\"name\":\"El nostre equip - Inof | Centro de investigaci\u00f3n y cirug\u00eda ocular\",\"isPartOf\":{\"@id\":\"https:\/\/inof.es\/ca\/#website\"},\"datePublished\":\"2017-08-11T09:55:14+00:00\",\"dateModified\":\"2026-01-26T13:12:53+00:00\",\"description\":\"L'equip d'INOF \u00e9s expert en estrabismes i oftalmologia infantil, en cirurgia refractiva, de cataractes, de parpelles, glaucoma, retina i m\u00e9s.\",\"breadcrumb\":{\"@id\":\"https:\/\/inof.es\/ca\/equip-d-inof\/#breadcrumb\"},\"inLanguage\":\"ca\",\"potentialAction\":[{\"@type\":\"ReadAction\",\"target\":[\"https:\/\/inof.es\/ca\/equip-d-inof\/\"]}]},{\"@type\":\"BreadcrumbList\",\"@id\":\"https:\/\/inof.es\/ca\/equip-d-inof\/#breadcrumb\",\"itemListElement\":[{\"@type\":\"ListItem\",\"position\":1,\"name\":\"Portada\",\"item\":\"https:\/\/inof.es\/ca\/\"},{\"@type\":\"ListItem\",\"position\":2,\"name\":\"El nostre equip\"}]},{\"@type\":\"WebSite\",\"@id\":\"https:\/\/inof.es\/ca\/#website\",\"url\":\"https:\/\/inof.es\/ca\/\",\"name\":\"Centro Inof | Dra. Fdez-Agrafojo\",\"description\":\"Especialistas en estrabismo y oftalmolog\u00eda infantil\",\"publisher\":{\"@id\":\"https:\/\/inof.es\/ca\/#organization\"},\"potentialAction\":[{\"@type\":\"SearchAction\",\"target\":{\"@type\":\"EntryPoint\",\"urlTemplate\":\"https:\/\/inof.es\/ca\/?s={search_term_string}\"},\"query-input\":{\"@type\":\"PropertyValueSpecification\",\"valueRequired\":true,\"valueName\":\"search_term_string\"}}],\"inLanguage\":\"ca\"},{\"@type\":\"Organization\",\"@id\":\"https:\/\/inof.es\/ca\/#organization\",\"name\":\"Centro INOF de la Dra. Fdez-Agrafojo\",\"url\":\"https:\/\/inof.es\/ca\/\",\"logo\":{\"@type\":\"ImageObject\",\"inLanguage\":\"ca\",\"@id\":\"https:\/\/inof.es\/ca\/#\/schema\/logo\/image\/\",\"url\":\"https:\/\/inof.es\/wp-content\/uploads\/2018\/10\/logo-agrafojo.png\",\"contentUrl\":\"https:\/\/inof.es\/wp-content\/uploads\/2018\/10\/logo-agrafojo.png\",\"width\":721,\"height\":332,\"caption\":\"Centro INOF de la Dra. Fdez-Agrafojo\"},\"image\":{\"@id\":\"https:\/\/inof.es\/ca\/#\/schema\/logo\/image\/\"},\"sameAs\":[\"https:\/\/www.facebook.com\/OftalmologiaINOF\/\",\"https:\/\/www.instagram.com\/inof_agrafojo\/\",\"https:\/\/www.linkedin.com\/in\/dora-fern\u00e1ndez-agrafojo\/?ppe=1\",\"https:\/\/www.youtube.com\/channel\/UCOK86vawyDB209S0-i8dFDg\/playlists\"]}]}<\/script>\n<!-- \/ Yoast SEO plugin. -->","yoast_head_json":{"title":"El nostre equip - Inof | Centro de investigaci\u00f3n y cirug\u00eda ocular","description":"L'equip d'INOF \u00e9s expert en estrabismes i oftalmologia infantil, en cirurgia refractiva, de cataractes, de parpelles, glaucoma, retina i m\u00e9s.","robots":{"index":"index","follow":"follow","max-snippet":"max-snippet:-1","max-image-preview":"max-image-preview:large","max-video-preview":"max-video-preview:-1"},"canonical":"https:\/\/inof.es\/ca\/equip-d-inof\/","og_locale":"ca_ES","og_type":"article","og_title":"El nostre equip - Inof | Centro de investigaci\u00f3n y cirug\u00eda ocular","og_description":"L'equip d'INOF \u00e9s expert en estrabismes i oftalmologia infantil, en cirurgia refractiva, de cataractes, de parpelles, glaucoma, retina i m\u00e9s.","og_url":"https:\/\/inof.es\/ca\/equip-d-inof\/","og_site_name":"Inof | Centro de investigaci\u00f3n y cirug\u00eda ocular","article_publisher":"https:\/\/www.facebook.com\/OftalmologiaINOF\/","article_modified_time":"2026-01-26T13:12:53+00:00","twitter_card":"summary_large_image","twitter_misc":{"Temps estimat de lectura":"6 minuts"},"schema":{"@context":"https:\/\/schema.org","@graph":[{"@type":"WebPage","@id":"https:\/\/inof.es\/ca\/equip-d-inof\/","url":"https:\/\/inof.es\/ca\/equip-d-inof\/","name":"El nostre equip - Inof | Centro de investigaci\u00f3n y cirug\u00eda ocular","isPartOf":{"@id":"https:\/\/inof.es\/ca\/#website"},"datePublished":"2017-08-11T09:55:14+00:00","dateModified":"2026-01-26T13:12:53+00:00","description":"L'equip d'INOF \u00e9s expert en estrabismes i oftalmologia infantil, en cirurgia refractiva, de cataractes, de parpelles, glaucoma, retina i m\u00e9s.","breadcrumb":{"@id":"https:\/\/inof.es\/ca\/equip-d-inof\/#breadcrumb"},"inLanguage":"ca","potentialAction":[{"@type":"ReadAction","target":["https:\/\/inof.es\/ca\/equip-d-inof\/"]}]},{"@type":"BreadcrumbList","@id":"https:\/\/inof.es\/ca\/equip-d-inof\/#breadcrumb","itemListElement":[{"@type":"ListItem","position":1,"name":"Portada","item":"https:\/\/inof.es\/ca\/"},{"@type":"ListItem","position":2,"name":"El nostre equip"}]},{"@type":"WebSite","@id":"https:\/\/inof.es\/ca\/#website","url":"https:\/\/inof.es\/ca\/","name":"Centro Inof | Dra. Fdez-Agrafojo","description":"Especialistas en estrabismo y oftalmolog\u00eda infantil","publisher":{"@id":"https:\/\/inof.es\/ca\/#organization"},"potentialAction":[{"@type":"SearchAction","target":{"@type":"EntryPoint","urlTemplate":"https:\/\/inof.es\/ca\/?s={search_term_string}"},"query-input":{"@type":"PropertyValueSpecification","valueRequired":true,"valueName":"search_term_string"}}],"inLanguage":"ca"},{"@type":"Organization","@id":"https:\/\/inof.es\/ca\/#organization","name":"Centro INOF de la Dra. Fdez-Agrafojo","url":"https:\/\/inof.es\/ca\/","logo":{"@type":"ImageObject","inLanguage":"ca","@id":"https:\/\/inof.es\/ca\/#\/schema\/logo\/image\/","url":"https:\/\/inof.es\/wp-content\/uploads\/2018\/10\/logo-agrafojo.png","contentUrl":"https:\/\/inof.es\/wp-content\/uploads\/2018\/10\/logo-agrafojo.png","width":721,"height":332,"caption":"Centro INOF de la Dra. Fdez-Agrafojo"},"image":{"@id":"https:\/\/inof.es\/ca\/#\/schema\/logo\/image\/"},"sameAs":["https:\/\/www.facebook.com\/OftalmologiaINOF\/","https:\/\/www.instagram.com\/inof_agrafojo\/","https:\/\/www.linkedin.com\/in\/dora-fern\u00e1ndez-agrafojo\/?ppe=1","https:\/\/www.youtube.com\/channel\/UCOK86vawyDB209S0-i8dFDg\/playlists"]}]}},"_links":{"self":[{"href":"https:\/\/inof.es\/ca\/wp-json\/wp\/v2\/pages\/1124","targetHints":{"allow":["GET"]}}],"collection":[{"href":"https:\/\/inof.es\/ca\/wp-json\/wp\/v2\/pages"}],"about":[{"href":"https:\/\/inof.es\/ca\/wp-json\/wp\/v2\/types\/page"}],"author":[{"embeddable":true,"href":"https:\/\/inof.es\/ca\/wp-json\/wp\/v2\/users\/1"}],"replies":[{"embeddable":true,"href":"https:\/\/inof.es\/ca\/wp-json\/wp\/v2\/comments?post=1124"}],"version-history":[{"count":56,"href":"https:\/\/inof.es\/ca\/wp-json\/wp\/v2\/pages\/1124\/revisions"}],"predecessor-version":[{"id":5326,"href":"https:\/\/inof.es\/ca\/wp-json\/wp\/v2\/pages\/1124\/revisions\/5326"}],"wp:attachment":[{"href":"https:\/\/inof.es\/ca\/wp-json\/wp\/v2\/media?parent=1124"}],"curies":[{"name":"wp","href":"https:\/\/api.w.org\/{rel}","templated":true}]}}