{"id":1117,"date":"2017-08-11T09:43:41","date_gmt":"2017-08-11T09:43:41","guid":{"rendered":"http:\/\/inof.es\/que-es-inof\/"},"modified":"2024-05-23T19:06:27","modified_gmt":"2024-05-23T19:06:27","slug":"que-es-inof","status":"publish","type":"page","link":"https:\/\/inof.es\/ca\/que-es-inof\/","title":{"rendered":"Qu\u00e8 \u00e9s INOF?"},"content":{"rendered":"<div class=\"wpb-content-wrapper\">[vc_row full_width=&#8221;stretch_row&#8221; content_placement=&#8221;middle&#8221; parallax=&#8221;content-moving&#8221; wpex_bg_overlay=&#8221;color&#8221; css=&#8221;.vc_custom_1577991982871{background-image: url(https:\/\/inof.es\/wp-content\/uploads\/2017\/08\/que-es-inof.jpg?id=597) !important;background-position: center;background-repeat: no-repeat !important;background-size: cover !important;}&#8221; min_height=&#8221;400&#8243; visibility=&#8221;hidden-phone&#8221; wpex_bg_overlay_color=&#8221;#000000&#8243;][vc_column width=&#8221;1\/2&#8243;][\/vc_column][vc_column width=&#8221;1\/2&#8243;][vc_empty_space height=&#8221;40px&#8221;]<style>.vcex-heading.vcex_69dc1b64695cc{color:#ffffff;font-size:60px;font-family:'Titillium Web';font-weight:600;}@media (max-width:1024px){.vcex-heading.vcex_69dc1b64695cc{font-size:50px;}}@media (max-width:959px){.vcex-heading.vcex_69dc1b64695cc{font-size:50px;}}@media (max-width:767px){.vcex-heading.vcex_69dc1b64695cc{font-size:40px;}}@media (max-width:479px){.vcex-heading.vcex_69dc1b64695cc{font-size:40px;}}<\/style><div class=\"vcex-heading vcex-heading-plain vcex-module wpex-heading wpex-text-2xl wpex-text-right vcex_69dc1b64695cc\"><span class=\"vcex-heading-inner wpex-inline-block\">QU\u00c8 \u00c9S INOF?<\/span><\/div>[vc_empty_space height=&#8221;20px&#8221;][vc_column_text css=&#8221;&#8221; font_size=&#8221;d:24|tl:21|tp:21|pl:18|pp:18&#8243; font_weight=&#8221;200&#8243;]\n<p style=\"text-align: right;\"><span class=\"white-text\" style=\"color: #ffffff; font-size: 24px;\">L&#8217;Institut de Recerca i Cirurgia Ocular INOF \u00e9s una entitat privada dedicada a la investigaci\u00f3, prevenci\u00f3, diagn\u00f2stic i tractament de malalties oculars.<\/span><\/p>\n[\/vc_column_text][\/vc_column][\/vc_row][vc_row full_width=&#8221;stretch_row&#8221; content_placement=&#8221;top&#8221; parallax=&#8221;content-moving&#8221; css=&#8221;.vc_custom_1510515929711{background-position: center;background-repeat: no-repeat !important;background-size: cover !important;}&#8221; min_height=&#8221;500&#8243; visibility=&#8221;visible-phone&#8221;][vc_column width=&#8221;1\/2&#8243;][vc_empty_space height=&#8221;20px&#8221;][vc_single_image image=&#8221;1452&#8243; alignment=&#8221;center&#8221;][\/vc_column][vc_column width=&#8221;1\/2&#8243;]<style>.vcex-heading.vcex_69dc1b646b5ee{color:#6b6b6b;font-size:40px;font-family:'Titillium Web';font-weight:200;}<\/style><div class=\"vcex-heading vcex-heading-plain vcex-module wpex-heading wpex-text-2xl wpex-text-center vcex_69dc1b646b5ee\"><span class=\"vcex-heading-inner wpex-inline-block\">QU\u00c8 \u00c8S INOF?<\/span><\/div>[vc_empty_space height=&#8221;20px&#8221;][vc_column_text font_size=&#8221;d:24|tl:21|tp:21|pl:18|pp:18&#8243;]\n<p style=\"text-align: center;\"><span style=\"color: #808080; font-size: 24px;\">L&#8217;Institut de Recerca i Cirugia Ocular INOF \u00e9s una entitat privada dedicada a la investigaci\u00f3, prevenci\u00f3, diagn\u00f2stic i tractament de malalties oculars.<\/span><\/p>\n[\/vc_column_text][\/vc_column][\/vc_row][vc_row full_width=&#8221;stretch_row&#8221; parallax=&#8221;content-moving&#8221; css=&#8221;.vc_custom_1502533630922{background-position: center;background-repeat: no-repeat;background-size:contain;}&#8221;][vc_column][vc_empty_space height=&#8221;50px&#8221;]<style>.vcex-feature-box.vcex_69dc1b646c200{text-align:start;}.vcex-feature-box.vcex_69dc1b646c200 .vcex-feature-box-heading{font-size:32px;}@media (max-width:1024px){.vcex-feature-box.vcex_69dc1b646c200 .vcex-feature-box-heading{font-size:32px;}}@media (max-width:959px){.vcex-feature-box.vcex_69dc1b646c200 .vcex-feature-box-heading{font-size:32px;}}@media (max-width:767px){.vcex-feature-box.vcex_69dc1b646c200 .vcex-feature-box-heading{font-size:32px;}}@media (max-width:479px){.vcex-feature-box.vcex_69dc1b646c200 .vcex-feature-box-heading{font-size:32px;}}<\/style><div class=\"vcex-module vcex-feature-box vcex-feature-box--stackable wpex-flex wpex-flex-col wpex-md-flex-row-reverse wpex-justify-between wpex-gap-30 left-content-right-image vcex-phone-collapse vcex_69dc1b646c200\"><div class=\"vcex-feature-box-media wpex-md-w-50 wpex-md-text-right\"><div class=\"vcex-feature-box-image wpex-relative\"><img loading=\"lazy\" class=\"wpex-align-middle wpex-object-cover\" decoding=\"async\" src=\"https:\/\/inof.es\/wp-content\/uploads\/2020\/07\/equipo-centro-inof-2020.jpg\" alt=\"Equipo de la Dra. Fdez-Agrafojo. Centro INOF\" srcset=\"https:\/\/inof.es\/wp-content\/uploads\/2020\/07\/equipo-centro-inof-2020.jpg 1024w, https:\/\/inof.es\/wp-content\/uploads\/2020\/07\/equipo-centro-inof-2020-300x159.jpg 300w, https:\/\/inof.es\/wp-content\/uploads\/2020\/07\/equipo-centro-inof-2020-768x408.jpg 768w\" width=\"1024\" height=\"544\"><\/div><\/div><div class=\"vcex-feature-box-content wpex-md-w-50\"><h2 class=\"vcex-feature-box-heading wpex-heading wpex-mb-20\">Equip multidisciplinar<\/h2><div class=\"vcex-feature-box-text wpex-last-mb-0 wpex-clr\"><p>INOF compta amb un equip multidisciplinari dirigit per la <strong>Doctora Fern\u00e1ndez-Agrafojo<\/strong>, format per sis oftalm\u00f2legs especialistes i dos optometristes, per poder cobrir totes les \u00e0rees de la salut ocular.<\/p>\n<p><span style=\"color: #ff0000\"><a style=\"color: #ff0000\" href=\"https:\/\/inof.es\/ca\/equip-d-inof\/\">Vegeu l&#8217;equip \u2192<\/a><\/span><\/p>\n<\/div><\/div><\/div>[\/vc_column][\/vc_row][vc_row full_width=&#8221;stretch_row&#8221; columns_right=&#8221;yes&#8221; css=&#8221;.vc_custom_1506943188564{background-color: #ffad1e !important;}&#8221;][vc_column][vc_empty_space height=&#8221;30px&#8221;]<style>.vcex-heading.vcex_69dc1b646f0dc{color:#ffffff;font-size:36px;font-family:'Titillium Web';font-weight:200;}<\/style><div class=\"vcex-heading vcex-heading-plain vcex-module wpex-heading wpex-text-2xl wpex-text-center vcex_69dc1b646f0dc\"><span class=\"vcex-heading-inner wpex-inline-block\">Especialistes en cirurgia oftalmol\u00f2gica<\/span><\/div>[vc_empty_space height=&#8221;20px&#8221;][vc_column_text]\n<p style=\"text-align: center;\"><span class=\"white-text\" style=\"color: #333333; font-size: 24px;\">A l&#8217;Institut INOF es realitzen tot tipus de tractaments i intervencions quir\u00fargiques relacionades amb diverses \u00e0rees de l&#8217;oftalmologia com ara <strong>cirurgia de l&#8217;estrabisme<\/strong> (infantil o d&#8217;adults), <strong>oftalmologia infantil<\/strong> o pedi\u00e0trica, <strong>cirurgia refractiva<\/strong>, cirurgia de <strong>cataractes<\/strong>, cirurgia <strong>palpebral,<\/strong> entre molts procediments.<\/span><\/p>\n[\/vc_column_text][\/vc_column][\/vc_row][vc_row columns_right=&#8221;yes&#8221;][vc_column][vc_empty_space height=&#8221;40px&#8221;]<style>.vcex-feature-box.vcex_69dc1b646f886{text-align:start;}.vcex-feature-box.vcex_69dc1b646f886 .vcex-feature-box-heading{font-size:32px;}@media (max-width:1024px){.vcex-feature-box.vcex_69dc1b646f886 .vcex-feature-box-heading{font-size:32px;}}@media (max-width:959px){.vcex-feature-box.vcex_69dc1b646f886 .vcex-feature-box-heading{font-size:32px;}}@media (max-width:767px){.vcex-feature-box.vcex_69dc1b646f886 .vcex-feature-box-heading{font-size:32px;}}@media (max-width:479px){.vcex-feature-box.vcex_69dc1b646f886 .vcex-feature-box-heading{font-size:32px;}}<\/style><div class=\"vcex-module vcex-feature-box vcex-feature-box--stackable wpex-flex wpex-flex-col wpex-md-flex-row wpex-justify-between wpex-gap-30 left-image-right-content vcex-phone-collapse vcex_69dc1b646f886\"><div class=\"vcex-feature-box-media wpex-md-w-50 wpex-md-text-left\"><div class=\"vcex-feature-box-image wpex-relative\"><img loading=\"lazy\" class=\"wpex-align-middle wpex-object-cover\" decoding=\"async\" src=\"https:\/\/inof.es\/wp-content\/uploads\/2017\/08\/femtosegundo.jpg\" alt=\"\" srcset=\"https:\/\/inof.es\/wp-content\/uploads\/2017\/08\/femtosegundo.jpg 1024w, https:\/\/inof.es\/wp-content\/uploads\/2017\/08\/femtosegundo-300x166.jpg 300w, https:\/\/inof.es\/wp-content\/uploads\/2017\/08\/femtosegundo-768x425.jpg 768w\" width=\"1024\" height=\"567\"><\/div><\/div><div class=\"vcex-feature-box-content wpex-md-w-50\"><h2 class=\"vcex-feature-box-heading wpex-heading wpex-mb-20\">Recerca cont\u00ednua amb alta tecnologia<\/h2><div class=\"vcex-feature-box-text wpex-last-mb-0 wpex-clr\"><p>L&#8217;Institut de Recerca i Cirurgia Ocular INOF <strong>posseeix l&#8217;\u00faltim en tecnologia<\/strong> i compta amb un personal altament qualificat. A m\u00e9s, dedica part de la seva tasca a la <strong>divulgaci\u00f3 i investigaci\u00f3<\/strong> relacionada amb l&#8217;oftalmologia.<\/p>\n<\/div><\/div><\/div>[\/vc_column][\/vc_row]\n<\/div>","protected":false},"excerpt":{"rendered":"<p>[vc_row full_width=&#8221;stretch_row&#8221; content_placement=&#8221;middle&#8221; parallax=&#8221;content-moving&#8221; wpex_bg_overlay=&#8221;color&#8221; css=&#8221;.vc_custom_1577991982871{background-image: url(https:\/\/inof.es\/wp-content\/uploads\/2017\/08\/que-es-inof.jpg?id=597) !important;background-position: center;background-repeat: no-repeat !important;background-size: cover !important;}&#8221; min_height=&#8221;400&#8243; visibility=&#8221;hidden-phone&#8221; wpex_bg_overlay_color=&#8221;#000000&#8243;][vc_column width=&#8221;1\/2&#8243;][\/vc_column][vc_column width=&#8221;1\/2&#8243;][vc_empty_space height=&#8221;40px&#8221;][vc_empty_space height=&#8221;20px&#8221;][vc_column_text css=&#8221;&#8221; font_size=&#8221;d:24|tl:21|tp:21|pl:18|pp:18&#8243; font_weight=&#8221;200&#8243;] L&#8217;Institut de Recerca i Cirurgia Ocular INOF \u00e9s una entitat privada dedicada a la investigaci\u00f3, prevenci\u00f3, diagn\u00f2stic i tractament de malalties oculars. [\/vc_column_text][\/vc_column][\/vc_row][vc_row full_width=&#8221;stretch_row&#8221; content_placement=&#8221;top&#8221; parallax=&#8221;content-moving&#8221; css=&#8221;.vc_custom_1510515929711{background-position: center;background-repeat: no-repeat !important;background-size: cover !important;}&#8221;&hellip;<\/p>\n","protected":false},"author":1,"featured_media":0,"parent":0,"menu_order":0,"comment_status":"closed","ping_status":"closed","template":"","meta":{"_joinchat":[],"footnotes":""},"class_list":["post-1117","page","type-page","status-publish","hentry","entry","no-media"],"yoast_head":"<!-- This site is optimized with the Yoast SEO plugin v26.8 - https:\/\/yoast.com\/product\/yoast-seo-wordpress\/ -->\n<title>Qu\u00e8 \u00e9s INOF? - Inof | Centro de investigaci\u00f3n y cirug\u00eda ocular<\/title>\n<meta name=\"description\" content=\"L&#039;Institut INOF de la Dra. Fdez-Agrafojo es dedica a la investigaci\u00f3, prevenci\u00f3, diagn\u00f2stic i tractament de malalties oculars\" \/>\n<meta name=\"robots\" content=\"index, follow, max-snippet:-1, max-image-preview:large, max-video-preview:-1\" \/>\n<link rel=\"canonical\" href=\"https:\/\/inof.es\/ca\/que-es-inof\/\" \/>\n<meta property=\"og:locale\" content=\"ca_ES\" \/>\n<meta property=\"og:type\" content=\"article\" \/>\n<meta property=\"og:title\" content=\"Qu\u00e8 \u00e9s INOF? - Inof | Centro de investigaci\u00f3n y cirug\u00eda ocular\" \/>\n<meta property=\"og:description\" content=\"L&#039;Institut INOF de la Dra. Fdez-Agrafojo es dedica a la investigaci\u00f3, prevenci\u00f3, diagn\u00f2stic i tractament de malalties oculars\" \/>\n<meta property=\"og:url\" content=\"https:\/\/inof.es\/ca\/que-es-inof\/\" \/>\n<meta property=\"og:site_name\" content=\"Inof | Centro de investigaci\u00f3n y cirug\u00eda ocular\" \/>\n<meta property=\"article:publisher\" content=\"https:\/\/www.facebook.com\/OftalmologiaINOF\/\" \/>\n<meta property=\"article:modified_time\" content=\"2024-05-23T19:06:27+00:00\" \/>\n<meta name=\"twitter:card\" content=\"summary_large_image\" \/>\n<meta name=\"twitter:label1\" content=\"Temps estimat de lectura\" \/>\n\t<meta name=\"twitter:data1\" content=\"3 minuts\" \/>\n<script type=\"application\/ld+json\" class=\"yoast-schema-graph\">{\"@context\":\"https:\/\/schema.org\",\"@graph\":[{\"@type\":\"WebPage\",\"@id\":\"https:\/\/inof.es\/ca\/que-es-inof\/\",\"url\":\"https:\/\/inof.es\/ca\/que-es-inof\/\",\"name\":\"Qu\u00e8 \u00e9s INOF? - Inof | Centro de investigaci\u00f3n y cirug\u00eda ocular\",\"isPartOf\":{\"@id\":\"https:\/\/inof.es\/ca\/#website\"},\"datePublished\":\"2017-08-11T09:43:41+00:00\",\"dateModified\":\"2024-05-23T19:06:27+00:00\",\"description\":\"L'Institut INOF de la Dra. Fdez-Agrafojo es dedica a la investigaci\u00f3, prevenci\u00f3, diagn\u00f2stic i tractament de malalties oculars\",\"breadcrumb\":{\"@id\":\"https:\/\/inof.es\/ca\/que-es-inof\/#breadcrumb\"},\"inLanguage\":\"ca\",\"potentialAction\":[{\"@type\":\"ReadAction\",\"target\":[\"https:\/\/inof.es\/ca\/que-es-inof\/\"]}]},{\"@type\":\"BreadcrumbList\",\"@id\":\"https:\/\/inof.es\/ca\/que-es-inof\/#breadcrumb\",\"itemListElement\":[{\"@type\":\"ListItem\",\"position\":1,\"name\":\"Portada\",\"item\":\"https:\/\/inof.es\/ca\/\"},{\"@type\":\"ListItem\",\"position\":2,\"name\":\"Qu\u00e8 \u00e9s INOF?\"}]},{\"@type\":\"WebSite\",\"@id\":\"https:\/\/inof.es\/ca\/#website\",\"url\":\"https:\/\/inof.es\/ca\/\",\"name\":\"Centro Inof | Dra. Fdez-Agrafojo\",\"description\":\"Especialistas en estrabismo y oftalmolog\u00eda infantil\",\"publisher\":{\"@id\":\"https:\/\/inof.es\/ca\/#organization\"},\"potentialAction\":[{\"@type\":\"SearchAction\",\"target\":{\"@type\":\"EntryPoint\",\"urlTemplate\":\"https:\/\/inof.es\/ca\/?s={search_term_string}\"},\"query-input\":{\"@type\":\"PropertyValueSpecification\",\"valueRequired\":true,\"valueName\":\"search_term_string\"}}],\"inLanguage\":\"ca\"},{\"@type\":\"Organization\",\"@id\":\"https:\/\/inof.es\/ca\/#organization\",\"name\":\"Centro INOF de la Dra. Fdez-Agrafojo\",\"url\":\"https:\/\/inof.es\/ca\/\",\"logo\":{\"@type\":\"ImageObject\",\"inLanguage\":\"ca\",\"@id\":\"https:\/\/inof.es\/ca\/#\/schema\/logo\/image\/\",\"url\":\"https:\/\/inof.es\/wp-content\/uploads\/2018\/10\/logo-agrafojo.png\",\"contentUrl\":\"https:\/\/inof.es\/wp-content\/uploads\/2018\/10\/logo-agrafojo.png\",\"width\":721,\"height\":332,\"caption\":\"Centro INOF de la Dra. Fdez-Agrafojo\"},\"image\":{\"@id\":\"https:\/\/inof.es\/ca\/#\/schema\/logo\/image\/\"},\"sameAs\":[\"https:\/\/www.facebook.com\/OftalmologiaINOF\/\",\"https:\/\/www.instagram.com\/inof_agrafojo\/\",\"https:\/\/www.linkedin.com\/in\/dora-fern\u00e1ndez-agrafojo\/?ppe=1\",\"https:\/\/www.youtube.com\/channel\/UCOK86vawyDB209S0-i8dFDg\/playlists\"]}]}<\/script>\n<!-- \/ Yoast SEO plugin. -->","yoast_head_json":{"title":"Qu\u00e8 \u00e9s INOF? - Inof | Centro de investigaci\u00f3n y cirug\u00eda ocular","description":"L'Institut INOF de la Dra. Fdez-Agrafojo es dedica a la investigaci\u00f3, prevenci\u00f3, diagn\u00f2stic i tractament de malalties oculars","robots":{"index":"index","follow":"follow","max-snippet":"max-snippet:-1","max-image-preview":"max-image-preview:large","max-video-preview":"max-video-preview:-1"},"canonical":"https:\/\/inof.es\/ca\/que-es-inof\/","og_locale":"ca_ES","og_type":"article","og_title":"Qu\u00e8 \u00e9s INOF? - Inof | Centro de investigaci\u00f3n y cirug\u00eda ocular","og_description":"L'Institut INOF de la Dra. Fdez-Agrafojo es dedica a la investigaci\u00f3, prevenci\u00f3, diagn\u00f2stic i tractament de malalties oculars","og_url":"https:\/\/inof.es\/ca\/que-es-inof\/","og_site_name":"Inof | Centro de investigaci\u00f3n y cirug\u00eda ocular","article_publisher":"https:\/\/www.facebook.com\/OftalmologiaINOF\/","article_modified_time":"2024-05-23T19:06:27+00:00","twitter_card":"summary_large_image","twitter_misc":{"Temps estimat de lectura":"3 minuts"},"schema":{"@context":"https:\/\/schema.org","@graph":[{"@type":"WebPage","@id":"https:\/\/inof.es\/ca\/que-es-inof\/","url":"https:\/\/inof.es\/ca\/que-es-inof\/","name":"Qu\u00e8 \u00e9s INOF? - Inof | Centro de investigaci\u00f3n y cirug\u00eda ocular","isPartOf":{"@id":"https:\/\/inof.es\/ca\/#website"},"datePublished":"2017-08-11T09:43:41+00:00","dateModified":"2024-05-23T19:06:27+00:00","description":"L'Institut INOF de la Dra. Fdez-Agrafojo es dedica a la investigaci\u00f3, prevenci\u00f3, diagn\u00f2stic i tractament de malalties oculars","breadcrumb":{"@id":"https:\/\/inof.es\/ca\/que-es-inof\/#breadcrumb"},"inLanguage":"ca","potentialAction":[{"@type":"ReadAction","target":["https:\/\/inof.es\/ca\/que-es-inof\/"]}]},{"@type":"BreadcrumbList","@id":"https:\/\/inof.es\/ca\/que-es-inof\/#breadcrumb","itemListElement":[{"@type":"ListItem","position":1,"name":"Portada","item":"https:\/\/inof.es\/ca\/"},{"@type":"ListItem","position":2,"name":"Qu\u00e8 \u00e9s INOF?"}]},{"@type":"WebSite","@id":"https:\/\/inof.es\/ca\/#website","url":"https:\/\/inof.es\/ca\/","name":"Centro Inof | Dra. Fdez-Agrafojo","description":"Especialistas en estrabismo y oftalmolog\u00eda infantil","publisher":{"@id":"https:\/\/inof.es\/ca\/#organization"},"potentialAction":[{"@type":"SearchAction","target":{"@type":"EntryPoint","urlTemplate":"https:\/\/inof.es\/ca\/?s={search_term_string}"},"query-input":{"@type":"PropertyValueSpecification","valueRequired":true,"valueName":"search_term_string"}}],"inLanguage":"ca"},{"@type":"Organization","@id":"https:\/\/inof.es\/ca\/#organization","name":"Centro INOF de la Dra. Fdez-Agrafojo","url":"https:\/\/inof.es\/ca\/","logo":{"@type":"ImageObject","inLanguage":"ca","@id":"https:\/\/inof.es\/ca\/#\/schema\/logo\/image\/","url":"https:\/\/inof.es\/wp-content\/uploads\/2018\/10\/logo-agrafojo.png","contentUrl":"https:\/\/inof.es\/wp-content\/uploads\/2018\/10\/logo-agrafojo.png","width":721,"height":332,"caption":"Centro INOF de la Dra. Fdez-Agrafojo"},"image":{"@id":"https:\/\/inof.es\/ca\/#\/schema\/logo\/image\/"},"sameAs":["https:\/\/www.facebook.com\/OftalmologiaINOF\/","https:\/\/www.instagram.com\/inof_agrafojo\/","https:\/\/www.linkedin.com\/in\/dora-fern\u00e1ndez-agrafojo\/?ppe=1","https:\/\/www.youtube.com\/channel\/UCOK86vawyDB209S0-i8dFDg\/playlists"]}]}},"_links":{"self":[{"href":"https:\/\/inof.es\/ca\/wp-json\/wp\/v2\/pages\/1117","targetHints":{"allow":["GET"]}}],"collection":[{"href":"https:\/\/inof.es\/ca\/wp-json\/wp\/v2\/pages"}],"about":[{"href":"https:\/\/inof.es\/ca\/wp-json\/wp\/v2\/types\/page"}],"author":[{"embeddable":true,"href":"https:\/\/inof.es\/ca\/wp-json\/wp\/v2\/users\/1"}],"replies":[{"embeddable":true,"href":"https:\/\/inof.es\/ca\/wp-json\/wp\/v2\/comments?post=1117"}],"version-history":[{"count":14,"href":"https:\/\/inof.es\/ca\/wp-json\/wp\/v2\/pages\/1117\/revisions"}],"predecessor-version":[{"id":4996,"href":"https:\/\/inof.es\/ca\/wp-json\/wp\/v2\/pages\/1117\/revisions\/4996"}],"wp:attachment":[{"href":"https:\/\/inof.es\/ca\/wp-json\/wp\/v2\/media?parent=1117"}],"curies":[{"name":"wp","href":"https:\/\/api.w.org\/{rel}","templated":true}]}}